{"id":1026,"date":"2012-02-07T12:06:14","date_gmt":"2012-02-07T12:06:14","guid":{"rendered":"https:\/\/u-store-portugal.com\/fahrzeug-einlagerung-algarve\/"},"modified":"2022-09-09T14:50:23","modified_gmt":"2022-09-09T14:50:23","slug":"fahrzeug-einlagerung-algarve","status":"publish","type":"page","link":"https:\/\/u-store-portugal.com\/de\/fahrzeug-einlagerung-algarve\/","title":{"rendered":"Praktische und sichere Unterbringung f\u00fcr Fahrr\u00e4der"},"content":{"rendered":"<p>[et_pb_section fb_built=&#8220;1&#8243; _builder_version=&#8220;4.16&#8243; global_colors_info=&#8220;{}&#8220;][et_pb_row column_structure=&#8220;3_5,2_5&#8243; _builder_version=&#8220;4.16&#8243; background_size=&#8220;initial&#8220; background_position=&#8220;top_left&#8220; background_repeat=&#8220;repeat&#8220; global_colors_info=&#8220;{}&#8220;][et_pb_column type=&#8220;3_5&#8243; _builder_version=&#8220;4.16&#8243; custom_padding=&#8220;|||&#8220; global_colors_info=&#8220;{}&#8220; custom_padding__hover=&#8220;|||&#8220;][et_pb_image src=&#8220;https:\/\/u-store-portugal.com\/wp-content\/uploads\/2022\/06\/Ustore-Bike-Storage-Lagos-Algarve-1-1024&#215;770.jpg&#8220; title_text=&#8220;Ustore Fahrradaufbewahrung Lagos Algarve (1)&#8220; align=&#8220;center&#8220; _builder_version=&#8220;4.17.4&#8243; _module_preset=&#8220;default&#8220; custom_css_main_element=&#8220;position: relative;&#8220; global_colors_info=&#8220;{}&#8220;][\/et_pb_image][et_pb_text _builder_version=&#8220;4.17.4&#8243; background_size=&#8220;initial&#8220; background_position=&#8220;top_left&#8220; background_repeat=&#8220;repeat&#8220; custom_padding=&#8220;15px|15px|15px|15px|true|true&#8220; hover_enabled=&#8220;0&#8243; custom_css_main_element=&#8220;position: absolute;||top: 0;||right:0;||bottom: 55%;||left: 0;||display: block;||text-shadow: 1px 1px 1px #ffffff;&#8220; global_colors_info=&#8220;{}&#8220; sticky_enabled=&#8220;0&#8243;]<\/p>\n<h1>Praktische und sichere Unterbringung f\u00fcr Fahrr\u00e4der<\/h1>\n<p>[\/et_pb_text][et_pb_text _builder_version=&#8220;4.17.3&#8243; background_size=&#8220;initial&#8220; background_position=&#8220;top_left&#8220; background_repeat=&#8220;repeat&#8220; global_colors_info=&#8220;{}&#8220;]<\/p>\n<p>Im U-Store Algarve k\u00f6nnen Sie unter besten Bedingungen preiswert und sicher Ihre Fahrr\u00e4der abstellen. Wir bieten praktische Kurzzeit- und Langzeit-Abstellm\u00f6glichkeiten mit dem h\u00f6chsten Level an Sicherheit und Schutz.<\/p>\n<p>Die U-Store Fahrradunterbringung ist sehr praktisch, wenn Sie Ihr Rad nicht in Benutzung haben In einem abgeschlossenen \u00fcberdachten Raum stehen Ihre R\u00e4der gesch\u00fctz und sicher.<\/p>\n<p>Unser Lagersystem ist f\u00fcr R\u00e4der konzipiert. Es ist praktisch und sicher. Die Fahrradunterbringung ist eine ideale L\u00f6sung, wenn Sie Ihr Rad \u2013 f\u00fcr kurze oder lange Zeit \u2013 nicht nutzen.<\/p>\n<p>Die U-Store Algarve Fahrradunterbringung in Lagos bietet eine sichere Abstellm\u00f6glichkeit f\u00fcr Ihre Fahrr\u00e4der. Sie befindet sich an unserem zweiten Standort, wo nur Zugang mit Termin besteht.<\/p>\n<p>[\/et_pb_text][\/et_pb_column][et_pb_column type=&#8220;2_5&#8243; _builder_version=&#8220;4.16&#8243; custom_padding=&#8220;|||&#8220; global_colors_info=&#8220;{}&#8220; custom_padding__hover=&#8220;|||&#8220;][et_pb_text admin_label=&#8220;Text&#8220; module_class=&#8220;ora-box&#8220; _builder_version=&#8220;3.0.74&#8243; text_orientation=&#8220;center&#8220; max_width_tablet=&#8220;50%&#8220; max_width_phone=&#8220;100%&#8220; max_width_last_edited=&#8220;on|phone&#8220; module_alignment=&#8220;center&#8220; custom_padding=&#8220;||30px|&#8220; global_module=&#8220;1311&#8243; saved_tabs=&#8220;all&#8220; global_colors_info=&#8220;{}&#8220;]<\/p>\n<h2><span style=\"color: #000000; font-size: x-large;\"><strong>Contact U-Store<\/strong><\/span><\/h2>\n<p><span style=\"color: #000000; font-size: large;\"><strong>Tel:<\/strong> (00351) \/ <a style=\"color: #000000;\" title=\"Call 2 U store Lagos Portugal\" href=\"tel:00351282798490\">282 798 490<\/a><\/span><\/p>\n<p><span style=\"color: #000000; font-size: large;\"><strong>Mobile:<\/strong> \u00a0(00351) \/ <a style=\"color: #000000;\" title=\"Call U store Lagos Portugal\" href=\"tel:00351917010365\">917 010 365<\/a><\/span><\/p>\n<p><span style=\"color: #000000; font-size: large;\"><strong>mail:<\/strong> <a style=\"color: #000000;\" title=\"Email U Store Lagos Portugal\" href=\"mailto:info@u-store-portugal.com\">info@u-store-portugal.com<\/a><\/span><\/p>\n<p>[\/et_pb_text][et_pb_text admin_label=&#8220;Text&#8220; module_class=&#8220;ora-box sid-bar&#8220; _builder_version=&#8220;4.16&#8243; text_orientation=&#8220;center&#8220; max_width_tablet=&#8220;50%&#8220; max_width_phone=&#8220;100%&#8220; max_width_last_edited=&#8220;on|phone&#8220; module_alignment=&#8220;center&#8220; global_module=&#8220;1314&#8243; saved_tabs=&#8220;all&#8220; global_colors_info=&#8220;{}&#8220;]<\/p>\n<p class=\"\"><span face=\"Cuprum, Helvetica, Arial, Lucida, sans-serif\" style=\"font-family: Cuprum, Helvetica, Arial, Lucida, sans-serif;\"><span style=\"font-size: 24px; text-transform: uppercase;\"><b>Individual Locked<br \/>\nStorage Units<br \/>\n<a href=\"https:\/\/u-store-portugal.com\/de\/for-home-and-for-business\/\"><img loading=\"lazy\" decoding=\"async\" src=\"https:\/\/u-store-portugal.com\/wp-content\/uploads\/2017\/08\/unit-20-Ustore-Lagos-Algarve-Portugal-Storage-Units.jpg\" width=\"1024\" height=\"765\" alt=\"\" class=\"wp-image-2059 alignnone size-full\" srcset=\"https:\/\/u-store-portugal.com\/wp-content\/uploads\/2017\/08\/unit-20-Ustore-Lagos-Algarve-Portugal-Storage-Units.jpg 1024w, https:\/\/u-store-portugal.com\/wp-content\/uploads\/2017\/08\/unit-20-Ustore-Lagos-Algarve-Portugal-Storage-Units-300x224.jpg 300w, https:\/\/u-store-portugal.com\/wp-content\/uploads\/2017\/08\/unit-20-Ustore-Lagos-Algarve-Portugal-Storage-Units-768x574.jpg 768w, https:\/\/u-store-portugal.com\/wp-content\/uploads\/2017\/08\/unit-20-Ustore-Lagos-Algarve-Portugal-Storage-Units-510x382.jpg 510w\" sizes=\"(max-width: 1024px) 100vw, 1024px\" \/><\/a><br \/>\n<\/b><\/span><\/span><\/p>\n<p>[\/et_pb_text][et_pb_text admin_label=&#8220;Text&#8220; module_class=&#8220;ora-box sid-bar&#8220; _builder_version=&#8220;4.17.3&#8243; text_orientation=&#8220;center&#8220; max_width_tablet=&#8220;50%&#8220; max_width_phone=&#8220;100%&#8220; max_width_last_edited=&#8220;on|phone&#8220; module_alignment=&#8220;center&#8220; global_module=&#8220;1313&#8243; saved_tabs=&#8220;all&#8220; global_colors_info=&#8220;{}&#8220;]<\/p>\n<h2 style=\"text-align: center;\"><span style=\"font-size: x-large;\"><a href=\"https:\/\/u-store-portugal.com\/de\/paletten-lagerung-2\/\" title=\"Pallet Storage\"><span style=\"color: #000000;\"><strong>pallet Storage<\/strong><\/span><\/a><\/span><\/h2>\n<p style=\"text-align: center;\" class=\"et-fb-mce-line-break-holder\"><a href=\"https:\/\/u-store-portugal.com\/de\/paletten-lagerung-2\/\" title=\"Pallet Storage\"><img loading=\"lazy\" decoding=\"async\" src=\"https:\/\/u-store-portugal.com\/wp-content\/uploads\/2017\/06\/Self_Storage_Algarve_Pallet_Storaget1-300x225.jpg\" width=\"300\" height=\"225\" alt=\"\" class=\"wp-image-1863 alignnone size-medium\" srcset=\"https:\/\/u-store-portugal.com\/wp-content\/uploads\/2017\/06\/Self_Storage_Algarve_Pallet_Storaget1-300x225.jpg 300w, https:\/\/u-store-portugal.com\/wp-content\/uploads\/2017\/06\/Self_Storage_Algarve_Pallet_Storaget1-768x576.jpg 768w, https:\/\/u-store-portugal.com\/wp-content\/uploads\/2017\/06\/Self_Storage_Algarve_Pallet_Storaget1-510x382.jpg 510w, https:\/\/u-store-portugal.com\/wp-content\/uploads\/2017\/06\/Self_Storage_Algarve_Pallet_Storaget1.jpg 800w\" sizes=\"(max-width: 300px) 100vw, 300px\" \/><\/a><\/p>\n<p>[\/et_pb_text][\/et_pb_column][\/et_pb_row][\/et_pb_section]<\/p>\n","protected":false},"excerpt":{"rendered":"<p>Praktische und sichere Unterbringung f\u00fcr Fahrr\u00e4derIm U-Store Algarve k\u00f6nnen Sie unter besten Bedingungen preiswert und sicher Ihre Fahrr\u00e4der abstellen. Wir bieten praktische Kurzzeit- und Langzeit-Abstellm\u00f6glichkeiten mit dem h\u00f6chsten Level an Sicherheit und Schutz. Die U-Store Fahrradunterbringung ist sehr praktisch, wenn Sie Ihr Rad nicht in Benutzung haben In einem abgeschlossenen \u00fcberdachten Raum stehen Ihre R\u00e4der [&hellip;]<\/p>\n","protected":false},"author":1,"featured_media":0,"parent":0,"menu_order":0,"comment_status":"closed","ping_status":"closed","template":"","meta":{"_seopress_robots_primary_cat":"","_seopress_titles_title":"Praktische und sichere Unterbringung f\u00fcr Fahrr\u00e4der Algarve - %%sitetitle%%","_seopress_titles_desc":"Im U-Store Algarve k\u00f6nnen Sie unter besten Bedingungen preiswert und sicher Ihre Fahrr\u00e4der abstellen. Wir bieten praktische Kurzzeit- und Langzeit-Abstellm\u00f6glichkeiten mit dem h\u00f6chsten Level an Sicherheit und Schutz.","_seopress_robots_index":"","_et_pb_use_builder":"on","_et_pb_old_content":"","_et_gb_content_width":"","footnotes":""},"class_list":["post-1026","page","type-page","status-publish","hentry"],"_links":{"self":[{"href":"https:\/\/u-store-portugal.com\/de\/wp-json\/wp\/v2\/pages\/1026","targetHints":{"allow":["GET"]}}],"collection":[{"href":"https:\/\/u-store-portugal.com\/de\/wp-json\/wp\/v2\/pages"}],"about":[{"href":"https:\/\/u-store-portugal.com\/de\/wp-json\/wp\/v2\/types\/page"}],"author":[{"embeddable":true,"href":"https:\/\/u-store-portugal.com\/de\/wp-json\/wp\/v2\/users\/1"}],"replies":[{"embeddable":true,"href":"https:\/\/u-store-portugal.com\/de\/wp-json\/wp\/v2\/comments?post=1026"}],"version-history":[{"count":5,"href":"https:\/\/u-store-portugal.com\/de\/wp-json\/wp\/v2\/pages\/1026\/revisions"}],"predecessor-version":[{"id":2683,"href":"https:\/\/u-store-portugal.com\/de\/wp-json\/wp\/v2\/pages\/1026\/revisions\/2683"}],"wp:attachment":[{"href":"https:\/\/u-store-portugal.com\/de\/wp-json\/wp\/v2\/media?parent=1026"}],"curies":[{"name":"wp","href":"https:\/\/api.w.org\/{rel}","templated":true}]}}