{"id":1374,"date":"2017-06-12T21:21:58","date_gmt":"2017-06-12T21:21:58","guid":{"rendered":"https:\/\/u-store-portugal.com\/start\/"},"modified":"2023-09-13T10:00:50","modified_gmt":"2023-09-13T10:00:50","slug":"start","status":"publish","type":"page","link":"https:\/\/u-store-portugal.com\/de\/","title":{"rendered":"Start"},"content":{"rendered":"<p>[et_pb_section fb_built=&#8220;1&#8243; admin_label=&#8220;section&#8220; _builder_version=&#8220;4.16&#8243; custom_padding=&#8220;0px|0px|54px|0px&#8220; global_colors_info=&#8220;{}&#8220;][et_pb_row column_structure=&#8220;2_3,1_3&#8243; use_custom_gutter=&#8220;on&#8220; gutter_width=&#8220;3&#8243; make_equal=&#8220;on&#8220; admin_label=&#8220;row&#8220; module_class=&#8220; et_pb_row_fullwidth&#8220; _builder_version=&#8220;4.21.0&#8243; background_size=&#8220;initial&#8220; background_position=&#8220;top_left&#8220; background_repeat=&#8220;repeat&#8220; width=&#8220;89%&#8220; width_tablet=&#8220;80%&#8220; width_phone=&#8220;80%&#8220; width_last_edited=&#8220;on|desktop&#8220; max_width=&#8220;89%&#8220; max_width_tablet=&#8220;80%&#8220; max_width_phone=&#8220;80%&#8220; max_width_last_edited=&#8220;on|desktop&#8220; custom_margin=&#8220;|||&#8220; custom_padding=&#8220;|||&#8220; hover_enabled=&#8220;0&#8243; make_fullwidth=&#8220;on&#8220; global_colors_info=&#8220;{}&#8220; sticky_enabled=&#8220;0&#8243;][et_pb_column type=&#8220;2_3&#8243; module_class=&#8220;ora-box&#8220; _builder_version=&#8220;4.16&#8243; custom_padding=&#8220;|||&#8220; custom_css_main_element=&#8220;||&#8220; global_colors_info=&#8220;{}&#8220; custom_padding__hover=&#8220;|||&#8220;][et_pb_slider show_arrows=&#8220;off&#8220; show_pagination=&#8220;off&#8220; _builder_version=&#8220;4.21.0&#8243; header_font=&#8220;|on|||&#8220; header_font_size=&#8220;32px&#8220; body_font=&#8220;|on|||&#8220; body_font_size=&#8220;24px&#8220; body_letter_spacing=&#8220;-1px&#8220; body_line_height=&#8220;1.3em&#8220; custom_button=&#8220;on&#8220; button_text_size=&#8220;14px&#8220; button_text_color=&#8220;#ffffff&#8220; button_bg_color=&#8220;#f99816&#8243; button_font=&#8220;|on|||&#8220; button_use_icon=&#8220;off&#8220; custom_padding=&#8220;25px|0px|25px|0px&#8220; custom_padding_tablet=&#8220;|||&#8220; custom_padding_phone=&#8220;|||&#8220; auto=&#8220;on&#8220; auto_ignore_hover=&#8220;on&#8220; hover_enabled=&#8220;0&#8243; custom_css_main_element=&#8220;background: #ffffff;||margin: 0px !important;||padding: 0px !important;||margin: 0px !important;||padding: 0px !important;&#8220; button_text_color_hover=&#8220;#ffffff&#8220; button_bg_color_hover=&#8220;#000000&#8243; top_padding=&#8220;25px&#8220; bottom_padding=&#8220;25px&#8220; remove_inner_shadow=&#8220;on&#8220; show_inner_shadow=&#8220;off&#8220; global_colors_info=&#8220;{}&#8220; button_text_size__hover_enabled=&#8220;off&#8220; button_one_text_size__hover_enabled=&#8220;off&#8220; button_two_text_size__hover_enabled=&#8220;off&#8220; button_text_color__hover_enabled=&#8220;on&#8220; button_text_color__hover=&#8220;#ffffff&#8220; button_one_text_color__hover_enabled=&#8220;off&#8220; button_two_text_color__hover_enabled=&#8220;off&#8220; button_border_width__hover_enabled=&#8220;off&#8220; button_one_border_width__hover_enabled=&#8220;off&#8220; button_two_border_width__hover_enabled=&#8220;off&#8220; button_border_color__hover_enabled=&#8220;off&#8220; button_one_border_color__hover_enabled=&#8220;off&#8220; button_two_border_color__hover_enabled=&#8220;off&#8220; button_border_radius__hover_enabled=&#8220;off&#8220; button_one_border_radius__hover_enabled=&#8220;off&#8220; button_two_border_radius__hover_enabled=&#8220;off&#8220; button_letter_spacing__hover_enabled=&#8220;off&#8220; button_one_letter_spacing__hover_enabled=&#8220;off&#8220; button_two_letter_spacing__hover_enabled=&#8220;off&#8220; button_bg_color__hover_enabled=&#8220;on&#8220; button_bg_color__hover=&#8220;#000000&#8243; button_one_bg_color__hover_enabled=&#8220;off&#8220; button_two_bg_color__hover_enabled=&#8220;off&#8220; sticky_enabled=&#8220;0&#8243;][et_pb_slide heading=&#8220;Brauchen Sie Stauraum&#8220; button_text=&#8220;(00351) \/ 282 798 490&#8243; button_link=&#8220;https:\/\/u-store-portugal.com\/de\/kontakt\/&#8220; image=&#8220;https:\/\/u-store-portugal.com\/wp-content\/uploads\/2012\/01\/Self-Storage-Algarve-units.jpg&#8220; use_bg_overlay=&#8220;off&#8220; use_text_overlay=&#8220;off&#8220; _builder_version=&#8220;4.16&#8243; header_text_color=&#8220;#000000&#8243; header_font_size=&#8220;36px&#8220; header_line_height=&#8220;1.3em&#8220; body_font=&#8220;||||&#8220; background_color=&#8220;#ffffff&#8220; background_image=&#8220;https:\/\/u-store-portugal.com\/wp-content\/uploads\/2017\/06\/Slider-Background-3.png&#8220; background_position=&#8220;center_left&#8220; background_blend=&#8220;multiply&#8220; background_layout=&#8220;light&#8220; custom_css_main_element=&#8220;margin-top: 0px;||margin-bottom: 0px;||&#8220; global_colors_info=&#8220;{}&#8220; button_text_size__hover_enabled=&#8220;off&#8220; button_one_text_size__hover_enabled=&#8220;off&#8220; button_two_text_size__hover_enabled=&#8220;off&#8220; button_text_color__hover_enabled=&#8220;off&#8220; button_one_text_color__hover_enabled=&#8220;off&#8220; button_two_text_color__hover_enabled=&#8220;off&#8220; button_border_width__hover_enabled=&#8220;off&#8220; button_one_border_width__hover_enabled=&#8220;off&#8220; button_two_border_width__hover_enabled=&#8220;off&#8220; button_border_color__hover_enabled=&#8220;off&#8220; button_one_border_color__hover_enabled=&#8220;off&#8220; button_two_border_color__hover_enabled=&#8220;off&#8220; button_border_radius__hover_enabled=&#8220;off&#8220; button_one_border_radius__hover_enabled=&#8220;off&#8220; button_two_border_radius__hover_enabled=&#8220;off&#8220; button_letter_spacing__hover_enabled=&#8220;off&#8220; button_one_letter_spacing__hover_enabled=&#8220;off&#8220; button_two_letter_spacing__hover_enabled=&#8220;off&#8220; button_bg_color__hover_enabled=&#8220;off&#8220; button_one_bg_color__hover_enabled=&#8220;off&#8220; button_two_bg_color__hover_enabled=&#8220;off&#8220; sticky_transition=&#8220;on&#8220;]<\/p>\n<p>U-Store kann Helfen kontaktieren Sie heute<\/p>\n<p>[\/et_pb_slide][et_pb_slide heading=&#8220;Selbst &#8211; Lagerung&#8220; button_text=&#8220;(00351) \/ 282 798 490&#8243; button_link=&#8220;https:\/\/u-store-portugal.com\/de\/kontakt\/&#8220; image=&#8220;https:\/\/u-store-portugal.com\/wp-content\/uploads\/2017\/06\/self-storage-algarve_slide2.jpg&#8220; use_bg_overlay=&#8220;off&#8220; use_text_overlay=&#8220;off&#8220; _builder_version=&#8220;4.16&#8243; header_font_size=&#8220;36px&#8220; header_line_height=&#8220;1.3em&#8220; body_font=&#8220;||||&#8220; background_color=&#8220;#ffffff&#8220; background_image=&#8220;https:\/\/u-store-portugal.com\/wp-content\/uploads\/2017\/06\/Slider-Background-3.png&#8220; background_position=&#8220;center_left&#8220; background_layout=&#8220;light&#8220; custom_css_main_element=&#8220;margin-top: 0px;||margin-bottom: 0px;||&#8220; global_colors_info=&#8220;{}&#8220; button_text_size__hover_enabled=&#8220;off&#8220; button_one_text_size__hover_enabled=&#8220;off&#8220; button_two_text_size__hover_enabled=&#8220;off&#8220; button_text_color__hover_enabled=&#8220;off&#8220; button_one_text_color__hover_enabled=&#8220;off&#8220; button_two_text_color__hover_enabled=&#8220;off&#8220; button_border_width__hover_enabled=&#8220;off&#8220; button_one_border_width__hover_enabled=&#8220;off&#8220; button_two_border_width__hover_enabled=&#8220;off&#8220; button_border_color__hover_enabled=&#8220;off&#8220; button_one_border_color__hover_enabled=&#8220;off&#8220; button_two_border_color__hover_enabled=&#8220;off&#8220; button_border_radius__hover_enabled=&#8220;off&#8220; button_one_border_radius__hover_enabled=&#8220;off&#8220; button_two_border_radius__hover_enabled=&#8220;off&#8220; button_letter_spacing__hover_enabled=&#8220;off&#8220; button_one_letter_spacing__hover_enabled=&#8220;off&#8220; button_two_letter_spacing__hover_enabled=&#8220;off&#8220; button_bg_color__hover_enabled=&#8220;off&#8220; button_one_bg_color__hover_enabled=&#8220;off&#8220; button_two_bg_color__hover_enabled=&#8220;off&#8220; sticky_transition=&#8220;on&#8220;]<\/p>\n<p>W\u00f6chentlich, Monatlich, J\u00e4hrlich, Keine versteckten Geb\u00fchren<\/p>\n<p>[\/et_pb_slide][et_pb_slide heading=&#8220;Einzelne Einheiten geschlossen&#8220; button_text=&#8220;(00351) \/ 282 798 490&#8243; button_link=&#8220;https:\/\/u-store-portugal.com\/de\/kontakt\/&#8220; image=&#8220;https:\/\/u-store-portugal.com\/wp-content\/uploads\/2017\/08\/unit-20-Ustore-Lagos-Algarve-Portugal-Storage-Units.jpg&#8220; use_bg_overlay=&#8220;off&#8220; use_text_overlay=&#8220;off&#8220; _builder_version=&#8220;4.16&#8243; header_font_size=&#8220;36px&#8220; header_line_height=&#8220;1.3em&#8220; body_font=&#8220;||||&#8220; background_color=&#8220;#ffffff&#8220; background_image=&#8220;https:\/\/u-store-portugal.com\/wp-content\/uploads\/2017\/06\/Slider-Background-3.png&#8220; background_position=&#8220;center_left&#8220; background_blend=&#8220;multiply&#8220; background_layout=&#8220;light&#8220; custom_css_main_element=&#8220;margin-top: 0px;||margin-bottom: 0px;||&#8220; global_colors_info=&#8220;{}&#8220; button_text_size__hover_enabled=&#8220;off&#8220; button_one_text_size__hover_enabled=&#8220;off&#8220; button_two_text_size__hover_enabled=&#8220;off&#8220; button_text_color__hover_enabled=&#8220;off&#8220; button_one_text_color__hover_enabled=&#8220;off&#8220; button_two_text_color__hover_enabled=&#8220;off&#8220; button_border_width__hover_enabled=&#8220;off&#8220; button_one_border_width__hover_enabled=&#8220;off&#8220; button_two_border_width__hover_enabled=&#8220;off&#8220; button_border_color__hover_enabled=&#8220;off&#8220; button_one_border_color__hover_enabled=&#8220;off&#8220; button_two_border_color__hover_enabled=&#8220;off&#8220; button_border_radius__hover_enabled=&#8220;off&#8220; button_one_border_radius__hover_enabled=&#8220;off&#8220; button_two_border_radius__hover_enabled=&#8220;off&#8220; button_letter_spacing__hover_enabled=&#8220;off&#8220; button_one_letter_spacing__hover_enabled=&#8220;off&#8220; button_two_letter_spacing__hover_enabled=&#8220;off&#8220; button_bg_color__hover_enabled=&#8220;off&#8220; button_one_bg_color__hover_enabled=&#8220;off&#8220; button_two_bg_color__hover_enabled=&#8220;off&#8220; sticky_transition=&#8220;on&#8220;]<\/p>\n<p>Trocken, sauber und sicher<\/p>\n<p>[\/et_pb_slide][et_pb_slide heading=&#8220;Zugang t\u00e4glich&#8220; button_text=&#8220;(00351) \/ 282 798 490&#8243; button_link=&#8220;https:\/\/u-store-portugal.com\/de\/kontakt\/&#8220; image=&#8220;https:\/\/u-store-portugal.com\/wp-content\/uploads\/2017\/06\/self-storage-algarve_slide6.jpg&#8220; use_bg_overlay=&#8220;off&#8220; use_text_overlay=&#8220;off&#8220; _builder_version=&#8220;4.21.0&#8243; header_font_size=&#8220;36px&#8220; header_line_height=&#8220;1.3em&#8220; body_font=&#8220;||||&#8220; background_color=&#8220;#ffffff&#8220; background_image=&#8220;https:\/\/u-store-portugal.com\/wp-content\/uploads\/2017\/06\/Slider-Background-3.png&#8220; background_position=&#8220;center_left&#8220; background_blend=&#8220;multiply&#8220; background_layout=&#8220;light&#8220; hover_enabled=&#8220;0&#8243; custom_css_main_element=&#8220;margin-top: 0px;||margin-bottom: 0px;||&#8220; global_colors_info=&#8220;{}&#8220; button_text_size__hover_enabled=&#8220;off&#8220; button_one_text_size__hover_enabled=&#8220;off&#8220; button_two_text_size__hover_enabled=&#8220;off&#8220; button_text_color__hover_enabled=&#8220;off&#8220; button_one_text_color__hover_enabled=&#8220;off&#8220; button_two_text_color__hover_enabled=&#8220;off&#8220; button_border_width__hover_enabled=&#8220;off&#8220; button_one_border_width__hover_enabled=&#8220;off&#8220; button_two_border_width__hover_enabled=&#8220;off&#8220; button_border_color__hover_enabled=&#8220;off&#8220; button_one_border_color__hover_enabled=&#8220;off&#8220; button_two_border_color__hover_enabled=&#8220;off&#8220; button_border_radius__hover_enabled=&#8220;off&#8220; button_one_border_radius__hover_enabled=&#8220;off&#8220; button_two_border_radius__hover_enabled=&#8220;off&#8220; button_letter_spacing__hover_enabled=&#8220;off&#8220; button_one_letter_spacing__hover_enabled=&#8220;off&#8220; button_two_letter_spacing__hover_enabled=&#8220;off&#8220; button_bg_color__hover_enabled=&#8220;off&#8220; button_one_bg_color__hover_enabled=&#8220;off&#8220; button_two_bg_color__hover_enabled=&#8220;off&#8220; sticky_transition=&#8220;on&#8220; sticky_enabled=&#8220;0&#8243;]<\/p>\n<p>Lagerung f\u00fcr Zuhause und Unternehmen<\/p>\n<p>[\/et_pb_slide][et_pb_slide heading=&#8220; Einfacher Zugriff Freundliches Personal&#8220; button_text=&#8220;(00351) \/ 282 798 490&#8243; button_link=&#8220;https:\/\/u-store-portugal.com\/de\/kontakt\/&#8220; image=&#8220;https:\/\/u-store-portugal.com\/wp-content\/uploads\/2017\/06\/self-storage-algarve_slide4.jpg&#8220; use_bg_overlay=&#8220;off&#8220; use_text_overlay=&#8220;off&#8220; _builder_version=&#8220;4.16&#8243; header_font=&#8220;||||&#8220; header_font_size=&#8220;36px&#8220; header_line_height=&#8220;1.3em&#8220; body_font=&#8220;||||&#8220; background_color=&#8220;#ffffff&#8220; background_image=&#8220;https:\/\/u-store-portugal.com\/wp-content\/uploads\/2017\/06\/Slider-Background-3.png&#8220; background_position=&#8220;center_left&#8220; background_blend=&#8220;multiply&#8220; button_icon_placement=&#8220;right&#8220; button_on_hover=&#8220;on&#8220; background_layout=&#8220;light&#8220; header_font_size_tablet=&#8220;36px&#8220; header_font_size_phone=&#8220;36px&#8220; header_line_height_tablet=&#8220;1.3em&#8220; header_line_height_phone=&#8220;1.3em&#8220; custom_css_main_element=&#8220;margin-top: 0px;||margin-bottom: 0px;||&#8220; global_colors_info=&#8220;{}&#8220; button_text_size__hover_enabled=&#8220;off&#8220; button_one_text_size__hover_enabled=&#8220;off&#8220; button_two_text_size__hover_enabled=&#8220;off&#8220; button_text_color__hover_enabled=&#8220;off&#8220; button_one_text_color__hover_enabled=&#8220;off&#8220; button_two_text_color__hover_enabled=&#8220;off&#8220; button_border_width__hover_enabled=&#8220;off&#8220; button_one_border_width__hover_enabled=&#8220;off&#8220; button_two_border_width__hover_enabled=&#8220;off&#8220; button_border_color__hover_enabled=&#8220;off&#8220; button_one_border_color__hover_enabled=&#8220;off&#8220; button_two_border_color__hover_enabled=&#8220;off&#8220; button_border_radius__hover_enabled=&#8220;off&#8220; button_one_border_radius__hover_enabled=&#8220;off&#8220; button_two_border_radius__hover_enabled=&#8220;off&#8220; button_letter_spacing__hover_enabled=&#8220;off&#8220; button_one_letter_spacing__hover_enabled=&#8220;off&#8220; button_two_letter_spacing__hover_enabled=&#8220;off&#8220; button_bg_color__hover_enabled=&#8220;off&#8220; button_one_bg_color__hover_enabled=&#8220;off&#8220; button_two_bg_color__hover_enabled=&#8220;off&#8220; sticky_transition=&#8220;on&#8220;]<\/p>\n<p>Vollst\u00e4ndig isolierte Anlagen<\/p>\n<p>[\/et_pb_slide][\/et_pb_slider][et_pb_text module_class=&#8220;blk-box&#8220; _builder_version=&#8220;4.16&#8243; text_orientation=&#8220;center&#8220; background_layout=&#8220;dark&#8220; module_alignment=&#8220;center&#8220; custom_margin=&#8220;0px||0px|&#8220; custom_padding=&#8220;5px|5px|5px|5px&#8220; global_colors_info=&#8220;{}&#8220;]<\/p>\n<h2 style=\"text-align: center;\"><span style=\"font-size: xx-large;\">Brauchen Sie Speicherplatz? <\/span><a class=\"wht-btn\" href=\"https:\/\/u-store-portugal.com\/de\/kontakt\/\">Kontakt<\/a><\/h2>\n<h2 style=\"text-align: center;\"><span style=\"font-size: x-large;\">U STORE SELBST LAGER LAGOS, ALGARVE<\/span><\/h2>\n<p>[\/et_pb_text][et_pb_text _builder_version=&#8220;4.21.0&#8243; custom_padding=&#8220;30px|30px|30px|30px&#8220; custom_padding_tablet=&#8220;&#8220; custom_padding_phone=&#8220;5px|5px|5px|5px&#8220; custom_padding_last_edited=&#8220;on|phone&#8220; hover_enabled=&#8220;0&#8243; global_colors_info=&#8220;{}&#8220; sticky_enabled=&#8220;0&#8243;]<\/p>\n<h1>U-Store Self-Storage bietet Ihnen kosteng\u00fcnstige Lagerm\u00f6glichkeiten<\/h1>\n<h2>DIE BESTEN BEDINGUNGEN F\u00dcR DIE LAGERUNG IHRER WAREN<\/h2>\n<h3>WIR SIND DIE NR. 1 F\u00dcR LAGERUNG ALGARVE PORTUGAL:\u00a0<\/h3>\n<ul>\n<li>Bei U-STORE k\u00f6nnen Sie praktisch alles lagern, solange es nicht brennbar, explosiv, verderblich oder illegal ist<\/li>\n<li>Einzelne Einheiten verf\u00fcgbar von 1,5 m\u00b2 (4 m\u00b3) bis 17 m\u00b2 (48 m\u00b3) oder mehr.<\/li>\n<li>Palettenlager und Gro\u00dfraumlager vorhanden.<\/li>\n<li>W\u00f6chentliche, monatliche, j\u00e4hrliche Vermietung.<\/li>\n<li>Sie zahlen nur f\u00fcr den Platz, den Sie ben\u00f6tigen.<\/li>\n<li>\n<p>Keine versteckten Kosten. (Keine Servicegeb\u00fchr, keine Wartungskosten.)<\/p>\n<\/li>\n<li>\n<p>Trockene, saubere und sichere R\u00e4umlichkeiten.<\/p>\n<\/li>\n<li>Vollst\u00e4ndig isolierte W\u00e4nde und Decke.<\/li>\n<li>\n<p>Ihr eigener Schl\u00fcssel.<\/p>\n<\/li>\n<li>\n<p>T\u00e4glicher Zugang.<\/p>\n<\/li>\n<li>\n<p>Trolleys, Hubwagen und Gabelstaplerservice stehen kostenlos zur Verf\u00fcgung.<\/p>\n<\/li>\n<li>\n<p>Versicherungsdienstleistung erbracht.<\/p>\n<\/li>\n<li>Warenannahme und Versand nach Vereinbarung.<\/li>\n<li>\n<p>Verpackungsmaterial zu verkaufen.<\/p>\n<\/li>\n<li>Kontakte zu Transportunternehmen.<\/li>\n<\/ul>\n<h3>Wir beraten Sie gerne zu Ihrem Lagerbedarf.<\/h3>\n<h3>Bitte z\u00f6gern Sie nicht uns zu kontaktieren.<\/h3>\n<h3><strong>\u00d6ffnungszeiten<\/strong> \u00a0<\/p>\n<h4>Montag bis Freitag: 10-14 Uhr.<\/h4>\n<p><\/h3>\n<p>F\u00fcr die Kunden des U-Stores kann der Zugriff auf Ihre Waren au\u00dferhalb der B\u00fcrozeiten mit einer Vorank\u00fcndigung von mindestens 24 Stunden (einschlie\u00dflich Wochenende) vereinbart werden.<\/p>\n<p>[\/et_pb_text][\/et_pb_column][et_pb_column type=&#8220;1_3&#8243; _builder_version=&#8220;4.16&#8243; custom_padding=&#8220;|||&#8220; global_colors_info=&#8220;{}&#8220; custom_padding__hover=&#8220;|||&#8220;][et_pb_text admin_label=&#8220;Text&#8220; module_class=&#8220;ora-box&#8220; _builder_version=&#8220;3.0.74&#8243; text_orientation=&#8220;center&#8220; max_width_tablet=&#8220;50%&#8220; max_width_phone=&#8220;100%&#8220; max_width_last_edited=&#8220;on|phone&#8220; module_alignment=&#8220;center&#8220; custom_padding=&#8220;||30px|&#8220; global_module=&#8220;1311&#8243; saved_tabs=&#8220;all&#8220; global_colors_info=&#8220;{}&#8220;]<\/p>\n<h2><span style=\"color: #000000; font-size: x-large;\"><strong>Contact U-Store<\/strong><\/span><\/h2>\n<p><span style=\"color: #000000; font-size: large;\"><strong>Tel:<\/strong> (00351) \/ <a style=\"color: #000000;\" title=\"Call 2 U store Lagos Portugal\" href=\"tel:00351282798490\">282 798 490<\/a><\/span><\/p>\n<p><span style=\"color: #000000; font-size: large;\"><strong>Mobile:<\/strong> \u00a0(00351) \/ <a style=\"color: #000000;\" title=\"Call U store Lagos Portugal\" href=\"tel:00351917010365\">917 010 365<\/a><\/span><\/p>\n<p><span style=\"color: #000000; font-size: large;\"><strong>mail:<\/strong> <a style=\"color: #000000;\" title=\"Email U Store Lagos Portugal\" href=\"mailto:info@u-store-portugal.com\">info@u-store-portugal.com<\/a><\/span><\/p>\n<p>[\/et_pb_text][et_pb_text admin_label=&#8220;Text&#8220; module_class=&#8220;ora-box&#8220; _builder_version=&#8220;3.0.74&#8243; text_orientation=&#8220;center&#8220; max_width_tablet=&#8220;50%&#8220; max_width_phone=&#8220;100%&#8220; max_width_last_edited=&#8220;on|tablet&#8220; module_alignment=&#8220;center&#8220; global_module=&#8220;1312&#8243; saved_tabs=&#8220;all&#8220; global_colors_info=&#8220;{}&#8220;]<\/p>\n<h2 style=\"text-align: center;\"><span style=\"color: #000000; font-size: x-large;\"><strong>Find us on Google Maps<\/strong><\/span><\/h2>\n<p style=\"text-align: center;\" class=\"et-fb-mce-line-break-holder\"><span style=\"color: #000000; font-size: x-large;\"><strong><a href=\"https:\/\/www.google.com\/maps\/dir\/''\/u+store+lagos\/data=!4m5!4m4!1m0!1m2!1m1!1s0xd1b30231709c8ad:0x4165fda28d30421b?sa=X&#038;ved=0ahUKEwiFhenF8bjUAhWJhRoKHYsyAoIQ9RcIdzAM\" target=\"_blank\" rel=\"noopener noreferrer\"><img loading=\"lazy\" decoding=\"async\" class=\"wp-image-268 alignnone size-medium\" src=\"https:\/\/u-store-portugal.com\/wp-content\/uploads\/2012\/02\/Self_Storage_Algarve_map_thmb1-300x228.jpg\" alt=\"\" width=\"300\" height=\"228\" srcset=\"https:\/\/u-store-portugal.com\/wp-content\/uploads\/2012\/02\/Self_Storage_Algarve_map_thmb1-300x228.jpg 300w, https:\/\/u-store-portugal.com\/wp-content\/uploads\/2012\/02\/Self_Storage_Algarve_map_thmb1.jpg 975w\" sizes=\"(max-width: 300px) 100vw, 300px\" \/><\/a><\/strong><\/span><\/p>\n<p>[\/et_pb_text][et_pb_text admin_label=&#8220;Text&#8220; module_class=&#8220;ora-box sid-bar&#8220; _builder_version=&#8220;4.16&#8243; text_orientation=&#8220;center&#8220; max_width_tablet=&#8220;50%&#8220; max_width_phone=&#8220;100%&#8220; max_width_last_edited=&#8220;on|phone&#8220; module_alignment=&#8220;center&#8220; global_module=&#8220;1314&#8243; saved_tabs=&#8220;all&#8220; global_colors_info=&#8220;{}&#8220;]<\/p>\n<p class=\"\"><span face=\"Cuprum, Helvetica, Arial, Lucida, sans-serif\" style=\"font-family: Cuprum, Helvetica, Arial, Lucida, sans-serif;\"><span style=\"font-size: 24px; text-transform: uppercase;\"><b>Individual Locked<br \/>\nStorage Units<br \/>\n<a href=\"https:\/\/u-store-portugal.com\/de\/for-home-and-for-business\/\"><img loading=\"lazy\" decoding=\"async\" src=\"https:\/\/u-store-portugal.com\/wp-content\/uploads\/2017\/08\/unit-20-Ustore-Lagos-Algarve-Portugal-Storage-Units.jpg\" width=\"1024\" height=\"765\" alt=\"\" class=\"wp-image-2059 alignnone size-full\" srcset=\"https:\/\/u-store-portugal.com\/wp-content\/uploads\/2017\/08\/unit-20-Ustore-Lagos-Algarve-Portugal-Storage-Units.jpg 1024w, https:\/\/u-store-portugal.com\/wp-content\/uploads\/2017\/08\/unit-20-Ustore-Lagos-Algarve-Portugal-Storage-Units-300x224.jpg 300w, https:\/\/u-store-portugal.com\/wp-content\/uploads\/2017\/08\/unit-20-Ustore-Lagos-Algarve-Portugal-Storage-Units-768x574.jpg 768w, https:\/\/u-store-portugal.com\/wp-content\/uploads\/2017\/08\/unit-20-Ustore-Lagos-Algarve-Portugal-Storage-Units-510x382.jpg 510w\" sizes=\"(max-width: 1024px) 100vw, 1024px\" \/><\/a><br \/>\n<\/b><\/span><\/span><\/p>\n<p>[\/et_pb_text][et_pb_text admin_label=&#8220;Text&#8220; module_class=&#8220;ora-box sid-bar&#8220; _builder_version=&#8220;4.17.3&#8243; text_orientation=&#8220;center&#8220; max_width_tablet=&#8220;50%&#8220; max_width_phone=&#8220;100%&#8220; max_width_last_edited=&#8220;on|phone&#8220; module_alignment=&#8220;center&#8220; global_module=&#8220;1313&#8243; saved_tabs=&#8220;all&#8220; global_colors_info=&#8220;{}&#8220;]<\/p>\n<h2 style=\"text-align: center;\"><span style=\"font-size: x-large;\"><a href=\"https:\/\/u-store-portugal.com\/de\/paletten-lagerung-2\/\" title=\"Pallet Storage\"><span style=\"color: #000000;\"><strong>pallet Storage<\/strong><\/span><\/a><\/span><\/h2>\n<p style=\"text-align: center;\" class=\"et-fb-mce-line-break-holder\"><a href=\"https:\/\/u-store-portugal.com\/de\/paletten-lagerung-2\/\" title=\"Pallet Storage\"><img loading=\"lazy\" decoding=\"async\" src=\"https:\/\/u-store-portugal.com\/wp-content\/uploads\/2017\/06\/Self_Storage_Algarve_Pallet_Storaget1-300x225.jpg\" width=\"300\" height=\"225\" alt=\"\" class=\"wp-image-1863 alignnone size-medium\" srcset=\"https:\/\/u-store-portugal.com\/wp-content\/uploads\/2017\/06\/Self_Storage_Algarve_Pallet_Storaget1-300x225.jpg 300w, https:\/\/u-store-portugal.com\/wp-content\/uploads\/2017\/06\/Self_Storage_Algarve_Pallet_Storaget1-768x576.jpg 768w, https:\/\/u-store-portugal.com\/wp-content\/uploads\/2017\/06\/Self_Storage_Algarve_Pallet_Storaget1-510x382.jpg 510w, https:\/\/u-store-portugal.com\/wp-content\/uploads\/2017\/06\/Self_Storage_Algarve_Pallet_Storaget1.jpg 800w\" sizes=\"(max-width: 300px) 100vw, 300px\" \/><\/a><\/p>\n<p>[\/et_pb_text][et_pb_text module_class=&#8220;ora-box sid-bar&#8220; _builder_version=&#8220;4.17.4&#8243; _module_preset=&#8220;default&#8220; text_orientation=&#8220;center&#8220; max_width_tablet=&#8220;50%&#8220; max_width_phone=&#8220;100%&#8220; max_width_last_edited=&#8220;on|phone&#8220; module_alignment=&#8220;center&#8220; link_option_url=&#8220;https:\/\/u-store-portugal.com\/de\/fahrzeug-einlagerung-algarve\/&#8220; global_colors_info=&#8220;{}&#8220;]<\/p>\n<h2 style=\"text-align: center;\"><span style=\"font-size: x-large;\"><a title=\"Pallet Storage\" href=\"https:\/\/u-store-portugal.com\/de\/fahrzeug-einlagerung-algarve\/\"><span style=\"color: #000000;\"><strong>Fahrradaufbewahrung<\/strong><\/span><\/a><\/span><\/h2>\n<p><a href=\"https:\/\/u-store-portugal.com\/de\/fahrzeug-einlagerung-algarve\/\"><img loading=\"lazy\" decoding=\"async\" class=\"wp-image-2605 alignnone size-full\" style=\"display: block; margin-left: auto; margin-right: auto;\" src=\"https:\/\/u-store-portugal.com\/wp-content\/uploads\/2022\/06\/Ustore-Bike-Storage-Lagos-Algarve-1.jpg\" alt=\"\" width=\"300\" height=\"451\" \/><\/a><\/p>\n<p>[\/et_pb_text][\/et_pb_column][\/et_pb_row][\/et_pb_section]<\/p>\n","protected":false},"excerpt":{"rendered":"<p>U-Store kann Helfen kontaktieren Sie heuteW\u00f6chentlich, Monatlich, J\u00e4hrlich, Keine versteckten Geb\u00fchrenTrocken, sauber und sicher Lagerung f\u00fcr Zuhause und UnternehmenVollst\u00e4ndig isolierte Anlagen Brauchen Sie Speicherplatz? Kontakt U STORE SELBST LAGER LAGOS, ALGARVEU-Store Self-Storage bietet Ihnen kosteng\u00fcnstige Lagerm\u00f6glichkeiten DIE BESTEN BEDINGUNGEN F\u00dcR DIE LAGERUNG IHRER WAREN WIR SIND DIE NR. 1 F\u00dcR LAGERUNG ALGARVE PORTUGAL:\u00a0 Bei U-STORE [&hellip;]<\/p>\n","protected":false},"author":1,"featured_media":0,"parent":0,"menu_order":0,"comment_status":"closed","ping_status":"closed","template":"","meta":{"_seopress_robots_primary_cat":"","_seopress_titles_title":"","_seopress_titles_desc":"","_seopress_robots_index":"","_et_pb_use_builder":"on","_et_pb_old_content":"","_et_gb_content_width":"","footnotes":""},"class_list":["post-1374","page","type-page","status-publish","hentry"],"_links":{"self":[{"href":"https:\/\/u-store-portugal.com\/de\/wp-json\/wp\/v2\/pages\/1374","targetHints":{"allow":["GET"]}}],"collection":[{"href":"https:\/\/u-store-portugal.com\/de\/wp-json\/wp\/v2\/pages"}],"about":[{"href":"https:\/\/u-store-portugal.com\/de\/wp-json\/wp\/v2\/types\/page"}],"author":[{"embeddable":true,"href":"https:\/\/u-store-portugal.com\/de\/wp-json\/wp\/v2\/users\/1"}],"replies":[{"embeddable":true,"href":"https:\/\/u-store-portugal.com\/de\/wp-json\/wp\/v2\/comments?post=1374"}],"version-history":[{"count":5,"href":"https:\/\/u-store-portugal.com\/de\/wp-json\/wp\/v2\/pages\/1374\/revisions"}],"predecessor-version":[{"id":2715,"href":"https:\/\/u-store-portugal.com\/de\/wp-json\/wp\/v2\/pages\/1374\/revisions\/2715"}],"wp:attachment":[{"href":"https:\/\/u-store-portugal.com\/de\/wp-json\/wp\/v2\/media?parent=1374"}],"curies":[{"name":"wp","href":"https:\/\/api.w.org\/{rel}","templated":true}]}}