{"id":1394,"date":"2017-06-12T21:53:11","date_gmt":"2017-06-12T21:53:11","guid":{"rendered":"https:\/\/u-store-portugal.com\/unit-sizes\/"},"modified":"2017-08-03T16:19:38","modified_gmt":"2017-08-03T16:19:38","slug":"unit-sizes","status":"publish","type":"page","link":"https:\/\/u-store-portugal.com\/de\/unit-sizes\/","title":{"rendered":"Box-Gr\u00f6\u00dfen"},"content":{"rendered":"<p>[et_pb_section fb_built=&#8220;1&#8243; admin_label=&#8220;section&#8220; _builder_version=&#8220;3.0.47&#8243;][et_pb_row custom_padding=&#8220;27px|0px|0px|0px&#8220; admin_label=&#8220;row&#8220; _builder_version=&#8220;3.0.47&#8243; background_size=&#8220;initial&#8220; background_position=&#8220;top_left&#8220; background_repeat=&#8220;repeat&#8220;][et_pb_column type=&#8220;1_3&#8243; _builder_version=&#8220;3.0.47&#8243; parallax=&#8220;off&#8220; parallax_method=&#8220;on&#8220;][et_pb_text admin_label=&#8220;Text&#8220; _builder_version=&#8220;3.0.51&#8243; background_size=&#8220;initial&#8220; background_position=&#8220;top_left&#8220; background_repeat=&#8220;repeat&#8220;]<\/p>\n<div class=\"tab-left\">\n<h1><strong>Box-Gr\u00f6\u00dfen<\/strong><\/h1>\n<p>.In den Boxen kann so gut wie alles eingelagert werden (ausgenommen frische oder gefrorene Lebensmittel, lebende Tiere, entz\u00fcndliche \/ explosive materialien oder illegale Gegenst\u00e4nde).<\/p>\n<\/div>\n<p>[\/et_pb_text][et_pb_text admin_label=&#8220;Text&#8220; _builder_version=&#8220;3.0.60&#8243; background_size=&#8220;initial&#8220; background_position=&#8220;top_left&#8220; background_repeat=&#8220;repeat&#8220;]<\/p>\n<p>\u00a0\n<table id=\"wp-table-reloaded-id-6-no-1\" class=\"wp-table-reloaded wp-table-reloaded-id-6\">\n<tbody class=\"row-hover\">\n\t<tr class=\"row-1 odd\">\n\t\t<td class=\"column-1\"><span style=\"font-size: large;\"><strong>M\u00b2<\/strong><\/span><\/td><td class=\"column-2\"><span style=\"font-size: large;\"><strong>M\u00b3<\/strong><\/span><\/td><td class=\"column-3\"><span style=\"font-size: large;\"><strong>Geeignet f\u00fcr<\/strong><\/span><\/td>\n\t<\/tr>\n\t<tr class=\"row-2 even\">\n\t\t<td class=\"column-1\">1.5<\/td><td class=\"column-2\">4.0<\/td><td class=\"column-3\">Eine geringe Menge pers\u00f6nlicher Gegenst\u00e4nde.<\/td>\n\t<\/tr>\n\t<tr class=\"row-3 odd\">\n\t\t<td class=\"column-1\">2.5<\/td><td class=\"column-2\">7.0<\/td><td class=\"column-3\">Eine gr\u00f6\u00dfere Menge pers\u00f6nlicher Gegenst\u00e4nde.<\/td>\n\t<\/tr>\n\t<tr class=\"row-4 even\">\n\t\t<td class=\"column-1\">4.5<\/td><td class=\"column-2\">13.0<\/td><td class=\"column-3\">Pers\u00f6nliche Gegenst\u00e4nde und einige M\u00f6bel.<\/td>\n\t<\/tr>\n\t<tr class=\"row-5 odd\">\n\t\t<td class=\"column-1\">6.5<\/td><td class=\"column-2\">18.0<\/td><td class=\"column-3\">Den gesamten Inhalt eines 1-Schlafzimmer Appartments.<\/td>\n\t<\/tr>\n\t<tr class=\"row-6 even\">\n\t\t<td class=\"column-1\">7.5<\/td><td class=\"column-2\">21.0<\/td><td class=\"column-3\">Den gesamten Inhalt eines 2-Schlafzimmer Appartments.<\/td>\n\t<\/tr>\n\t<tr class=\"row-7 odd\">\n\t\t<td class=\"column-1\">9.0<\/td><td class=\"column-2\">25.5<\/td><td class=\"column-3\">Der Inhalt eines gro\u00dfen 2-Schlafzimmer Appartments.<\/td>\n\t<\/tr>\n\t<tr class=\"row-8 even\">\n\t\t<td class=\"column-1\">9.5<\/td><td class=\"column-2\">27.0<\/td><td class=\"column-3\">Ein gro\u00dfes 2\/3 Zimmer Appartment.<\/td>\n\t<\/tr>\n\t<tr class=\"row-9 odd\">\n\t\t<td class=\"column-1\">10.5<\/td><td class=\"column-2\">30.5<\/td><td class=\"column-3\">Ein gro\u00dfes 2\/3 Schlafzimmer Haus.<\/td>\n\t<\/tr>\n\t<tr class=\"row-10 even\">\n\t\t<td class=\"column-1\">12.0<\/td><td class=\"column-2\">33.5<\/td><td class=\"column-3\">Den Inhalt eines 3\/4 Schlafzimmer Hauses.<\/td>\n\t<\/tr>\n\t<tr class=\"row-11 odd\">\n\t\t<td class=\"column-1\">12.5<\/td><td class=\"column-2\">35.0<\/td><td class=\"column-3\">Den Inhalt eines 3\/4 Schlafzimmer Hauses.<\/td>\n\t<\/tr>\n\t<tr class=\"row-12 even\">\n\t\t<td class=\"column-1\">17.0<\/td><td class=\"column-2\">49.5<\/td><td class=\"column-3\">Der gesamte Ihnalt mit M\u00f6beln eines 5\/6 Schlafzimmer Hauses.<\/td>\n\t<\/tr>\n<\/tbody>\n<\/table>\n[\/et_pb_text][\/et_pb_column][et_pb_column type=&#8220;1_3&#8243; _builder_version=&#8220;3.0.47&#8243; parallax=&#8220;off&#8220; parallax_method=&#8220;on&#8220;][et_pb_image src=&#8220;https:\/\/u-store-portugal.com\/wp-content\/uploads\/2012\/01\/Self-Storage-Algarve-units.jpg&#8220; align=&#8220;center&#8220; admin_label=&#8220;Image&#8220; _builder_version=&#8220;3.0.60&#8243;][\/et_pb_image][et_pb_text admin_label=&#8220;Text&#8220; _builder_version=&#8220;3.0.60&#8243; background_size=&#8220;initial&#8220; background_position=&#8220;top_left&#8220; background_repeat=&#8220;repeat&#8220;]<\/p>\n<div class=\"tab-left\"><\/div>\n<p class=\"et-fb-mce-line-break-holder\" style=\"position: relative; clip: rect(auto auto 30px auto); text-align: left;\">\n<table id=\"wp-table-reloaded-id-7-no-1\" class=\"wp-table-reloaded wp-table-reloaded-id-7\">\n<tbody>\n\t<tr class=\"row-1 odd\">\n\t\t<td colspan=\"2\" class=\"column-1 colspan-2\"><span style=\"font-size: large;\"><strong>Palletten-Lagerung<\/strong><\/span><\/td>\n\t<\/tr>\n\t<tr class=\"row-2 even\">\n\t\t<td class=\"column-1\"><span style=\"font-weight: normal;\">Euro Pallette    1.0m\u00b2<\/span><\/td><td class=\"column-2\"><span style=\"font-weight: normal;\">Ein kleine Menge pers\u00f6nlicher Gegenst\u00e4nde.<\/span><\/td>\n\t<\/tr>\n\t<tr class=\"row-3 odd\">\n\t\t<td class=\"column-1\"><span style=\"font-weight: normal;\">Gro\u00dfe Pallette  1.2m\u00b2<\/span><\/td><td class=\"column-2\"><span style=\"font-weight: normal;\">Ein gro\u00dfe Menge pers\u00f6nlicher Gegenst\u00e4nde.<\/span><\/td>\n\t<\/tr>\n<\/tbody>\n<\/table>\n[\/et_pb_text][\/et_pb_column][et_pb_column type=&#8220;1_3&#8243; _builder_version=&#8220;3.0.47&#8243; parallax=&#8220;off&#8220; parallax_method=&#8220;on&#8220;][et_pb_text text_orientation=&#8220;center&#8220; max_width_tablet=&#8220;50%&#8220; max_width_phone=&#8220;100%&#8220; max_width_last_edited=&#8220;on|phone&#8220; admin_label=&#8220;Text&#8220; module_class=&#8220;ora-box&#8220; _builder_version=&#8220;3.0.51&#8243; custom_padding=&#8220;||30px|&#8220; saved_tabs=&#8220;all&#8220;]<\/p>\n<h2><strong>KONTAKT \u00a0U-STORE<\/strong><\/h2>\n<p><span style=\"color: #000000; font-size: large;\"><strong>Tel:<\/strong> (00351) \/ <a style=\"color: #000000;\" title=\"Call 2 U store Lagos Portugal\" href=\"tel:00351282798490\">282 798 490<\/a><\/span><\/p>\n<p><span style=\"color: #000000; font-size: large;\"><strong>Mobile:<\/strong> \u00a0(00351) \/ <a style=\"color: #000000;\" title=\"Call U store Lagos Portugal\" href=\"tel:00351917010365\">917 010 365<\/a><\/span><\/p>\n<p><span style=\"color: #000000; font-size: large;\"><strong>mail:<\/strong> <a style=\"color: #000000;\" title=\"Email U Store Lagos Portugal\" href=\"mailto:info@u-store-portugal.com\">info@u-store-portugal.com<\/a><\/span><\/p>\n<p>[\/et_pb_text][et_pb_text text_orientation=&#8220;center&#8220; max_width_tablet=&#8220;50%&#8220; max_width_phone=&#8220;100%&#8220; max_width_last_edited=&#8220;on|tablet&#8220; admin_label=&#8220;Text&#8220; module_class=&#8220;ora-box&#8220; _builder_version=&#8220;3.0.60&#8243; saved_tabs=&#8220;all&#8220;]<\/p>\n<h2 style=\"text-align: center;\"><strong>FINDEN SIE UNS AUF GOOGLE MAPS<\/strong><span style=\"color: #000000; font-size: x-large;\"><strong><a href=\"https:\/\/www.google.pt\/maps\/dir\/''\/u+store+lagos\/data=!4m5!4m4!1m0!1m2!1m1!1s0xd1b30231709c8ad:0x4165fda28d30421b?sa=X&#038;ved=0ahUKEwiFhenF8bjUAhWJhRoKHYsyAoIQ9RcIdzAM\" target=\"_blank\" rel=\"noopener noreferrer\"><img loading=\"lazy\" decoding=\"async\" class=\"wp-image-268 alignnone size-medium\" src=\"https:\/\/u-store-portugal.com\/wp-content\/uploads\/2012\/02\/Self_Storage_Algarve_map_thmb1-300x228.jpg\" alt=\"\" width=\"300\" height=\"228\" srcset=\"https:\/\/u-store-portugal.com\/wp-content\/uploads\/2012\/02\/Self_Storage_Algarve_map_thmb1-300x228.jpg 300w, https:\/\/u-store-portugal.com\/wp-content\/uploads\/2012\/02\/Self_Storage_Algarve_map_thmb1.jpg 975w\" sizes=\"(max-width: 300px) 100vw, 300px\" \/><\/a><\/strong><\/span><\/h2>\n<p>[\/et_pb_text][et_pb_text text_orientation=&#8220;center&#8220; max_width_tablet=&#8220;50%&#8220; max_width_phone=&#8220;100%&#8220; max_width_last_edited=&#8220;on|phone&#8220; admin_label=&#8220;Text&#8220; module_class=&#8220;ora-box sid-bar&#8220; _builder_version=&#8220;3.0.60&#8243; saved_tabs=&#8220;all&#8220;]<\/p>\n<p class=\"\"><span style=\"font-size: 24px;\"><strong><span style=\"font-family: Cuprum, Helvetica, Arial, Lucida, sans-serif;\"><span style=\"text-transform: uppercase;\">Einzelne Einheiten geschlossen<\/span><\/span><\/strong><\/span><a href=\"\/de\/for-home-and-for-business\/\"><img loading=\"lazy\" decoding=\"async\" class=\"wp-image-2059 alignnone size-full\" src=\"https:\/\/u-store-portugal.com\/wp-content\/uploads\/2017\/08\/unit-20-Ustore-Lagos-Algarve-Portugal-Storage-Units.jpg\" alt=\"\" width=\"1024\" height=\"765\" srcset=\"https:\/\/u-store-portugal.com\/wp-content\/uploads\/2017\/08\/unit-20-Ustore-Lagos-Algarve-Portugal-Storage-Units.jpg 1024w, https:\/\/u-store-portugal.com\/wp-content\/uploads\/2017\/08\/unit-20-Ustore-Lagos-Algarve-Portugal-Storage-Units-300x224.jpg 300w, https:\/\/u-store-portugal.com\/wp-content\/uploads\/2017\/08\/unit-20-Ustore-Lagos-Algarve-Portugal-Storage-Units-768x574.jpg 768w, https:\/\/u-store-portugal.com\/wp-content\/uploads\/2017\/08\/unit-20-Ustore-Lagos-Algarve-Portugal-Storage-Units-510x382.jpg 510w\" sizes=\"(max-width: 1024px) 100vw, 1024px\" \/><\/a><\/p>\n<p>[\/et_pb_text][et_pb_text text_orientation=&#8220;center&#8220; max_width_tablet=&#8220;50%&#8220; max_width_phone=&#8220;100%&#8220; max_width_last_edited=&#8220;on|phone&#8220; admin_label=&#8220;Text&#8220; module_class=&#8220;ora-box sid-bar&#8220; _builder_version=&#8220;3.0.60&#8243; saved_tabs=&#8220;all&#8220;]<\/p>\n<h2 style=\"text-align: center;\"><span style=\"font-size: x-large;\"><a title=\"Pallet Storage\" href=\"https:\/\/u-store-portugal.com\/de\/paletten-lagerung-2\/\"><span style=\"color: #000000;\"><strong>PALETTE LAGERUNG<\/strong><\/span><\/a><\/span><a title=\"Pallet Storage\" href=\"https:\/\/u-store-portugal.com\/de\/paletten-lagerung-2\/\" style=\"font-size: 16px; font-family: Lato, Helvetica, Arial, Lucida, sans-serif;\"><img loading=\"lazy\" decoding=\"async\" class=\"wp-image-1863 alignnone size-medium\" src=\"https:\/\/u-store-portugal.com\/wp-content\/uploads\/2017\/06\/Self_Storage_Algarve_Pallet_Storaget1-300x225.jpg\" alt=\"\" width=\"300\" height=\"225\" srcset=\"https:\/\/u-store-portugal.com\/wp-content\/uploads\/2017\/06\/Self_Storage_Algarve_Pallet_Storaget1-300x225.jpg 300w, https:\/\/u-store-portugal.com\/wp-content\/uploads\/2017\/06\/Self_Storage_Algarve_Pallet_Storaget1-768x576.jpg 768w, https:\/\/u-store-portugal.com\/wp-content\/uploads\/2017\/06\/Self_Storage_Algarve_Pallet_Storaget1-510x382.jpg 510w, https:\/\/u-store-portugal.com\/wp-content\/uploads\/2017\/06\/Self_Storage_Algarve_Pallet_Storaget1.jpg 800w\" sizes=\"(max-width: 300px) 100vw, 300px\" \/><\/a><\/h2>\n<p>[\/et_pb_text][\/et_pb_column][\/et_pb_row][\/et_pb_section]<\/p>\n","protected":false},"excerpt":{"rendered":"<p>Box-Gr\u00f6\u00dfen .In den Boxen kann so gut wie alles eingelagert werden (ausgenommen frische oder gefrorene Lebensmittel, lebende Tiere, entz\u00fcndliche \/ explosive materialien oder illegale Gegenst\u00e4nde). \u00a0\n<table id=\"wp-table-reloaded-id-6-no-1\" class=\"wp-table-reloaded wp-table-reloaded-id-6\">\n<tbody class=\"row-hover\">\n\t<tr class=\"row-1 odd\">\n\t\t<td class=\"column-1\"><span style=\"font-size: large;\"><strong>M\u00b2<\/strong><\/span><\/td><td class=\"column-2\"><span style=\"font-size: large;\"><strong>M\u00b3<\/strong><\/span><\/td><td class=\"column-3\"><span style=\"font-size: large;\"><strong>Geeignet f\u00fcr<\/strong><\/span><\/td>\n\t<\/tr>\n\t<tr class=\"row-2 even\">\n\t\t<td class=\"column-1\">1.5<\/td><td class=\"column-2\">4.0<\/td><td class=\"column-3\">Eine geringe Menge pers\u00f6nlicher Gegenst\u00e4nde.<\/td>\n\t<\/tr>\n\t<tr class=\"row-3 odd\">\n\t\t<td class=\"column-1\">2.5<\/td><td class=\"column-2\">7.0<\/td><td class=\"column-3\">Eine gr\u00f6\u00dfere Menge pers\u00f6nlicher Gegenst\u00e4nde.<\/td>\n\t<\/tr>\n\t<tr class=\"row-4 even\">\n\t\t<td class=\"column-1\">4.5<\/td><td class=\"column-2\">13.0<\/td><td class=\"column-3\">Pers\u00f6nliche Gegenst\u00e4nde und einige M\u00f6bel.<\/td>\n\t<\/tr>\n\t<tr class=\"row-5 odd\">\n\t\t<td class=\"column-1\">6.5<\/td><td class=\"column-2\">18.0<\/td><td class=\"column-3\">Den gesamten Inhalt eines 1-Schlafzimmer Appartments.<\/td>\n\t<\/tr>\n\t<tr class=\"row-6 even\">\n\t\t<td class=\"column-1\">7.5<\/td><td class=\"column-2\">21.0<\/td><td class=\"column-3\">Den gesamten Inhalt eines 2-Schlafzimmer Appartments.<\/td>\n\t<\/tr>\n\t<tr class=\"row-7 odd\">\n\t\t<td class=\"column-1\">9.0<\/td><td class=\"column-2\">25.5<\/td><td class=\"column-3\">Der Inhalt eines gro\u00dfen 2-Schlafzimmer Appartments.<\/td>\n\t<\/tr>\n\t<tr class=\"row-8 even\">\n\t\t<td class=\"column-1\">9.5<\/td><td class=\"column-2\">27.0<\/td><td class=\"column-3\">Ein gro\u00dfes 2\/3 Zimmer Appartment.<\/td>\n\t<\/tr>\n\t<tr class=\"row-9 odd\">\n\t\t<td class=\"column-1\">10.5<\/td><td class=\"column-2\">30.5<\/td><td class=\"column-3\">Ein gro\u00dfes 2\/3 Schlafzimmer Haus.<\/td>\n\t<\/tr>\n\t<tr class=\"row-10 even\">\n\t\t<td class=\"column-1\">12.0<\/td><td class=\"column-2\">33.5<\/td><td class=\"column-3\">Den Inhalt eines 3\/4 Schlafzimmer Hauses.<\/td>\n\t<\/tr>\n\t<tr class=\"row-11 odd\">\n\t\t<td class=\"column-1\">12.5<\/td><td class=\"column-2\">35.0<\/td><td class=\"column-3\">Den Inhalt eines 3\/4 Schlafzimmer Hauses.<\/td>\n\t<\/tr>\n\t<tr class=\"row-12 even\">\n\t\t<td class=\"column-1\">17.0<\/td><td class=\"column-2\">49.5<\/td><td class=\"column-3\">Der gesamte Ihnalt mit M\u00f6beln eines 5\/6 Schlafzimmer Hauses.<\/td>\n\t<\/tr>\n<\/tbody>\n<\/table>\n \n<table id=\"wp-table-reloaded-id-7-no-1\" class=\"wp-table-reloaded wp-table-reloaded-id-7\">\n<tbody>\n\t<tr class=\"row-1 odd\">\n\t\t<td colspan=\"2\" class=\"column-1 colspan-2\"><span style=\"font-size: large;\"><strong>Palletten-Lagerung<\/strong><\/span><\/td>\n\t<\/tr>\n\t<tr class=\"row-2 even\">\n\t\t<td class=\"column-1\"><span style=\"font-weight: normal;\">Euro Pallette    1.0m\u00b2<\/span><\/td><td class=\"column-2\"><span style=\"font-weight: normal;\">Ein kleine Menge pers\u00f6nlicher Gegenst\u00e4nde.<\/span><\/td>\n\t<\/tr>\n\t<tr class=\"row-3 odd\">\n\t\t<td class=\"column-1\"><span style=\"font-weight: normal;\">Gro\u00dfe Pallette  1.2m\u00b2<\/span><\/td><td class=\"column-2\"><span style=\"font-weight: normal;\">Ein gro\u00dfe Menge pers\u00f6nlicher Gegenst\u00e4nde.<\/span><\/td>\n\t<\/tr>\n<\/tbody>\n<\/table>\nKONTAKT \u00a0U-STORE Tel: (00351) \/ 282 798 490 Mobile: \u00a0(00351) \/ 917 010 365 mail: info@u-store-portugal.com FINDEN SIE UNS AUF GOOGLE MAPSEinzelne Einheiten geschlossenPALETTE LAGERUNG<\/p>\n","protected":false},"author":1,"featured_media":0,"parent":0,"menu_order":0,"comment_status":"closed","ping_status":"closed","template":"","meta":{"_seopress_robots_primary_cat":"","_seopress_titles_title":"","_seopress_titles_desc":"","_seopress_robots_index":"","_et_pb_use_builder":"on","_et_pb_old_content":"<div class=\"tab-left\"><p style=\"text-align: left;\"><span style=\"font-size: large;\"><strong>Unit-Sizes<\/strong><\/span><\/p><p>\u00a0<\/p><p style=\"text-align: left;\"><span style=\"font-size: large;\">Units can be used to store almost anything (except fresh or frozen foods, live animals, inflammable \/ explosive materials or illegal items).<\/span><\/p><\/div><p><img class=\"alignnone size-medium wp-image-1077\" src=\"https:\/\/u-store-portugal.com\/wp-content\/uploads\/2012\/01\/Self-Storage-Algarve-units-225x300.jpg\" alt=\"Self-Storage-Algarve-units\" width=\"200\" height=\"auto\" \/><\/p><p style=\"position: relative; clip: rect(auto auto 30px auto); text-align: left;\"><span style=\"font-size: large;\">The list below is purely a guideline for the capacity of the storage units.<\/span><\/p><p>[table id=2 \/] [table id=3 \/]<\/p>","_et_gb_content_width":"","footnotes":""},"class_list":["post-1394","page","type-page","status-publish","hentry"],"_links":{"self":[{"href":"https:\/\/u-store-portugal.com\/de\/wp-json\/wp\/v2\/pages\/1394","targetHints":{"allow":["GET"]}}],"collection":[{"href":"https:\/\/u-store-portugal.com\/de\/wp-json\/wp\/v2\/pages"}],"about":[{"href":"https:\/\/u-store-portugal.com\/de\/wp-json\/wp\/v2\/types\/page"}],"author":[{"embeddable":true,"href":"https:\/\/u-store-portugal.com\/de\/wp-json\/wp\/v2\/users\/1"}],"replies":[{"embeddable":true,"href":"https:\/\/u-store-portugal.com\/de\/wp-json\/wp\/v2\/comments?post=1394"}],"version-history":[{"count":5,"href":"https:\/\/u-store-portugal.com\/de\/wp-json\/wp\/v2\/pages\/1394\/revisions"}],"predecessor-version":[{"id":2329,"href":"https:\/\/u-store-portugal.com\/de\/wp-json\/wp\/v2\/pages\/1394\/revisions\/2329"}],"wp:attachment":[{"href":"https:\/\/u-store-portugal.com\/de\/wp-json\/wp\/v2\/media?parent=1394"}],"curies":[{"name":"wp","href":"https:\/\/api.w.org\/{rel}","templated":true}]}}