{"id":1433,"date":"2017-06-12T22:21:49","date_gmt":"2017-06-12T22:21:49","guid":{"rendered":"https:\/\/u-store-portugal.com\/uber-uns\/"},"modified":"2017-08-24T09:52:56","modified_gmt":"2017-08-24T09:52:56","slug":"uber-uns","status":"publish","type":"page","link":"https:\/\/u-store-portugal.com\/de\/uber-uns\/","title":{"rendered":"\u00dcber Uns"},"content":{"rendered":"<p>[et_pb_section fb_built=&#8220;1&#8243; admin_label=&#8220;section&#8220; _builder_version=&#8220;3.0.47&#8243;][et_pb_row custom_padding=&#8220;27px|0px|0px|0px&#8220; admin_label=&#8220;row&#8220; _builder_version=&#8220;3.0.47&#8243; background_size=&#8220;initial&#8220; background_position=&#8220;top_left&#8220; background_repeat=&#8220;repeat&#8220;][et_pb_column type=&#8220;1_3&#8243; _builder_version=&#8220;3.0.47&#8243; parallax=&#8220;off&#8220; parallax_method=&#8220;on&#8220;][et_pb_text admin_label=&#8220;Text&#8220; _builder_version=&#8220;3.0.69&#8243; background_size=&#8220;initial&#8220; background_position=&#8220;top_left&#8220; background_repeat=&#8220;repeat&#8220;]<\/p>\n<h1><span style=\"font-size: x-large;\"><strong>Ueber U-Store<\/strong><\/span><strong>&nbsp;<\/strong><\/h1>\n<p>Seit der Gr&uuml;ndung im Jahr 2000, f&uuml;hrt U-Store weiterhin den Self-Storage Markt an der Algarve an.&nbsp;U-Store bietet excellente Lagerm&ouml;glichkeiten, gepaart mit einer Vielzahl an Dienstleistungen zu unschlagbaren Preisen. Self-Storage ist ein idealer Weg zu Hause oder im Betrieb Platz zu schaffen. Verschlossen in privaten, individellen Boxen bleiben Ihre Sachen trocken und sicher f&uuml;r einen beliebigen Zeitraum ab einer Woche.<\/p>\n<p>Nach mehr als einem Jahrezehnt im Gesch&auml;ft bieten wir die unterschiedlichsten Lagerm&ouml;glichkeiten f&uuml;r praktisch alles; von einer kleinen Kiste bis zum kompletten Inhalt eines Haushalts, sehr grosse und sperrige Sachen, mit der M&ouml;glichkeit w&ouml;chentlich, monatlich oder J&auml;hrlich zu mieten. Als Mieter einer Box haben Sie Ihren eigenen Schl&uuml;ssel und haben w&auml;hrend der &Ouml;ffnungszeiten jederzeit Zugang dazu.<\/p>\n<p>[\/et_pb_text][\/et_pb_column][et_pb_column type=&#8220;1_3&#8243; _builder_version=&#8220;3.0.47&#8243; parallax=&#8220;off&#8220; parallax_method=&#8220;on&#8220;][et_pb_divider height=&#8220;65&#8243; admin_label=&#8220;Divider&#8220; _builder_version=&#8220;3.0.51&#8243;][\/et_pb_divider][et_pb_text admin_label=&#8220;Text&#8220; _builder_version=&#8220;3.0.60&#8243; background_size=&#8220;initial&#8220; background_position=&#8220;top_left&#8220; background_repeat=&#8220;repeat&#8220;]<\/p>\n<p>Unsere Lagerst\u00e4tten verf\u00fcgen \u00fcber isolierte W\u00e4nde und Decken um Ihre Gegenst\u00e4nde immer in einwandfreiem Zustand zu halten.Nahezu alles kann untergebracht werden ausgenommen Lebensmittel, Tiere, illegale Gegenst\u00e4nde oder brennbare \/ explosive G\u00fcter.<\/p>\n<p>U-Store befindet sich in einem Industriegebiet mit guten Parkm\u00f6glichkeiten und perfekten Anlieferbedingungen, auch f\u00fcr grosse LKWs. Ein kostenloser Gabelstaplerservice steht ebenfalls zur Verf\u00fcgung (bitte vorher reservieren).<\/p>\n<p>Wir sprechen drei Sprachen (English, Franz\u00f6sisch &#038; Portugiesisch). Dies erleichtert die Kommunikation und erm\u00f6glicht es uns, einen professionellen und pers\u00f6nlichen Service zu bieten da Sie immer direkt mit einer der Eigent\u00fcmer zu tun haben. Wir sind immer zur Stelle wenn sie Ratschl\u00e4ge zum Einlagern brauchen, geben Tips bei der Wahl\/Ver\u00e4nderung des Lagerplatzes und helfen Ihnen bei der L\u00f6sung aller Probleme rund ums Einlagern.<\/p>\n<p>[\/et_pb_text][\/et_pb_column][et_pb_column type=&#8220;1_3&#8243; _builder_version=&#8220;3.0.47&#8243; parallax=&#8220;off&#8220; parallax_method=&#8220;on&#8220;][et_pb_divider height=&#8220;75&#8243; admin_label=&#8220;Divider&#8220; _builder_version=&#8220;3.0.51&#8243;][\/et_pb_divider][et_pb_text text_orientation=&#8220;center&#8220; max_width_tablet=&#8220;50%&#8220; max_width_phone=&#8220;100%&#8220; max_width_last_edited=&#8220;on|phone&#8220; admin_label=&#8220;Text&#8220; module_class=&#8220;ora-box&#8220; _builder_version=&#8220;3.0.51&#8243; custom_padding=&#8220;||30px|&#8220; saved_tabs=&#8220;all&#8220;]<\/p>\n<h2><strong>Kontakt \u00a0U-Store<\/strong><\/h2>\n<p><span style=\"color: #000000; font-size: large;\"><strong>Tel:<\/strong> (00351) \/ <a style=\"color: #000000;\" title=\"Call 2 U store Lagos Portugal\" href=\"tel:00351282798490\">282 798 490<\/a><\/span><\/p>\n<p><span style=\"color: #000000; font-size: large;\"><strong>Mobile:<\/strong> \u00a0(00351) \/ <a style=\"color: #000000;\" title=\"Call U store Lagos Portugal\" href=\"tel:00351917010365\">917 010 365<\/a><\/span><\/p>\n<p><span style=\"color: #000000; font-size: large;\"><strong>mail:<\/strong> <a style=\"color: #000000;\" title=\"Email U Store Lagos Portugal\" href=\"mailto:info@u-store-portugal.com\">info@u-store-portugal.com<\/a><\/span><\/p>\n<p>[\/et_pb_text][et_pb_divider height=&#8220;30&#8243; admin_label=&#8220;Divider&#8220; _builder_version=&#8220;3.0.51&#8243;][\/et_pb_divider][et_pb_text text_orientation=&#8220;center&#8220; max_width_tablet=&#8220;50%&#8220; max_width_phone=&#8220;100%&#8220; max_width_last_edited=&#8220;on|tablet&#8220; admin_label=&#8220;Text&#8220; module_class=&#8220;ora-box&#8220; _builder_version=&#8220;3.0.60&#8243; saved_tabs=&#8220;all&#8220;]<\/p>\n<h2 style=\"text-align: center;\"><strong>Finden Sie uns auf Google Maps<\/strong><span style=\"color: #000000; font-size: x-large;\"><strong><a href=\"https:\/\/www.google.pt\/maps\/dir\/''\/u+store+lagos\/data=!4m5!4m4!1m0!1m2!1m1!1s0xd1b30231709c8ad:0x4165fda28d30421b?sa=X&#038;ved=0ahUKEwiFhenF8bjUAhWJhRoKHYsyAoIQ9RcIdzAM\" target=\"_blank\" rel=\"noopener\"><img loading=\"lazy\" decoding=\"async\" class=\"wp-image-268 alignnone size-medium\" src=\"https:\/\/u-store-portugal.com\/wp-content\/uploads\/2012\/02\/Self_Storage_Algarve_map_thmb1-300x228.jpg\" alt=\"\" width=\"300\" height=\"228\" srcset=\"https:\/\/u-store-portugal.com\/wp-content\/uploads\/2012\/02\/Self_Storage_Algarve_map_thmb1-300x228.jpg 300w, https:\/\/u-store-portugal.com\/wp-content\/uploads\/2012\/02\/Self_Storage_Algarve_map_thmb1.jpg 975w\" sizes=\"(max-width: 300px) 100vw, 300px\" \/><\/a><\/strong><\/span><\/h2>\n<p>[\/et_pb_text][\/et_pb_column][\/et_pb_row][et_pb_row custom_padding=&#8220;0px|0px|27px|0px&#8220; admin_label=&#8220;row&#8220; _builder_version=&#8220;3.0.51&#8243;][et_pb_column type=&#8220;2_3&#8243; _builder_version=&#8220;3.0.47&#8243; parallax=&#8220;off&#8220; parallax_method=&#8220;on&#8220;][et_pb_slider show_arrows=&#8220;off&#8220; show_pagination=&#8220;off&#8220; auto=&#8220;on&#8220; auto_ignore_hover=&#8220;on&#8220; remove_inner_shadow=&#8220;on&#8220; top_padding=&#8220;25px&#8220; bottom_padding=&#8220;25px&#8220; _builder_version=&#8220;3.0.60&#8243; header_font=&#8220;|on|||&#8220; header_font_size=&#8220;32px&#8220; body_font=&#8220;|on|||&#8220; body_font_size=&#8220;24px&#8220; body_letter_spacing=&#8220;-1px&#8220; body_line_height=&#8220;1.3em&#8220; custom_button=&#8220;on&#8220; button_text_size=&#8220;14px&#8220; button_text_color=&#8220;#ffffff&#8220; button_bg_color=&#8220;#f99816&#8243; button_font=&#8220;|on|||&#8220; button_use_icon=&#8220;off&#8220; button_text_color_hover=&#8220;#ffffff&#8220; button_bg_color_hover=&#8220;#000000&#8243; custom_css_main_element=&#8220;background: #ffffff;||margin: 0px !important;||padding: 0px !important;||margin: 0px !important;||padding: 0px !important;&#8220;][et_pb_slide heading=&#8220;Brauchen Sie Stauraum&#8220; button_text=&#8220;(00351) \/ 282 798 490&#8243; button_link=&#8220;\/de\/kontakt\/&#8220; background_image=&#8220;https:\/\/u-store-portugal.com\/wp-content\/uploads\/2017\/06\/Slider-Background-3.png&#8220; background_position=&#8220;center_left&#8220; background_blend=&#8220;multiply&#8220; image=&#8220;https:\/\/u-store-portugal.com\/wp-content\/uploads\/2012\/01\/Self-Storage-Algarve-units.jpg&#8220; use_bg_overlay=&#8220;off&#8220; use_text_overlay=&#8220;off&#8220; background_layout=&#8220;light&#8220; _builder_version=&#8220;3.0.47&#8243; header_font_size=&#8220;36px&#8220; header_text_color=&#8220;#000000&#8243; header_line_height=&#8220;1.3em&#8220; body_font=&#8220;||||&#8220; custom_button=&#8220;off&#8220; custom_css_main_element=&#8220;margin-top: 0px;||margin-bottom: 0px;||&#8220;]<\/p>\n<p>U-Store kann Helfen<br \/>\nkontaktieren Sie heute<\/p>\n<p>[\/et_pb_slide][et_pb_slide heading=&#8220;Selbst &#8211; Lagerung&#8220; button_text=&#8220;(00351) \/ 282 798 490&#8243; button_link=&#8220;\/de\/kontakt\/&#8220; background_image=&#8220;https:\/\/u-store-portugal.com\/wp-content\/uploads\/2017\/06\/Slider-Background-3.png&#8220; background_position=&#8220;center_left&#8220; image=&#8220;https:\/\/u-store-portugal.com\/wp-content\/uploads\/2017\/06\/self-storage-algarve_slide2.jpg&#8220; use_bg_overlay=&#8220;off&#8220; use_text_overlay=&#8220;off&#8220; background_layout=&#8220;light&#8220; _builder_version=&#8220;3.0.47&#8243; header_font_size=&#8220;36px&#8220; header_line_height=&#8220;1.3em&#8220; body_font=&#8220;||||&#8220; custom_css_main_element=&#8220;margin-top: 0px;||margin-bottom: 0px;||&#8220;]<\/p>\n<p>W\u00f6chentlich, Monatlich, J\u00e4hrlich<br \/>\nKeine versteckten Geb\u00fchren<\/p>\n<p>[\/et_pb_slide][et_pb_slide heading=&#8220;Einzelne Einheiten geschlossen&#8220; button_text=&#8220;(00351) \/ 282 798 490&#8243; button_link=&#8220;\/de\/kontakt\/&#8220; background_image=&#8220;https:\/\/u-store-portugal.com\/wp-content\/uploads\/2017\/06\/Slider-Background-3.png&#8220; background_position=&#8220;center_left&#8220; background_blend=&#8220;multiply&#8220; image=&#8220;https:\/\/u-store-portugal.com\/wp-content\/uploads\/2017\/08\/unit-20-Ustore-Lagos-Algarve-Portugal-Storage-Units.jpg&#8220; use_bg_overlay=&#8220;off&#8220; use_text_overlay=&#8220;off&#8220; background_layout=&#8220;light&#8220; _builder_version=&#8220;3.0.47&#8243; header_font_size=&#8220;36px&#8220; header_line_height=&#8220;1.3em&#8220; body_font=&#8220;||||&#8220; custom_css_main_element=&#8220;margin-top: 0px;||margin-bottom: 0px;||&#8220;]Trocken, sauber und sicher[\/et_pb_slide][et_pb_slide heading=&#8220;Zugang t\u00e4glich&#8220; button_text=&#8220;(00351) \/ 282 798 490&#8243; button_link=&#8220;\/de\/kontakt\/&#8220; background_image=&#8220;https:\/\/u-store-portugal.com\/wp-content\/uploads\/2017\/06\/Slider-Background-3.png&#8220; background_position=&#8220;center_left&#8220; background_blend=&#8220;multiply&#8220; image=&#8220;https:\/\/u-store-portugal.com\/wp-content\/uploads\/2017\/06\/self-storage-algarve_slide6.jpg&#8220; use_bg_overlay=&#8220;off&#8220; use_text_overlay=&#8220;off&#8220; background_layout=&#8220;light&#8220; _builder_version=&#8220;3.0.47&#8243; header_font_size=&#8220;36px&#8220; header_line_height=&#8220;1.3em&#8220; body_font=&#8220;||||&#8220; custom_button=&#8220;off&#8220; custom_css_main_element=&#8220;margin-top: 0px;||margin-bottom: 0px;||&#8220;]Lagerung f\u00fcr Privat- und Gesch\u00e4ftskunden[\/et_pb_slide][et_pb_slide heading=&#8220; Freundliches Personal&#8220; button_text=&#8220;(00351) \/ 282 798 490&#8243; button_link=&#8220;\/de\/kontakt\/&#8220; background_image=&#8220;https:\/\/u-store-portugal.com\/wp-content\/uploads\/2017\/06\/Slider-Background-3.png&#8220; background_position=&#8220;center_left&#8220; background_blend=&#8220;multiply&#8220; image=&#8220;https:\/\/u-store-portugal.com\/wp-content\/uploads\/2017\/06\/self-storage-algarve_slide4.jpg&#8220; use_bg_overlay=&#8220;off&#8220; use_text_overlay=&#8220;off&#8220; background_layout=&#8220;light&#8220; _builder_version=&#8220;3.0.47&#8243; header_font=&#8220;||||&#8220; header_font_size=&#8220;36px&#8220; header_font_size_tablet=&#8220;36px&#8220; header_font_size_phone=&#8220;36px&#8220; header_line_height=&#8220;1.3em&#8220; header_line_height_tablet=&#8220;1.3em&#8220; header_line_height_phone=&#8220;1.3em&#8220; body_font=&#8220;||||&#8220; custom_button=&#8220;off&#8220; button_icon_placement=&#8220;right&#8220; button_on_hover=&#8220;on&#8220; custom_css_main_element=&#8220;margin-top: 0px;||margin-bottom: 0px;||&#8220;]Vollst\u00e4ndig isolierte Anlagen[\/et_pb_slide][\/et_pb_slider][\/et_pb_column][et_pb_column type=&#8220;1_3&#8243; _builder_version=&#8220;3.0.47&#8243; parallax=&#8220;off&#8220; parallax_method=&#8220;on&#8220;][et_pb_text text_orientation=&#8220;center&#8220; max_width_tablet=&#8220;50%&#8220; max_width_phone=&#8220;100%&#8220; max_width_last_edited=&#8220;on|phone&#8220; admin_label=&#8220;Text&#8220; module_class=&#8220;ora-box sid-bar&#8220; _builder_version=&#8220;3.0.60&#8243; saved_tabs=&#8220;all&#8220;]<\/p>\n<p class=\"\"><span style=\"font-family: Cuprum, Helvetica, Arial, Lucida, sans-serif;\"><span style=\"font-size: 24px; text-transform: uppercase;\"><b>Lagerung f\u00fcr Privat- und Gesch\u00e4ftskunden<\/b><\/span><\/span><b style=\"font-size: 16px;\"><a href=\"\/de\/for-home-and-for-business\/\"><img loading=\"lazy\" decoding=\"async\" class=\"wp-image-2059 alignnone size-full\" src=\"https:\/\/u-store-portugal.com\/wp-content\/uploads\/2017\/08\/unit-20-Ustore-Lagos-Algarve-Portugal-Storage-Units.jpg\" alt=\"\" width=\"1024\" height=\"765\" srcset=\"https:\/\/u-store-portugal.com\/wp-content\/uploads\/2017\/08\/unit-20-Ustore-Lagos-Algarve-Portugal-Storage-Units.jpg 1024w, https:\/\/u-store-portugal.com\/wp-content\/uploads\/2017\/08\/unit-20-Ustore-Lagos-Algarve-Portugal-Storage-Units-300x224.jpg 300w, https:\/\/u-store-portugal.com\/wp-content\/uploads\/2017\/08\/unit-20-Ustore-Lagos-Algarve-Portugal-Storage-Units-768x574.jpg 768w, https:\/\/u-store-portugal.com\/wp-content\/uploads\/2017\/08\/unit-20-Ustore-Lagos-Algarve-Portugal-Storage-Units-510x382.jpg 510w\" sizes=\"(max-width: 1024px) 100vw, 1024px\" \/><\/a><\/b><\/p>\n<p>[\/et_pb_text][et_pb_text text_orientation=&#8220;center&#8220; max_width_tablet=&#8220;50%&#8220; max_width_phone=&#8220;100%&#8220; max_width_last_edited=&#8220;on|phone&#8220; admin_label=&#8220;Text&#8220; module_class=&#8220;ora-box sid-bar&#8220; _builder_version=&#8220;3.0.60&#8243; saved_tabs=&#8220;all&#8220;]<\/p>\n<h2 style=\"text-align: center;\"><span style=\"font-size: x-large;\"><a title=\"Pallet Storage\" href=\"\/de\/paletten-lagerung-2\/\"><span style=\"color: #000000;\"><strong>PALETTE LAGERUNG<\/strong><\/span><\/a><\/span><a title=\"Pallet Storage\" href=\"https:\/\/u-store-portugal.com\/de\/paletten-lagerung-2\/\" style=\"font-size: 16px; font-family: Lato, Helvetica, Arial, Lucida, sans-serif;\"><img loading=\"lazy\" decoding=\"async\" class=\"wp-image-1863 alignnone size-medium\" src=\"https:\/\/u-store-portugal.com\/wp-content\/uploads\/2017\/06\/Self_Storage_Algarve_Pallet_Storaget1-300x225.jpg\" alt=\"\" width=\"300\" height=\"225\" srcset=\"https:\/\/u-store-portugal.com\/wp-content\/uploads\/2017\/06\/Self_Storage_Algarve_Pallet_Storaget1-300x225.jpg 300w, https:\/\/u-store-portugal.com\/wp-content\/uploads\/2017\/06\/Self_Storage_Algarve_Pallet_Storaget1-768x576.jpg 768w, https:\/\/u-store-portugal.com\/wp-content\/uploads\/2017\/06\/Self_Storage_Algarve_Pallet_Storaget1-510x382.jpg 510w, https:\/\/u-store-portugal.com\/wp-content\/uploads\/2017\/06\/Self_Storage_Algarve_Pallet_Storaget1.jpg 800w\" sizes=\"(max-width: 300px) 100vw, 300px\" \/><\/a><\/h2>\n<p>[\/et_pb_text][\/et_pb_column][\/et_pb_row][\/et_pb_section]<\/p>\n","protected":false},"excerpt":{"rendered":"<p>Ueber U-Store&nbsp; Seit der Gr&uuml;ndung im Jahr 2000, f&uuml;hrt U-Store weiterhin den Self-Storage Markt an der Algarve an.&nbsp;U-Store bietet excellente Lagerm&ouml;glichkeiten, gepaart mit einer Vielzahl an Dienstleistungen zu unschlagbaren Preisen. Self-Storage ist ein idealer Weg zu Hause oder im Betrieb Platz zu schaffen. Verschlossen in privaten, individellen Boxen bleiben Ihre Sachen trocken und sicher f&uuml;r [&hellip;]<\/p>\n","protected":false},"author":1,"featured_media":0,"parent":0,"menu_order":0,"comment_status":"closed","ping_status":"closed","template":"","meta":{"_seopress_robots_primary_cat":"","_seopress_titles_title":"","_seopress_titles_desc":"","_seopress_robots_index":"","_et_pb_use_builder":"on","_et_pb_old_content":"<p><strong><span style=\"font-size: large;\">About U-Store<\/span><\/strong><\/p><p>[wpcol_2third id=\"\" class=\"\" style=\"width:300px;\"]Established in 2000 U-Store still leads the Self-Storage market in the Algarve by providing excellent storage conditions together with a variety of services at unbeatable prices. Self-Storage is an ideal way to clear space at home or in the workplace. Locked away in private, individual units your goods remain clean, dry and secure for any length of time from one week onwards.<\/p><p>Having been in business for over a decade we have diverse storage solutions for practically any sort of item, from a small box to full household contents, vehicle storage, and very large or bulky items, with clients paying on weekly, monthly or yearly rental options. Customers occupying private units have their own key and can access their goods at any time during business hours.[\/wpcol_2third] [wpcol_1third_end id=\"\" class=\"\" style=\"margin-left:30px;margin-top:20px;\"]<strong><img class=\"alignright\" style=\"margin-top: 40px;\" title=\"logo\" src=\"https:\/\/u-store-portugal.com\/wp-content\/uploads\/2012\/01\/logo.bmp\" alt=\"\" width=\"196\" height=\"156\" \/><\/strong>[\/wpcol_1third_end] Our facilities feature fully insulated ceiling and walls keeping goods in perfect condition whilst they are in storage. Almost anything can be stored except for foodstuffs, animals, illegal items, flammable and explosive materials.<\/p><p>U-Store is located in a purpose built industrial estate with good parking and space enough for the largest vehicles to load and unload. A forklift service is also available free of charge (by pre-booking).<\/p><p>We speak 3 languages (English, French & Portuguese), making communication easy and offer a professional, personalized service as the owners are also the staff. We are always at hand to guide storage with helpful hints, advice on upgrading or downgrading to larger or smaller units and also resolving any problems that may arise.<\/p><p><strong>Our goal is your satisfaction through our flexibility and personal service.<\/strong><\/p>","_et_gb_content_width":"","footnotes":""},"class_list":["post-1433","page","type-page","status-publish","hentry"],"_links":{"self":[{"href":"https:\/\/u-store-portugal.com\/de\/wp-json\/wp\/v2\/pages\/1433","targetHints":{"allow":["GET"]}}],"collection":[{"href":"https:\/\/u-store-portugal.com\/de\/wp-json\/wp\/v2\/pages"}],"about":[{"href":"https:\/\/u-store-portugal.com\/de\/wp-json\/wp\/v2\/types\/page"}],"author":[{"embeddable":true,"href":"https:\/\/u-store-portugal.com\/de\/wp-json\/wp\/v2\/users\/1"}],"replies":[{"embeddable":true,"href":"https:\/\/u-store-portugal.com\/de\/wp-json\/wp\/v2\/comments?post=1433"}],"version-history":[{"count":4,"href":"https:\/\/u-store-portugal.com\/de\/wp-json\/wp\/v2\/pages\/1433\/revisions"}],"predecessor-version":[{"id":2411,"href":"https:\/\/u-store-portugal.com\/de\/wp-json\/wp\/v2\/pages\/1433\/revisions\/2411"}],"wp:attachment":[{"href":"https:\/\/u-store-portugal.com\/de\/wp-json\/wp\/v2\/media?parent=1433"}],"curies":[{"name":"wp","href":"https:\/\/api.w.org\/{rel}","templated":true}]}}