{"id":1474,"date":"2017-06-12T22:52:04","date_gmt":"2017-06-12T22:52:04","guid":{"rendered":"https:\/\/u-store-portugal.com\/leistungen\/"},"modified":"2017-08-03T16:19:40","modified_gmt":"2017-08-03T16:19:40","slug":"leistungen","status":"publish","type":"page","link":"https:\/\/u-store-portugal.com\/de\/leistungen\/","title":{"rendered":"Leistungen"},"content":{"rendered":"<p>[et_pb_section fb_built=&#8220;1&#8243; admin_label=&#8220;section&#8220; _builder_version=&#8220;3.0.47&#8243;][et_pb_row admin_label=&#8220;row&#8220; _builder_version=&#8220;3.0.47&#8243; background_size=&#8220;initial&#8220; background_position=&#8220;top_left&#8220; background_repeat=&#8220;repeat&#8220;][et_pb_column type=&#8220;2_3&#8243; _builder_version=&#8220;3.0.47&#8243; parallax=&#8220;off&#8220; parallax_method=&#8220;on&#8220;][et_pb_text admin_label=&#8220;Text&#8220; _builder_version=&#8220;3.0.51&#8243;]<\/p>\n<h1 style=\"top: -50px;\">Dienstleistungen im U-Store<\/h1>\n<p>[\/et_pb_text][et_pb_text admin_label=&#8220;Text&#8220; _builder_version=&#8220;3.0.60&#8243;]<\/p>\n<p style=\"top: -50px;\">\n<table id=\"wp-table-reloaded-id-8-no-1\" class=\"wp-table-reloaded wp-table-reloaded-id-8\">\n<tbody>\n\t<tr class=\"row-1 odd\">\n\t\t<td class=\"column-1\"><p lang=\"en-US\" align=\"JUSTIFY\"><strong><span style=\"font-size: large;\">Wir bieten Ihnen einen Versicherungs-Service an, um Sie gegen eventuelle Risiken abzusichern.<\/span><\/strong><\/p><br \/>\r\n<\/td>\n\t<\/tr>\n\t<tr class=\"row-2 even\">\n\t\t<td class=\"column-1\"><p lang=\"en-US\" align=\"JUSTIFY\"><strong><span style=\"font-size: large;\">Verkauf von Verpackungsmaterial: Kartons, Klebeband und Polsterfolie.<\/span><\/strong><\/p><br \/>\r\n<\/td>\n\t<\/tr>\n\t<tr class=\"row-3 odd\">\n\t\t<td class=\"column-1\"><p lang=\"en-US\" align=\"JUSTIFY\"><strong><span style=\"font-size: large;\">Versand und Empfang von G\u00fctern auch wenn der Eigent\u00fcmer nicht pers\u00f6nlich anwesend sein kann.<\/span><\/strong><\/p><br \/>\r\n<\/td>\n\t<\/tr>\n\t<tr class=\"row-4 even\">\n\t\t<td class=\"column-1\"><p lang=\"en-US\" align=\"JUSTIFY\"><strong><span style=\"font-size: large;\">Kontakte zu renommierten Transport- und Umzugsunternehmen.<\/span><\/strong><\/p><br \/>\r\n<\/td>\n\t<\/tr>\n<\/tbody>\n<\/table>\n<\/p>\n<p>\u00a0<\/p>\n<p style=\"top: -50px;\">\n<p>[\/et_pb_text][et_pb_slider show_arrows=&#8220;off&#8220; show_pagination=&#8220;off&#8220; auto=&#8220;on&#8220; auto_ignore_hover=&#8220;on&#8220; remove_inner_shadow=&#8220;on&#8220; top_padding=&#8220;25px&#8220; bottom_padding=&#8220;25px&#8220; _builder_version=&#8220;3.0.60&#8243; header_font=&#8220;|on|||&#8220; header_font_size=&#8220;32px&#8220; body_font=&#8220;|on|||&#8220; body_font_size=&#8220;24px&#8220; body_letter_spacing=&#8220;-1px&#8220; body_line_height=&#8220;1.3em&#8220; custom_button=&#8220;on&#8220; button_text_size=&#8220;14px&#8220; button_text_color=&#8220;#ffffff&#8220; button_bg_color=&#8220;#f99816&#8243; button_font=&#8220;|on|||&#8220; button_use_icon=&#8220;off&#8220; button_text_color_hover=&#8220;#ffffff&#8220; button_bg_color_hover=&#8220;#000000&#8243; custom_css_main_element=&#8220;background: #ffffff;||margin: 0px !important;||padding: 0px !important;||margin: 0px !important;||padding: 0px !important;&#8220;][et_pb_slide heading=&#8220;Brauchen Sie Stauraum&#8220; button_text=&#8220;(00351) \/ 282 798 490&#8243; button_link=&#8220;\/de\/kontakt\/&#8220; background_image=&#8220;https:\/\/u-store-portugal.com\/wp-content\/uploads\/2017\/06\/Slider-Background-3.png&#8220; background_position=&#8220;center_left&#8220; background_blend=&#8220;multiply&#8220; image=&#8220;https:\/\/u-store-portugal.com\/wp-content\/uploads\/2012\/01\/Self-Storage-Algarve-units.jpg&#8220; use_bg_overlay=&#8220;off&#8220; use_text_overlay=&#8220;off&#8220; background_layout=&#8220;light&#8220; _builder_version=&#8220;3.0.47&#8243; header_font_size=&#8220;36px&#8220; header_text_color=&#8220;#000000&#8243; header_line_height=&#8220;1.3em&#8220; body_font=&#8220;||||&#8220; custom_button=&#8220;off&#8220; custom_css_main_element=&#8220;margin-top: 0px;||margin-bottom: 0px;||&#8220;]<\/p>\n<p>U-Store kann Helfen<br \/>\nkontaktieren Sie heute<\/p>\n<p>[\/et_pb_slide][et_pb_slide heading=&#8220;Selbst &#8211; Lagerung&#8220; button_text=&#8220;(00351) \/ 282 798 490&#8243; button_link=&#8220;\/de\/kontakt\/&#8220; background_image=&#8220;https:\/\/u-store-portugal.com\/wp-content\/uploads\/2017\/06\/Slider-Background-3.png&#8220; background_position=&#8220;center_left&#8220; image=&#8220;https:\/\/u-store-portugal.com\/wp-content\/uploads\/2017\/06\/self-storage-algarve_slide2.jpg&#8220; use_bg_overlay=&#8220;off&#8220; use_text_overlay=&#8220;off&#8220; background_layout=&#8220;light&#8220; _builder_version=&#8220;3.0.47&#8243; header_font_size=&#8220;36px&#8220; header_line_height=&#8220;1.3em&#8220; body_font=&#8220;||||&#8220; custom_css_main_element=&#8220;margin-top: 0px;||margin-bottom: 0px;||&#8220;]<\/p>\n<p>W\u00f6chentlich, Monatlich, J\u00e4hrlich<br \/>\nKeine versteckten Geb\u00fchren<\/p>\n<p>[\/et_pb_slide][et_pb_slide heading=&#8220;Einzelne Einheiten geschlossen&#8220; button_text=&#8220;(00351) \/ 282 798 490&#8243; button_link=&#8220;\/de\/kontakt\/&#8220; background_image=&#8220;https:\/\/u-store-portugal.com\/wp-content\/uploads\/2017\/06\/Slider-Background-3.png&#8220; background_position=&#8220;center_left&#8220; background_blend=&#8220;multiply&#8220; image=&#8220;https:\/\/u-store-portugal.com\/wp-content\/uploads\/2017\/08\/unit-20-Ustore-Lagos-Algarve-Portugal-Storage-Units.jpg&#8220; use_bg_overlay=&#8220;off&#8220; use_text_overlay=&#8220;off&#8220; background_layout=&#8220;light&#8220; _builder_version=&#8220;3.0.47&#8243; header_font_size=&#8220;36px&#8220; header_line_height=&#8220;1.3em&#8220; body_font=&#8220;||||&#8220; custom_css_main_element=&#8220;margin-top: 0px;||margin-bottom: 0px;||&#8220;]Trocken, sauber und sicher[\/et_pb_slide][et_pb_slide heading=&#8220;Zugang t\u00e4glich&#8220; button_text=&#8220;(00351) \/ 282 798 490&#8243; button_link=&#8220;\/de\/kontakt\/&#8220; background_image=&#8220;https:\/\/u-store-portugal.com\/wp-content\/uploads\/2017\/06\/Slider-Background-3.png&#8220; background_position=&#8220;center_left&#8220; background_blend=&#8220;multiply&#8220; image=&#8220;https:\/\/u-store-portugal.com\/wp-content\/uploads\/2017\/06\/self-storage-algarve_slide6.jpg&#8220; use_bg_overlay=&#8220;off&#8220; use_text_overlay=&#8220;off&#8220; background_layout=&#8220;light&#8220; _builder_version=&#8220;3.0.47&#8243; header_font_size=&#8220;36px&#8220; header_line_height=&#8220;1.3em&#8220; body_font=&#8220;||||&#8220; custom_button=&#8220;off&#8220; custom_css_main_element=&#8220;margin-top: 0px;||margin-bottom: 0px;||&#8220;]Lagerung f\u00fcr Privat- und Gesch\u00e4ftskunden[\/et_pb_slide][et_pb_slide heading=&#8220; Freundliches Personal&#8220; button_text=&#8220;(00351) \/ 282 798 490&#8243; button_link=&#8220;\/de\/kontakt\/&#8220; background_image=&#8220;https:\/\/u-store-portugal.com\/wp-content\/uploads\/2017\/06\/Slider-Background-3.png&#8220; background_position=&#8220;center_left&#8220; background_blend=&#8220;multiply&#8220; image=&#8220;https:\/\/u-store-portugal.com\/wp-content\/uploads\/2017\/06\/self-storage-algarve_slide4.jpg&#8220; use_bg_overlay=&#8220;off&#8220; use_text_overlay=&#8220;off&#8220; background_layout=&#8220;light&#8220; _builder_version=&#8220;3.0.47&#8243; header_font=&#8220;||||&#8220; header_font_size=&#8220;36px&#8220; header_font_size_tablet=&#8220;36px&#8220; header_font_size_phone=&#8220;36px&#8220; header_line_height=&#8220;1.3em&#8220; header_line_height_tablet=&#8220;1.3em&#8220; header_line_height_phone=&#8220;1.3em&#8220; body_font=&#8220;||||&#8220; custom_button=&#8220;off&#8220; button_icon_placement=&#8220;right&#8220; button_on_hover=&#8220;on&#8220; custom_css_main_element=&#8220;margin-top: 0px;||margin-bottom: 0px;||&#8220;]Vollst\u00e4ndig isolierte Anlagen[\/et_pb_slide][\/et_pb_slider][\/et_pb_column][et_pb_column type=&#8220;1_3&#8243; _builder_version=&#8220;3.0.47&#8243; parallax=&#8220;off&#8220; parallax_method=&#8220;on&#8220;][et_pb_text text_orientation=&#8220;center&#8220; max_width_tablet=&#8220;50%&#8220; max_width_phone=&#8220;100%&#8220; max_width_last_edited=&#8220;on|phone&#8220; admin_label=&#8220;Text&#8220; module_class=&#8220;ora-box&#8220; _builder_version=&#8220;3.0.51&#8243; custom_padding=&#8220;||30px|&#8220; saved_tabs=&#8220;all&#8220;]<\/p>\n<h2><strong>Kontakt \u00a0U-Store<\/strong><\/h2>\n<p><span style=\"color: #000000; font-size: large;\"><strong>Tel:<\/strong> (00351) \/ <a style=\"color: #000000;\" title=\"Call 2 U store Lagos Portugal\" href=\"tel:00351282798490\">282 798 490<\/a><\/span><\/p>\n<p><span style=\"color: #000000; font-size: large;\"><strong>Mobile:<\/strong> \u00a0(00351) \/ <a style=\"color: #000000;\" title=\"Call U store Lagos Portugal\" href=\"tel:00351917010365\">917 010 365<\/a><\/span><\/p>\n<p><span style=\"color: #000000; font-size: large;\"><strong>mail:<\/strong> <a style=\"color: #000000;\" title=\"Email U Store Lagos Portugal\" href=\"mailto:info@u-store-portugal.com\">info@u-store-portugal.com<\/a><\/span><\/p>\n<p>[\/et_pb_text][et_pb_text text_orientation=&#8220;center&#8220; max_width_tablet=&#8220;50%&#8220; max_width_phone=&#8220;100%&#8220; max_width_last_edited=&#8220;on|tablet&#8220; admin_label=&#8220;Text&#8220; module_class=&#8220;ora-box&#8220; _builder_version=&#8220;3.0.60&#8243; saved_tabs=&#8220;all&#8220;]<\/p>\n<h2 style=\"text-align: center;\"><strong>Finden Sie uns auf Google Maps<\/strong><strong style=\"color: #000000; font-size: x-large; font-family: Lato, Helvetica, Arial, Lucida, sans-serif;\"><a href=\"https:\/\/www.google.pt\/maps\/dir\/''\/u+store+lagos\/data=!4m5!4m4!1m0!1m2!1m1!1s0xd1b30231709c8ad:0x4165fda28d30421b?sa=X&#038;ved=0ahUKEwiFhenF8bjUAhWJhRoKHYsyAoIQ9RcIdzAM\" target=\"_blank\" rel=\"noopener noreferrer\"><img loading=\"lazy\" decoding=\"async\" class=\"wp-image-268 alignnone size-medium\" src=\"https:\/\/u-store-portugal.com\/wp-content\/uploads\/2012\/02\/Self_Storage_Algarve_map_thmb1-300x228.jpg\" alt=\"\" width=\"300\" height=\"228\" srcset=\"https:\/\/u-store-portugal.com\/wp-content\/uploads\/2012\/02\/Self_Storage_Algarve_map_thmb1-300x228.jpg 300w, https:\/\/u-store-portugal.com\/wp-content\/uploads\/2012\/02\/Self_Storage_Algarve_map_thmb1.jpg 975w\" sizes=\"(max-width: 300px) 100vw, 300px\" \/><\/a><\/strong><\/h2>\n<p>[\/et_pb_text][et_pb_text text_orientation=&#8220;center&#8220; max_width_tablet=&#8220;50%&#8220; max_width_phone=&#8220;100%&#8220; max_width_last_edited=&#8220;on|phone&#8220; admin_label=&#8220;Text&#8220; module_class=&#8220;ora-box sid-bar&#8220; _builder_version=&#8220;3.0.60&#8243; saved_tabs=&#8220;all&#8220;]<\/p>\n<p class=\"\"><span style=\"font-family: Cuprum, Helvetica, Arial, Lucida, sans-serif;\"><span style=\"font-size: 24px; text-transform: uppercase;\"><b>Einzelne Einheiten geschlossen<\/b><\/span><\/span><b style=\"font-size: 16px;\"><a href=\"\/de\/for-home-and-for-business\/\"><img loading=\"lazy\" decoding=\"async\" class=\"wp-image-2059 alignnone size-full\" src=\"https:\/\/u-store-portugal.com\/wp-content\/uploads\/2017\/08\/unit-20-Ustore-Lagos-Algarve-Portugal-Storage-Units.jpg\" alt=\"\" width=\"1024\" height=\"765\" srcset=\"https:\/\/u-store-portugal.com\/wp-content\/uploads\/2017\/08\/unit-20-Ustore-Lagos-Algarve-Portugal-Storage-Units.jpg 1024w, https:\/\/u-store-portugal.com\/wp-content\/uploads\/2017\/08\/unit-20-Ustore-Lagos-Algarve-Portugal-Storage-Units-300x224.jpg 300w, https:\/\/u-store-portugal.com\/wp-content\/uploads\/2017\/08\/unit-20-Ustore-Lagos-Algarve-Portugal-Storage-Units-768x574.jpg 768w, https:\/\/u-store-portugal.com\/wp-content\/uploads\/2017\/08\/unit-20-Ustore-Lagos-Algarve-Portugal-Storage-Units-510x382.jpg 510w\" sizes=\"(max-width: 1024px) 100vw, 1024px\" \/><\/a><\/b><\/p>\n<p>[\/et_pb_text][et_pb_text text_orientation=&#8220;center&#8220; max_width_tablet=&#8220;50%&#8220; max_width_phone=&#8220;100%&#8220; max_width_last_edited=&#8220;on|phone&#8220; admin_label=&#8220;Text&#8220; module_class=&#8220;ora-box sid-bar&#8220; _builder_version=&#8220;3.0.60&#8243; saved_tabs=&#8220;all&#8220;]<\/p>\n<h2 style=\"text-align: center;\"><strong>PALETTE LAGERUNG<\/strong><a title=\"Pallet Storage\" href=\"https:\/\/u-store-portugal.com\/de\/paletten-lagerung-2\/\"><img loading=\"lazy\" decoding=\"async\" class=\"wp-image-1863 alignnone size-medium\" src=\"https:\/\/u-store-portugal.com\/wp-content\/uploads\/2017\/06\/Self_Storage_Algarve_Pallet_Storaget1-300x225.jpg\" alt=\"\" width=\"300\" height=\"225\" srcset=\"https:\/\/u-store-portugal.com\/wp-content\/uploads\/2017\/06\/Self_Storage_Algarve_Pallet_Storaget1-300x225.jpg 300w, https:\/\/u-store-portugal.com\/wp-content\/uploads\/2017\/06\/Self_Storage_Algarve_Pallet_Storaget1-768x576.jpg 768w, https:\/\/u-store-portugal.com\/wp-content\/uploads\/2017\/06\/Self_Storage_Algarve_Pallet_Storaget1-510x382.jpg 510w, https:\/\/u-store-portugal.com\/wp-content\/uploads\/2017\/06\/Self_Storage_Algarve_Pallet_Storaget1.jpg 800w\" sizes=\"(max-width: 300px) 100vw, 300px\" \/><\/a><\/h2>\n<p>[\/et_pb_text][\/et_pb_column][\/et_pb_row][\/et_pb_section]<\/p>\n","protected":false},"excerpt":{"rendered":"<p>Dienstleistungen im U-Store\n<table id=\"wp-table-reloaded-id-8-no-1\" class=\"wp-table-reloaded wp-table-reloaded-id-8\">\n<tbody>\n\t<tr class=\"row-1 odd\">\n\t\t<td class=\"column-1\"><p lang=\"en-US\" align=\"JUSTIFY\"><strong><span style=\"font-size: large;\">Wir bieten Ihnen einen Versicherungs-Service an, um Sie gegen eventuelle Risiken abzusichern.<\/span><\/strong><\/p><br \/>\r\n<\/td>\n\t<\/tr>\n\t<tr class=\"row-2 even\">\n\t\t<td class=\"column-1\"><p lang=\"en-US\" align=\"JUSTIFY\"><strong><span style=\"font-size: large;\">Verkauf von Verpackungsmaterial: Kartons, Klebeband und Polsterfolie.<\/span><\/strong><\/p><br \/>\r\n<\/td>\n\t<\/tr>\n\t<tr class=\"row-3 odd\">\n\t\t<td class=\"column-1\"><p lang=\"en-US\" align=\"JUSTIFY\"><strong><span style=\"font-size: large;\">Versand und Empfang von G\u00fctern auch wenn der Eigent\u00fcmer nicht pers\u00f6nlich anwesend sein kann.<\/span><\/strong><\/p><br \/>\r\n<\/td>\n\t<\/tr>\n\t<tr class=\"row-4 even\">\n\t\t<td class=\"column-1\"><p lang=\"en-US\" align=\"JUSTIFY\"><strong><span style=\"font-size: large;\">Kontakte zu renommierten Transport- und Umzugsunternehmen.<\/span><\/strong><\/p><br \/>\r\n<\/td>\n\t<\/tr>\n<\/tbody>\n<\/table>\n \u00a0 U-Store kann Helfen kontaktieren Sie heute W\u00f6chentlich, Monatlich, J\u00e4hrlich Keine versteckten Geb\u00fchren Trocken, sauber und sicherLagerung f\u00fcr Privat- und Gesch\u00e4ftskundenVollst\u00e4ndig isolierte AnlagenKontakt \u00a0U-Store Tel: (00351) \/ 282 798 490 Mobile: \u00a0(00351) \/ 917 010 365 mail: info@u-store-portugal.comFinden Sie uns auf Google MapsEinzelne Einheiten geschlossenPALETTE LAGERUNG<\/p>\n","protected":false},"author":1,"featured_media":0,"parent":0,"menu_order":0,"comment_status":"closed","ping_status":"closed","template":"","meta":{"_seopress_robots_primary_cat":"","_seopress_titles_title":"","_seopress_titles_desc":"","_seopress_robots_index":"","_et_pb_use_builder":"on","_et_pb_old_content":"<p style=\"top: -50px;\"><span style=\"font-size: x-large;\"><strong>Services at U-Store<\/strong><\/span> <strong>[table id=5 \/]<\/strong><\/p><p style=\"top: -50px;\">\u00a0<\/p>","_et_gb_content_width":"","footnotes":""},"class_list":["post-1474","page","type-page","status-publish","hentry"],"_links":{"self":[{"href":"https:\/\/u-store-portugal.com\/de\/wp-json\/wp\/v2\/pages\/1474","targetHints":{"allow":["GET"]}}],"collection":[{"href":"https:\/\/u-store-portugal.com\/de\/wp-json\/wp\/v2\/pages"}],"about":[{"href":"https:\/\/u-store-portugal.com\/de\/wp-json\/wp\/v2\/types\/page"}],"author":[{"embeddable":true,"href":"https:\/\/u-store-portugal.com\/de\/wp-json\/wp\/v2\/users\/1"}],"replies":[{"embeddable":true,"href":"https:\/\/u-store-portugal.com\/de\/wp-json\/wp\/v2\/comments?post=1474"}],"version-history":[{"count":4,"href":"https:\/\/u-store-portugal.com\/de\/wp-json\/wp\/v2\/pages\/1474\/revisions"}],"predecessor-version":[{"id":2328,"href":"https:\/\/u-store-portugal.com\/de\/wp-json\/wp\/v2\/pages\/1474\/revisions\/2328"}],"wp:attachment":[{"href":"https:\/\/u-store-portugal.com\/de\/wp-json\/wp\/v2\/media?parent=1474"}],"curies":[{"name":"wp","href":"https:\/\/api.w.org\/{rel}","templated":true}]}}