{"id":1976,"date":"2017-07-19T14:52:50","date_gmt":"2017-07-19T14:52:50","guid":{"rendered":"https:\/\/u-store-portugal.com\/paletten-lagerung-2\/"},"modified":"2017-09-06T13:58:02","modified_gmt":"2017-09-06T13:58:02","slug":"paletten-lagerung-2","status":"publish","type":"page","link":"https:\/\/u-store-portugal.com\/de\/paletten-lagerung-2\/","title":{"rendered":"Paletten Lagerung"},"content":{"rendered":"<p>[et_pb_section fb_built=&#8220;1&#8243; _builder_version=&#8220;3.0.47&#8243;][et_pb_row _builder_version=&#8220;3.0.60&#8243; background_size=&#8220;initial&#8220; background_position=&#8220;top_left&#8220; background_repeat=&#8220;repeat&#8220;][et_pb_column type=&#8220;2_3&#8243; _builder_version=&#8220;3.0.47&#8243; parallax=&#8220;off&#8220; parallax_method=&#8220;on&#8220;][et_pb_image src=&#8220;https:\/\/u-store-portugal.com\/wp-content\/uploads\/2017\/06\/Self_Storage_Algarve_Large_Shipment_Storage_de.jpg&#8220; animation=&#8220;fade_in&#8220; _builder_version=&#8220;3.0.60&#8243; custom_css_before=&#8220;content: %22%22;||background: #fff;||opacity: 0.3;||top: 0;||right: 0;||bottom: 0;||left: 0;||position: absolute;||||||||&#8220; custom_css_main_element=&#8220;position: relative;&#8220;][\/et_pb_image][et_pb_text _builder_version=&#8220;3.0.60&#8243; custom_css_main_element=&#8220;position: absolute;||top: 0;||right:0;||bottom: 55%;||left: 0;||display: block;||text-shadow: 1px 1px 1px #ffffff;&#8220;]<\/p>\n<h1>Paletten Lagerung<\/h1>\n<p>[\/et_pb_text][et_pb_text _builder_version=&#8220;3.0.60&#8243;]<\/p>\n<p>U-Store bietet Ihnen kosteng\u00fcnstig die besten Konditionen f\u00fcr Ihre Waren: Wir bieten Ihnen ein umfassendes Angebot an kurzfristigen und langfristigen Palettenlagerl\u00f6sungen mit h\u00f6chster Sicherheit, innen und au\u00dfen. Wir sind immer zur Hand, um freundlichen Rat zu geben und Ihnen zu helfen, die richtige Palettenlagergr\u00f6\u00dfe auszuw\u00e4hlen und wie Sie das Beste aus Ihrem Platz machen k\u00f6nnen.<\/p>\n<p>Paletten lagerung ist eine sehr \u00f6konomische Weise, nur eine kleine Menge von Waren zu speichern, aber nur verwendbar f\u00fcr Einzelteile, die verpackt werden k\u00f6nnen, bevor sie gestapelt werden und dann in schwarzen Film eingewickelt werden.<\/p>\n<p>\u00a0<\/p>\n<p>[\/et_pb_text][\/et_pb_column][et_pb_column type=&#8220;1_3&#8243; _builder_version=&#8220;3.0.47&#8243; parallax=&#8220;off&#8220; parallax_method=&#8220;on&#8220;][et_pb_text text_orientation=&#8220;center&#8220; max_width_tablet=&#8220;50%&#8220; max_width_phone=&#8220;100%&#8220; max_width_last_edited=&#8220;on|phone&#8220; admin_label=&#8220;Text&#8220; module_class=&#8220;ora-box&#8220; _builder_version=&#8220;3.0.51&#8243; custom_padding=&#8220;||30px|&#8220; saved_tabs=&#8220;all&#8220;]<\/p>\n<p><strong style=\"color: #000000; font-size: x-large;\">Kontact U-Store<\/strong><\/p>\n<p><span style=\"color: #000000; font-size: large;\"><strong>Tel:<\/strong> (00351) \/ <a style=\"color: #000000;\" title=\"Call 2 U store Lagos Portugal\" href=\"tel:00351282798490\">282 798 490<\/a><\/span><\/p>\n<p><span style=\"color: #000000; font-size: large;\"><strong>Mobile:<\/strong> \u00a0(00351) \/ <a style=\"color: #000000;\" title=\"Call U store Lagos Portugal\" href=\"tel:00351917010365\">917 010 365<\/a><\/span><\/p>\n<p><span style=\"color: #000000; font-size: large;\"><strong>mail:<\/strong> <a style=\"color: #000000;\" title=\"Email U Store Lagos Portugal\" href=\"mailto:info@u-store-portugal.com\">info@u-store-portugal.com<\/a><\/span><\/p>\n<p>[\/et_pb_text][et_pb_text text_orientation=&#8220;center&#8220; max_width_tablet=&#8220;50%&#8220; max_width_phone=&#8220;100%&#8220; max_width_last_edited=&#8220;on|tablet&#8220; admin_label=&#8220;Text&#8220; module_class=&#8220;ora-box&#8220; _builder_version=&#8220;3.0.60&#8243; saved_tabs=&#8220;all&#8220;]<\/p>\n<h2><strong>FINDEN SIE UNS AUF GOOGLE MAPS<\/strong><strong style=\"color: #000000; font-size: x-large; font-family: Lato, Helvetica, Arial, Lucida, sans-serif;\"><a href=\"https:\/\/www.google.pt\/maps\/dir\/''\/u+store+lagos\/data=!4m5!4m4!1m0!1m2!1m1!1s0xd1b30231709c8ad:0x4165fda28d30421b?sa=X&#038;ved=0ahUKEwiFhenF8bjUAhWJhRoKHYsyAoIQ9RcIdzAM\" target=\"_blank\" rel=\"noopener noreferrer\"><img loading=\"lazy\" decoding=\"async\" class=\"wp-image-268 alignnone size-medium\" src=\"https:\/\/u-store-portugal.com\/wp-content\/uploads\/2012\/02\/Self_Storage_Algarve_map_thmb1-300x228.jpg\" alt=\"\" width=\"300\" height=\"228\" srcset=\"https:\/\/u-store-portugal.com\/wp-content\/uploads\/2012\/02\/Self_Storage_Algarve_map_thmb1-300x228.jpg 300w, https:\/\/u-store-portugal.com\/wp-content\/uploads\/2012\/02\/Self_Storage_Algarve_map_thmb1.jpg 975w\" sizes=\"(max-width: 300px) 100vw, 300px\" \/><\/a><\/strong><\/h2>\n<p>[\/et_pb_text][et_pb_text text_orientation=&#8220;center&#8220; max_width_tablet=&#8220;50%&#8220; max_width_phone=&#8220;100%&#8220; max_width_last_edited=&#8220;on|phone&#8220; admin_label=&#8220;Text&#8220; module_class=&#8220;ora-box sid-bar&#8220; _builder_version=&#8220;3.0.69&#8243; saved_tabs=&#8220;all&#8220;]<\/p>\n<p class=\"\"><span style=\"font-family: Cuprum, Helvetica, Arial, Lucida, sans-serif;\"><span style=\"font-size: 24px; text-transform: uppercase;\"><b>Einzelne Einheiten geschlossen<br \/>\n<a href=\"\/de\/for-home-and-for-business\/\"><img loading=\"lazy\" decoding=\"async\" class=\"wp-image-2059 alignnone size-full\" src=\"https:\/\/u-store-portugal.com\/wp-content\/uploads\/2017\/08\/unit-20-Ustore-Lagos-Algarve-Portugal-Storage-Units.jpg\" alt=\"\" width=\"1024\" height=\"765\" srcset=\"https:\/\/u-store-portugal.com\/wp-content\/uploads\/2017\/08\/unit-20-Ustore-Lagos-Algarve-Portugal-Storage-Units.jpg 1024w, https:\/\/u-store-portugal.com\/wp-content\/uploads\/2017\/08\/unit-20-Ustore-Lagos-Algarve-Portugal-Storage-Units-300x224.jpg 300w, https:\/\/u-store-portugal.com\/wp-content\/uploads\/2017\/08\/unit-20-Ustore-Lagos-Algarve-Portugal-Storage-Units-768x574.jpg 768w, https:\/\/u-store-portugal.com\/wp-content\/uploads\/2017\/08\/unit-20-Ustore-Lagos-Algarve-Portugal-Storage-Units-510x382.jpg 510w\" sizes=\"(max-width: 1024px) 100vw, 1024px\" \/><\/a><br \/>\n<\/b><\/span><\/span><\/p>\n<p>[\/et_pb_text][\/et_pb_column][\/et_pb_row][\/et_pb_section]<\/p>\n","protected":false},"excerpt":{"rendered":"<p>Paletten LagerungU-Store bietet Ihnen kosteng\u00fcnstig die besten Konditionen f\u00fcr Ihre Waren: Wir bieten Ihnen ein umfassendes Angebot an kurzfristigen und langfristigen Palettenlagerl\u00f6sungen mit h\u00f6chster Sicherheit, innen und au\u00dfen. Wir sind immer zur Hand, um freundlichen Rat zu geben und Ihnen zu helfen, die richtige Palettenlagergr\u00f6\u00dfe auszuw\u00e4hlen und wie Sie das Beste aus Ihrem Platz machen [&hellip;]<\/p>\n","protected":false},"author":5,"featured_media":0,"parent":0,"menu_order":0,"comment_status":"closed","ping_status":"closed","template":"","meta":{"_seopress_robots_primary_cat":"","_seopress_titles_title":"","_seopress_titles_desc":"","_seopress_robots_index":"","_et_pb_use_builder":"on","_et_pb_old_content":"","_et_gb_content_width":"","footnotes":""},"class_list":["post-1976","page","type-page","status-publish","hentry"],"_links":{"self":[{"href":"https:\/\/u-store-portugal.com\/de\/wp-json\/wp\/v2\/pages\/1976","targetHints":{"allow":["GET"]}}],"collection":[{"href":"https:\/\/u-store-portugal.com\/de\/wp-json\/wp\/v2\/pages"}],"about":[{"href":"https:\/\/u-store-portugal.com\/de\/wp-json\/wp\/v2\/types\/page"}],"author":[{"embeddable":true,"href":"https:\/\/u-store-portugal.com\/de\/wp-json\/wp\/v2\/users\/5"}],"replies":[{"embeddable":true,"href":"https:\/\/u-store-portugal.com\/de\/wp-json\/wp\/v2\/comments?post=1976"}],"version-history":[{"count":4,"href":"https:\/\/u-store-portugal.com\/de\/wp-json\/wp\/v2\/pages\/1976\/revisions"}],"predecessor-version":[{"id":2447,"href":"https:\/\/u-store-portugal.com\/de\/wp-json\/wp\/v2\/pages\/1976\/revisions\/2447"}],"wp:attachment":[{"href":"https:\/\/u-store-portugal.com\/de\/wp-json\/wp\/v2\/media?parent=1976"}],"curies":[{"name":"wp","href":"https:\/\/api.w.org\/{rel}","templated":true}]}}