{"id":2003,"date":"2017-07-19T15:16:18","date_gmt":"2017-07-19T15:16:18","guid":{"rendered":"https:\/\/u-store-portugal.com\/for-home-and-for-business\/"},"modified":"2017-09-06T12:17:05","modified_gmt":"2017-09-06T12:17:05","slug":"for-home-and-for-business","status":"publish","type":"page","link":"https:\/\/u-store-portugal.com\/de\/for-home-and-for-business\/","title":{"rendered":"Einzelne Einheiten geschlossen"},"content":{"rendered":"<p>[et_pb_section fb_built=&#8220;1&#8243; _builder_version=&#8220;3.0.47&#8243;][et_pb_row _builder_version=&#8220;3.0.60&#8243; background_size=&#8220;initial&#8220; background_position=&#8220;top_left&#8220; background_repeat=&#8220;repeat&#8220;][et_pb_column type=&#8220;2_3&#8243; _builder_version=&#8220;3.0.47&#8243; parallax=&#8220;off&#8220; parallax_method=&#8220;on&#8220;][et_pb_image src=&#8220;https:\/\/u-store-portugal.com\/wp-content\/uploads\/2017\/08\/unit-20-Ustore-Lagos-Algarve-Portugal-Storage-Units.jpg&#8220; animation=&#8220;fade_in&#8220; align=&#8220;center&#8220; _builder_version=&#8220;3.0.69&#8243; custom_css_main_element=&#8220;position: relative;&#8220;][\/et_pb_image][et_pb_text _builder_version=&#8220;3.0.60&#8243; custom_css_main_element=&#8220;position: absolute;||top: 0;||right:0;||bottom: 55%;||left: 0;||display: block;||text-shadow: 1px 1px 1px #ffffff;&#8220;]<\/p>\n<h1>Einzelne Einheiten geschlossen<\/h1>\n<p>[\/et_pb_text][et_pb_text _builder_version=&#8220;3.0.60&#8243;]Die U-Store bietet privaten und gewerblichen Lagerung bei niedrigen Kosten. Wir bieten die besten Bedingungen f\u00fcr Lagerung Ihr Verm\u00f6gen sicher zu verstauen: Wir bieten eine breite Palette von Storage-L\u00f6sungen f\u00fcr kurze- und langfristige Speicherung sowie gr\u00f6\u00dferen Lagereinheiten.<br \/>\nMit einem hohen Ma\u00df an Sicherheit sind wir immer verf\u00fcgbar, um Ihnen zu beraten und Ihnen zu helfen, die richtige Gr\u00f6\u00dfe f\u00fcr die Lagerung zu w\u00e4hlen und wie Sie das Beste aus dem Raum machen k\u00f6nnen.<\/p>\n<p>Unsere einzelnen Lagereinheiten sind in einem g\u00fcnstigen Umfeld und sorgt f\u00fcr eine gesch\u00fctzte Lagerung-Methode, sauber, trocken und in tadellosem Zustand.[\/et_pb_text][\/et_pb_column][et_pb_column type=&#8220;1_3&#8243; _builder_version=&#8220;3.0.47&#8243; parallax=&#8220;off&#8220; parallax_method=&#8220;on&#8220;][et_pb_text text_orientation=&#8220;center&#8220; max_width_tablet=&#8220;50%&#8220; max_width_phone=&#8220;100%&#8220; max_width_last_edited=&#8220;on|phone&#8220; admin_label=&#8220;Text&#8220; module_class=&#8220;ora-box&#8220; _builder_version=&#8220;3.0.51&#8243; custom_padding=&#8220;||30px|&#8220; global_module=&#8220;1311&#8243; saved_tabs=&#8220;all&#8220;]<\/p>\n<h2><strong>KONTAKT U-STORE<\/strong><\/h2>\n<p><span style=\"color: #000000; font-size: large;\"><strong>Tel\/Fax:<\/strong> (00351) \/ <a style=\"color: #000000;\" title=\"Call 2 U store Lagos Portugal\" href=\"tel:00351282798490\">282 798 490<\/a><\/span><\/p>\n<p><span style=\"color: #000000; font-size: large;\"><strong>Mobile:<\/strong> \u00a0(00351) \/ <a style=\"color: #000000;\" title=\"Call U store Lagos Portugal\" href=\"tel:00351917010365\">917 010 365<\/a><\/span><\/p>\n<p><span style=\"color: #000000; font-size: large;\"><strong>mail:<\/strong> <a style=\"color: #000000;\" title=\"Email U Store Lagos Portugal\" href=\"mailto:info@u-store-portugal.com\">info@u-store-portugal.com<\/a><\/span>[\/et_pb_text][et_pb_text text_orientation=&#8220;center&#8220; max_width_tablet=&#8220;50%&#8220; max_width_phone=&#8220;100%&#8220; max_width_last_edited=&#8220;on|tablet&#8220; admin_label=&#8220;Text&#8220; module_class=&#8220;ora-box&#8220; _builder_version=&#8220;3.0.60&#8243; global_module=&#8220;1312&#8243; saved_tabs=&#8220;all&#8220;]<\/p>\n<h2 style=\"text-align: center;\"><strong>FINDEN SIE UNS AUF GOOGLE MAPS<\/strong><span style=\"color: #000000; font-size: x-large;\"><strong><a href=\"https:\/\/www.google.pt\/maps\/dir\/''\/u+store+lagos\/data=!4m5!4m4!1m0!1m2!1m1!1s0xd1b30231709c8ad:0x4165fda28d30421b?sa=X&amp;ved=0ahUKEwiFhenF8bjUAhWJhRoKHYsyAoIQ9RcIdzAM\" target=\"_blank\" rel=\"noopener\"><img loading=\"lazy\" decoding=\"async\" class=\"wp-image-268 alignnone size-medium\" src=\"https:\/\/u-store-portugal.com\/wp-content\/uploads\/2012\/02\/Self_Storage_Algarve_map_thmb1-300x228.jpg\" alt=\"\" width=\"300\" height=\"228\" srcset=\"https:\/\/u-store-portugal.com\/wp-content\/uploads\/2012\/02\/Self_Storage_Algarve_map_thmb1-300x228.jpg 300w, https:\/\/u-store-portugal.com\/wp-content\/uploads\/2012\/02\/Self_Storage_Algarve_map_thmb1.jpg 975w\" sizes=\"(max-width: 300px) 100vw, 300px\" \/><\/a><\/strong><\/span><\/h2>\n<p>&nbsp;[\/et_pb_text][et_pb_text text_orientation=&#8220;center&#8220; max_width_tablet=&#8220;50%&#8220; max_width_phone=&#8220;100%&#8220; max_width_last_edited=&#8220;on|phone&#8220; admin_label=&#8220;Text&#8220; module_class=&#8220;ora-box sid-bar&#8220; _builder_version=&#8220;3.0.60&#8243; global_module=&#8220;1313&#8243; saved_tabs=&#8220;all&#8220;]<\/p>\n<h2 style=\"text-align: center;\"><span style=\"font-size: x-large;\"><a title=\"Pallet Storage\" href=\"https:\/\/u-store-portugal.com\/de\/paletten-lagerung-2\/\"><span style=\"color: #000000;\"><strong>Palette Storage<\/strong><\/span><\/a><\/span><\/h2>\n<p>&nbsp;<\/p>\n<p style=\"text-align: center;\"><a title=\"Pallet Storage\" href=\"https:\/\/u-store-portugal.com\/de\/paletten-lagerung-2\/\"><img loading=\"lazy\" decoding=\"async\" class=\"wp-image-1863 alignnone size-medium\" src=\"https:\/\/u-store-portugal.com\/wp-content\/uploads\/2017\/06\/Self_Storage_Algarve_Pallet_Storaget1-300x225.jpg\" alt=\"\" width=\"300\" height=\"225\" srcset=\"https:\/\/u-store-portugal.com\/wp-content\/uploads\/2017\/06\/Self_Storage_Algarve_Pallet_Storaget1-300x225.jpg 300w, https:\/\/u-store-portugal.com\/wp-content\/uploads\/2017\/06\/Self_Storage_Algarve_Pallet_Storaget1-768x576.jpg 768w, https:\/\/u-store-portugal.com\/wp-content\/uploads\/2017\/06\/Self_Storage_Algarve_Pallet_Storaget1-510x382.jpg 510w, https:\/\/u-store-portugal.com\/wp-content\/uploads\/2017\/06\/Self_Storage_Algarve_Pallet_Storaget1.jpg 800w\" sizes=\"(max-width: 300px) 100vw, 300px\" \/><\/a><\/p>\n<p>&nbsp;[\/et_pb_text][\/et_pb_column][\/et_pb_row][\/et_pb_section]<\/p>\n","protected":false},"excerpt":{"rendered":"<p>Einzelne Einheiten geschlossenDie U-Store bietet privaten und gewerblichen Lagerung bei niedrigen Kosten. Wir bieten die besten Bedingungen f\u00fcr Lagerung Ihr Verm\u00f6gen sicher zu verstauen: Wir bieten eine breite Palette von Storage-L\u00f6sungen f\u00fcr kurze- und langfristige Speicherung sowie gr\u00f6\u00dferen Lagereinheiten. Mit einem hohen Ma\u00df an Sicherheit sind wir immer verf\u00fcgbar, um Ihnen zu beraten und Ihnen [&hellip;]<\/p>\n","protected":false},"author":5,"featured_media":0,"parent":0,"menu_order":0,"comment_status":"closed","ping_status":"closed","template":"","meta":{"_seopress_robots_primary_cat":"","_seopress_titles_title":"","_seopress_titles_desc":"","_seopress_robots_index":"","_et_pb_use_builder":"on","_et_pb_old_content":"","_et_gb_content_width":"","footnotes":""},"class_list":["post-2003","page","type-page","status-publish","hentry"],"_links":{"self":[{"href":"https:\/\/u-store-portugal.com\/de\/wp-json\/wp\/v2\/pages\/2003","targetHints":{"allow":["GET"]}}],"collection":[{"href":"https:\/\/u-store-portugal.com\/de\/wp-json\/wp\/v2\/pages"}],"about":[{"href":"https:\/\/u-store-portugal.com\/de\/wp-json\/wp\/v2\/types\/page"}],"author":[{"embeddable":true,"href":"https:\/\/u-store-portugal.com\/de\/wp-json\/wp\/v2\/users\/5"}],"replies":[{"embeddable":true,"href":"https:\/\/u-store-portugal.com\/de\/wp-json\/wp\/v2\/comments?post=2003"}],"version-history":[{"count":5,"href":"https:\/\/u-store-portugal.com\/de\/wp-json\/wp\/v2\/pages\/2003\/revisions"}],"predecessor-version":[{"id":2432,"href":"https:\/\/u-store-portugal.com\/de\/wp-json\/wp\/v2\/pages\/2003\/revisions\/2432"}],"wp:attachment":[{"href":"https:\/\/u-store-portugal.com\/de\/wp-json\/wp\/v2\/media?parent=2003"}],"curies":[{"name":"wp","href":"https:\/\/api.w.org\/{rel}","templated":true}]}}