{"id":1027,"date":"2012-02-07T12:06:14","date_gmt":"2012-02-07T12:06:14","guid":{"rendered":"https:\/\/u-store-portugal.com\/armazenamento-de-veiculos-algarve\/"},"modified":"2022-09-09T14:52:26","modified_gmt":"2022-09-09T14:52:26","slug":"armazenamento-de-bicicletas-praticas-e-seguras","status":"publish","type":"page","link":"https:\/\/u-store-portugal.com\/pt-pt\/armazenamento-de-bicicletas-praticas-e-seguras\/","title":{"rendered":"Armazenamento de bicicletas pr\u00e1ticas e seguras"},"content":{"rendered":"<p>[et_pb_section fb_built=&#8221;1&#8243; _builder_version=&#8221;4.16&#8243; global_colors_info=&#8221;{}&#8221;][et_pb_row column_structure=&#8221;3_5,2_5&#8243; _builder_version=&#8221;4.16&#8243; background_size=&#8221;initial&#8221; background_position=&#8221;top_left&#8221; background_repeat=&#8221;repeat&#8221; global_colors_info=&#8221;{}&#8221;][et_pb_column type=&#8221;3_5&#8243; _builder_version=&#8221;4.16&#8243; custom_padding=&#8221;|||&#8221; global_colors_info=&#8221;{}&#8221; custom_padding__hover=&#8221;|||&#8221;][et_pb_image src=&#8221;https:\/\/u-store-portugal.com\/wp-content\/uploads\/2022\/06\/Ustore-Bike-Storage-Lagos-Algarve-1-1024&#215;770.jpg&#8221; title_text=&#8221;Ustore Bike Storage Lagos Algarve (1)&#8221; align=&#8221;center&#8221; _builder_version=&#8221;4.17.4&#8243; _module_preset=&#8221;default&#8221; custom_css_main_element=&#8221;position: relative;&#8221; global_colors_info=&#8221;{}&#8221;][\/et_pb_image][et_pb_text _builder_version=&#8221;4.17.4&#8243; background_size=&#8221;initial&#8221; background_position=&#8221;top_left&#8221; background_repeat=&#8221;repeat&#8221; custom_padding=&#8221;15px|15px|15px|15px|true|true&#8221; hover_enabled=&#8221;0&#8243; custom_css_main_element=&#8221;position: absolute;||top: 0;||right:0;||bottom: 55%;||left: 0;||display: block;||text-shadow: 1px 1px 1px #ffffff;&#8221; global_colors_info=&#8221;{}&#8221; sticky_enabled=&#8221;0&#8243;]<\/p>\n<h1>Armazenamento de bicicletas pr\u00e1tico e seguro<\/h1>\n<p>[\/et_pb_text][et_pb_text _builder_version=&#8221;4.17.3&#8243; background_size=&#8221;initial&#8221; background_position=&#8221;top_left&#8221; background_repeat=&#8221;repeat&#8221; global_colors_info=&#8221;{}&#8221;]<\/p>\n<p>A U-Store Algarve possui as melhores condi\u00e7\u00f5es para guardar as suas bicicletas num local seguro e de baixo custo. Fornecemos solu\u00e7\u00f5es de armazenamento de bicicletas de curto e longo prazo, com o mais alto n\u00edvel de seguran\u00e7a e prote\u00e7\u00e3o, e oferecemos uma forma pr\u00e1tica de guardar a sua bicicleta quando n\u00e3o estiver a us\u00e1-la. Esta ficar\u00e1 trancada no suporte de estacionamento para bicicletas e ficar\u00e1 coberta, de forma a garantir a sua seguran\u00e7a e prote\u00e7\u00e3o. O armazenamento de bicicletas da U-Store \u00e9 a melhor solu\u00e7\u00e3o para guardar a sua bicicleta num local seguro, protegido e acess\u00edvel, localizado em Lagos, Algarve. Estamos sempre \u00e0 disposi\u00e7\u00e3o para aconselh\u00e1-lo.<\/p>\n<p>O nosso armazenamento de bicicletas est\u00e1 localizado na nossa segunda instala\u00e7\u00e3o, \u00e0 qual o acesso ser\u00e1 apenas concedido sob marca\u00e7\u00e3o.<\/p>\n<p>[\/et_pb_text][\/et_pb_column][et_pb_column type=&#8221;2_5&#8243; _builder_version=&#8221;4.16&#8243; custom_padding=&#8221;|||&#8221; global_colors_info=&#8221;{}&#8221; custom_padding__hover=&#8221;|||&#8221;][et_pb_text admin_label=&#8221;Text&#8221; module_class=&#8221;ora-box&#8221; _builder_version=&#8221;3.0.74&#8243; text_orientation=&#8221;center&#8221; max_width_tablet=&#8221;50%&#8221; max_width_phone=&#8221;100%&#8221; max_width_last_edited=&#8221;on|phone&#8221; module_alignment=&#8221;center&#8221; custom_padding=&#8221;||30px|&#8221; global_module=&#8221;1311&#8243; saved_tabs=&#8221;all&#8221; global_colors_info=&#8221;{}&#8221;]<\/p>\n<h2><span style=\"color: #000000; font-size: x-large;\"><strong>Contact U-Store<\/strong><\/span><\/h2>\n<p><span style=\"color: #000000; font-size: large;\"><strong>Tel:<\/strong> (00351) \/ <a style=\"color: #000000;\" title=\"Call 2 U store Lagos Portugal\" href=\"tel:00351282798490\">282 798 490<\/a><\/span><\/p>\n<p><span style=\"color: #000000; font-size: large;\"><strong>Mobile:<\/strong> \u00a0(00351) \/ <a style=\"color: #000000;\" title=\"Call U store Lagos Portugal\" href=\"tel:00351917010365\">917 010 365<\/a><\/span><\/p>\n<p><span style=\"color: #000000; font-size: large;\"><strong>mail:<\/strong> <a style=\"color: #000000;\" title=\"Email U Store Lagos Portugal\" href=\"mailto:info@u-store-portugal.com\">info@u-store-portugal.com<\/a><\/span><\/p>\n<p>[\/et_pb_text][et_pb_text admin_label=&#8221;Text&#8221; module_class=&#8221;ora-box sid-bar&#8221; _builder_version=&#8221;4.16&#8243; text_orientation=&#8221;center&#8221; max_width_tablet=&#8221;50%&#8221; max_width_phone=&#8221;100%&#8221; max_width_last_edited=&#8221;on|phone&#8221; module_alignment=&#8221;center&#8221; global_module=&#8221;1314&#8243; saved_tabs=&#8221;all&#8221; global_colors_info=&#8221;{}&#8221;]<\/p>\n<p class=\"\"><span face=\"Cuprum, Helvetica, Arial, Lucida, sans-serif\" style=\"font-family: Cuprum, Helvetica, Arial, Lucida, sans-serif;\"><span style=\"font-size: 24px; text-transform: uppercase;\"><b>Individual Locked<br \/>\nStorage Units<br \/>\n<a href=\"https:\/\/u-store-portugal.com\/pt-pt\/para-casa-e-para-negocios\/\"><img loading=\"lazy\" decoding=\"async\" src=\"https:\/\/u-store-portugal.com\/wp-content\/uploads\/2017\/08\/unit-20-Ustore-Lagos-Algarve-Portugal-Storage-Units.jpg\" width=\"1024\" height=\"765\" alt=\"\" class=\"wp-image-2059 alignnone size-full\" srcset=\"https:\/\/u-store-portugal.com\/wp-content\/uploads\/2017\/08\/unit-20-Ustore-Lagos-Algarve-Portugal-Storage-Units.jpg 1024w, https:\/\/u-store-portugal.com\/wp-content\/uploads\/2017\/08\/unit-20-Ustore-Lagos-Algarve-Portugal-Storage-Units-300x224.jpg 300w, https:\/\/u-store-portugal.com\/wp-content\/uploads\/2017\/08\/unit-20-Ustore-Lagos-Algarve-Portugal-Storage-Units-768x574.jpg 768w, https:\/\/u-store-portugal.com\/wp-content\/uploads\/2017\/08\/unit-20-Ustore-Lagos-Algarve-Portugal-Storage-Units-510x382.jpg 510w\" sizes=\"(max-width: 1024px) 100vw, 1024px\" \/><\/a><br \/>\n<\/b><\/span><\/span><\/p>\n<p>[\/et_pb_text][et_pb_text admin_label=&#8221;Text&#8221; module_class=&#8221;ora-box sid-bar&#8221; _builder_version=&#8221;4.17.3&#8243; text_orientation=&#8221;center&#8221; max_width_tablet=&#8221;50%&#8221; max_width_phone=&#8221;100%&#8221; max_width_last_edited=&#8221;on|phone&#8221; module_alignment=&#8221;center&#8221; global_module=&#8221;1313&#8243; saved_tabs=&#8221;all&#8221; global_colors_info=&#8221;{}&#8221;]<\/p>\n<h2 style=\"text-align: center;\"><span style=\"font-size: x-large;\"><a href=\"https:\/\/u-store-portugal.com\/pt-pt\/armazenamento-em-palete-2\/\" title=\"Pallet Storage\"><span style=\"color: #000000;\"><strong>pallet Storage<\/strong><\/span><\/a><\/span><\/h2>\n<p style=\"text-align: center;\" class=\"et-fb-mce-line-break-holder\"><a href=\"https:\/\/u-store-portugal.com\/pt-pt\/armazenamento-em-palete-2\/\" title=\"Pallet Storage\"><img loading=\"lazy\" decoding=\"async\" src=\"https:\/\/u-store-portugal.com\/wp-content\/uploads\/2017\/06\/Self_Storage_Algarve_Pallet_Storaget1-300x225.jpg\" width=\"300\" height=\"225\" alt=\"\" class=\"wp-image-1863 alignnone size-medium\" srcset=\"https:\/\/u-store-portugal.com\/wp-content\/uploads\/2017\/06\/Self_Storage_Algarve_Pallet_Storaget1-300x225.jpg 300w, https:\/\/u-store-portugal.com\/wp-content\/uploads\/2017\/06\/Self_Storage_Algarve_Pallet_Storaget1-768x576.jpg 768w, https:\/\/u-store-portugal.com\/wp-content\/uploads\/2017\/06\/Self_Storage_Algarve_Pallet_Storaget1-510x382.jpg 510w, https:\/\/u-store-portugal.com\/wp-content\/uploads\/2017\/06\/Self_Storage_Algarve_Pallet_Storaget1.jpg 800w\" sizes=\"(max-width: 300px) 100vw, 300px\" \/><\/a><\/p>\n<p>[\/et_pb_text][\/et_pb_column][\/et_pb_row][\/et_pb_section]<\/p>\n","protected":false},"excerpt":{"rendered":"<p>Armazenamento de bicicletas pr\u00e1tico e seguroA U-Store Algarve possui as melhores condi\u00e7\u00f5es para guardar as suas bicicletas num local seguro e de baixo custo. Fornecemos solu\u00e7\u00f5es de armazenamento de bicicletas de curto e longo prazo, com o mais alto n\u00edvel de seguran\u00e7a e prote\u00e7\u00e3o, e oferecemos uma forma pr\u00e1tica de guardar a sua bicicleta quando [&hellip;]<\/p>\n","protected":false},"author":1,"featured_media":0,"parent":0,"menu_order":0,"comment_status":"closed","ping_status":"closed","template":"","meta":{"_seopress_robots_primary_cat":"","_seopress_titles_title":"Armazenamento Seguro de Bicicletas Algarve - %%sitetitle%%","_seopress_titles_desc":"A U-Store Algarve oferece-lhe um armazenamento seguro de bicicletas de baixo custo com as melhores condi\u00e7\u00f5es para guardar as suas bicicletas. Fornecemos solu\u00e7\u00f5es pr\u00e1ticas de armazenamento de bicicletas de curto e longo prazo, com o mais alto n\u00edvel de seguran\u00e7a e prote\u00e7\u00e3o.","_seopress_robots_index":"","_et_pb_use_builder":"on","_et_pb_old_content":"","_et_gb_content_width":"","footnotes":""},"class_list":["post-1027","page","type-page","status-publish","hentry"],"_links":{"self":[{"href":"https:\/\/u-store-portugal.com\/pt-pt\/wp-json\/wp\/v2\/pages\/1027","targetHints":{"allow":["GET"]}}],"collection":[{"href":"https:\/\/u-store-portugal.com\/pt-pt\/wp-json\/wp\/v2\/pages"}],"about":[{"href":"https:\/\/u-store-portugal.com\/pt-pt\/wp-json\/wp\/v2\/types\/page"}],"author":[{"embeddable":true,"href":"https:\/\/u-store-portugal.com\/pt-pt\/wp-json\/wp\/v2\/users\/1"}],"replies":[{"embeddable":true,"href":"https:\/\/u-store-portugal.com\/pt-pt\/wp-json\/wp\/v2\/comments?post=1027"}],"version-history":[{"count":5,"href":"https:\/\/u-store-portugal.com\/pt-pt\/wp-json\/wp\/v2\/pages\/1027\/revisions"}],"predecessor-version":[{"id":2687,"href":"https:\/\/u-store-portugal.com\/pt-pt\/wp-json\/wp\/v2\/pages\/1027\/revisions\/2687"}],"wp:attachment":[{"href":"https:\/\/u-store-portugal.com\/pt-pt\/wp-json\/wp\/v2\/media?parent=1027"}],"curies":[{"name":"wp","href":"https:\/\/api.w.org\/{rel}","templated":true}]}}