{"id":1377,"date":"2017-06-12T21:22:57","date_gmt":"2017-06-12T21:22:57","guid":{"rendered":"https:\/\/u-store-portugal.com\/inicio\/"},"modified":"2023-09-13T10:04:49","modified_gmt":"2023-09-13T10:04:49","slug":"inicio","status":"publish","type":"page","link":"https:\/\/u-store-portugal.com\/pt-pt\/","title":{"rendered":"Inicio"},"content":{"rendered":"<p>[et_pb_section fb_built=&#8221;1&#8243; admin_label=&#8221;section&#8221; _builder_version=&#8221;4.16&#8243; custom_padding=&#8221;0px|0px|54px|0px&#8221; global_colors_info=&#8221;{}&#8221;][et_pb_row column_structure=&#8221;2_3,1_3&#8243; use_custom_gutter=&#8221;on&#8221; gutter_width=&#8221;3&#8243; make_equal=&#8221;on&#8221; admin_label=&#8221;row&#8221; module_class=&#8221; et_pb_row_fullwidth&#8221; _builder_version=&#8221;4.21.0&#8243; background_size=&#8221;initial&#8221; background_position=&#8221;top_left&#8221; background_repeat=&#8221;repeat&#8221; width=&#8221;89%&#8221; width_tablet=&#8221;80%&#8221; width_phone=&#8221;80%&#8221; width_last_edited=&#8221;on|desktop&#8221; max_width=&#8221;89%&#8221; max_width_tablet=&#8221;80%&#8221; max_width_phone=&#8221;80%&#8221; max_width_last_edited=&#8221;on|desktop&#8221; custom_margin=&#8221;|||&#8221; custom_padding=&#8221;|||&#8221; hover_enabled=&#8221;0&#8243; make_fullwidth=&#8221;on&#8221; global_colors_info=&#8221;{}&#8221; sticky_enabled=&#8221;0&#8243;][et_pb_column type=&#8221;2_3&#8243; module_class=&#8221;ora-box&#8221; _builder_version=&#8221;4.16&#8243; custom_padding=&#8221;|||&#8221; custom_css_main_element=&#8221;||&#8221; global_colors_info=&#8221;{}&#8221; custom_padding__hover=&#8221;|||&#8221;][et_pb_slider show_arrows=&#8221;off&#8221; show_pagination=&#8221;off&#8221; _builder_version=&#8221;4.21.0&#8243; header_font=&#8221;|on|||&#8221; header_font_size=&#8221;32px&#8221; body_font=&#8221;|on|||&#8221; body_font_size=&#8221;24px&#8221; body_letter_spacing=&#8221;-1px&#8221; body_line_height=&#8221;1.3em&#8221; custom_button=&#8221;on&#8221; button_text_size=&#8221;14px&#8221; button_text_color=&#8221;#ffffff&#8221; button_bg_color=&#8221;#f99816&#8243; button_font=&#8221;|on|||&#8221; button_use_icon=&#8221;off&#8221; custom_padding=&#8221;25px|0px|25px|0px&#8221; custom_padding_tablet=&#8221;|||&#8221; custom_padding_phone=&#8221;|||&#8221; auto=&#8221;on&#8221; auto_ignore_hover=&#8221;on&#8221; hover_enabled=&#8221;0&#8243; custom_css_main_element=&#8221;background: #ffffff;||margin: 0px !important;||padding: 0px !important;||margin: 0px !important;||padding: 0px !important;&#8221; button_text_color_hover=&#8221;#ffffff&#8221; button_bg_color_hover=&#8221;#000000&#8243; top_padding=&#8221;25px&#8221; bottom_padding=&#8221;25px&#8221; remove_inner_shadow=&#8221;on&#8221; show_inner_shadow=&#8221;off&#8221; global_colors_info=&#8221;{}&#8221; button_text_size__hover_enabled=&#8221;off&#8221; button_one_text_size__hover_enabled=&#8221;off&#8221; button_two_text_size__hover_enabled=&#8221;off&#8221; button_text_color__hover_enabled=&#8221;on&#8221; button_text_color__hover=&#8221;#ffffff&#8221; button_one_text_color__hover_enabled=&#8221;off&#8221; button_two_text_color__hover_enabled=&#8221;off&#8221; button_border_width__hover_enabled=&#8221;off&#8221; button_one_border_width__hover_enabled=&#8221;off&#8221; button_two_border_width__hover_enabled=&#8221;off&#8221; button_border_color__hover_enabled=&#8221;off&#8221; button_one_border_color__hover_enabled=&#8221;off&#8221; button_two_border_color__hover_enabled=&#8221;off&#8221; button_border_radius__hover_enabled=&#8221;off&#8221; button_one_border_radius__hover_enabled=&#8221;off&#8221; button_two_border_radius__hover_enabled=&#8221;off&#8221; button_letter_spacing__hover_enabled=&#8221;off&#8221; button_one_letter_spacing__hover_enabled=&#8221;off&#8221; button_two_letter_spacing__hover_enabled=&#8221;off&#8221; button_bg_color__hover_enabled=&#8221;on&#8221; button_bg_color__hover=&#8221;#000000&#8243; button_one_bg_color__hover_enabled=&#8221;off&#8221; button_two_bg_color__hover_enabled=&#8221;off&#8221; sticky_enabled=&#8221;0&#8243;][et_pb_slide heading=&#8221;Espa\u00e7o para armazenar?&#8221; button_text=&#8221;(00351) \/ 282 798 490&#8243; button_link=&#8221;https:\/\/u-store-portugal.com\/pt-pt\/contacte-nos\/&#8221; image=&#8221;https:\/\/u-store-portugal.com\/wp-content\/uploads\/2012\/01\/Self-Storage-Algarve-units.jpg&#8221; use_bg_overlay=&#8221;off&#8221; use_text_overlay=&#8221;off&#8221; _builder_version=&#8221;4.16&#8243; header_text_color=&#8221;#000000&#8243; header_font_size=&#8221;36px&#8221; header_line_height=&#8221;1.3em&#8221; body_font=&#8221;||||&#8221; background_color=&#8221;#ffffff&#8221; background_image=&#8221;https:\/\/u-store-portugal.com\/wp-content\/uploads\/2017\/06\/Slider-Background-3.png&#8221; background_position=&#8221;center_left&#8221; background_blend=&#8221;multiply&#8221; background_layout=&#8221;light&#8221; custom_css_main_element=&#8221;margin-top: 0px;||margin-bottom: 0px;||&#8221; global_colors_info=&#8221;{}&#8221; button_text_size__hover_enabled=&#8221;off&#8221; button_one_text_size__hover_enabled=&#8221;off&#8221; button_two_text_size__hover_enabled=&#8221;off&#8221; button_text_color__hover_enabled=&#8221;off&#8221; button_one_text_color__hover_enabled=&#8221;off&#8221; button_two_text_color__hover_enabled=&#8221;off&#8221; button_border_width__hover_enabled=&#8221;off&#8221; button_one_border_width__hover_enabled=&#8221;off&#8221; button_two_border_width__hover_enabled=&#8221;off&#8221; button_border_color__hover_enabled=&#8221;off&#8221; button_one_border_color__hover_enabled=&#8221;off&#8221; button_two_border_color__hover_enabled=&#8221;off&#8221; button_border_radius__hover_enabled=&#8221;off&#8221; button_one_border_radius__hover_enabled=&#8221;off&#8221; button_two_border_radius__hover_enabled=&#8221;off&#8221; button_letter_spacing__hover_enabled=&#8221;off&#8221; button_one_letter_spacing__hover_enabled=&#8221;off&#8221; button_two_letter_spacing__hover_enabled=&#8221;off&#8221; button_bg_color__hover_enabled=&#8221;off&#8221; button_one_bg_color__hover_enabled=&#8221;off&#8221; button_two_bg_color__hover_enabled=&#8221;off&#8221; sticky_transition=&#8221;on&#8221;]<\/p>\n<p>U store pode ajudar Ligue-nos Hoje<\/p>\n<p>[\/et_pb_slide][et_pb_slide heading=&#8221;Auto Armazenagem&#8221; button_text=&#8221;(00351) \/ 282 798 490&#8243; button_link=&#8221;https:\/\/u-store-portugal.com\/pt-pt\/contacte-nos\/&#8221; image=&#8221;https:\/\/u-store-portugal.com\/wp-content\/uploads\/2017\/06\/self-storage-algarve_slide2.jpg&#8221; use_bg_overlay=&#8221;off&#8221; use_text_overlay=&#8221;off&#8221; _builder_version=&#8221;4.16&#8243; header_font_size=&#8221;36px&#8221; header_line_height=&#8221;1.3em&#8221; body_font=&#8221;||||&#8221; background_color=&#8221;#ffffff&#8221; background_image=&#8221;https:\/\/u-store-portugal.com\/wp-content\/uploads\/2017\/06\/Slider-Background-3.png&#8221; background_position=&#8221;center_left&#8221; background_layout=&#8221;light&#8221; custom_css_main_element=&#8221;margin-top: 0px;||margin-bottom: 0px;||&#8221; global_colors_info=&#8221;{}&#8221; button_text_size__hover_enabled=&#8221;off&#8221; button_one_text_size__hover_enabled=&#8221;off&#8221; button_two_text_size__hover_enabled=&#8221;off&#8221; button_text_color__hover_enabled=&#8221;off&#8221; button_one_text_color__hover_enabled=&#8221;off&#8221; button_two_text_color__hover_enabled=&#8221;off&#8221; button_border_width__hover_enabled=&#8221;off&#8221; button_one_border_width__hover_enabled=&#8221;off&#8221; button_two_border_width__hover_enabled=&#8221;off&#8221; button_border_color__hover_enabled=&#8221;off&#8221; button_one_border_color__hover_enabled=&#8221;off&#8221; button_two_border_color__hover_enabled=&#8221;off&#8221; button_border_radius__hover_enabled=&#8221;off&#8221; button_one_border_radius__hover_enabled=&#8221;off&#8221; button_two_border_radius__hover_enabled=&#8221;off&#8221; button_letter_spacing__hover_enabled=&#8221;off&#8221; button_one_letter_spacing__hover_enabled=&#8221;off&#8221; button_two_letter_spacing__hover_enabled=&#8221;off&#8221; button_bg_color__hover_enabled=&#8221;off&#8221; button_one_bg_color__hover_enabled=&#8221;off&#8221; button_two_bg_color__hover_enabled=&#8221;off&#8221; sticky_transition=&#8221;on&#8221;]<\/p>\n<p>Semanal, Mensal, Anual Sem taxas escondidas<\/p>\n<p>[\/et_pb_slide][et_pb_slide heading=&#8221;Unidades Individuais fechadas&#8221; button_text=&#8221;(00351) \/ 282 798 490&#8243; button_link=&#8221;https:\/\/u-store-portugal.com\/pt-pt\/contacte-nos\/&#8221; image=&#8221;https:\/\/u-store-portugal.com\/wp-content\/uploads\/2017\/08\/unit-20-Ustore-Lagos-Algarve-Portugal-Storage-Units.jpg&#8221; use_bg_overlay=&#8221;off&#8221; use_text_overlay=&#8221;off&#8221; _builder_version=&#8221;4.16&#8243; header_font_size=&#8221;36px&#8221; header_line_height=&#8221;1.3em&#8221; body_font=&#8221;||||&#8221; background_color=&#8221;#ffffff&#8221; background_image=&#8221;https:\/\/u-store-portugal.com\/wp-content\/uploads\/2017\/06\/Slider-Background-3.png&#8221; background_position=&#8221;center_left&#8221; background_blend=&#8221;multiply&#8221; background_layout=&#8221;light&#8221; custom_css_main_element=&#8221;margin-top: 0px;||margin-bottom: 0px;||&#8221; global_colors_info=&#8221;{}&#8221; button_text_size__hover_enabled=&#8221;off&#8221; button_one_text_size__hover_enabled=&#8221;off&#8221; button_two_text_size__hover_enabled=&#8221;off&#8221; button_text_color__hover_enabled=&#8221;off&#8221; button_one_text_color__hover_enabled=&#8221;off&#8221; button_two_text_color__hover_enabled=&#8221;off&#8221; button_border_width__hover_enabled=&#8221;off&#8221; button_one_border_width__hover_enabled=&#8221;off&#8221; button_two_border_width__hover_enabled=&#8221;off&#8221; button_border_color__hover_enabled=&#8221;off&#8221; button_one_border_color__hover_enabled=&#8221;off&#8221; button_two_border_color__hover_enabled=&#8221;off&#8221; button_border_radius__hover_enabled=&#8221;off&#8221; button_one_border_radius__hover_enabled=&#8221;off&#8221; button_two_border_radius__hover_enabled=&#8221;off&#8221; button_letter_spacing__hover_enabled=&#8221;off&#8221; button_one_letter_spacing__hover_enabled=&#8221;off&#8221; button_two_letter_spacing__hover_enabled=&#8221;off&#8221; button_bg_color__hover_enabled=&#8221;off&#8221; button_one_bg_color__hover_enabled=&#8221;off&#8221; button_two_bg_color__hover_enabled=&#8221;off&#8221; sticky_transition=&#8221;on&#8221;]<\/p>\n<p>Seco, Limpo e Seguro<\/p>\n<p>[\/et_pb_slide][et_pb_slide heading=&#8221;Acesso Di\u00e1rio&#8221; button_text=&#8221;(00351) \/ 282 798 490&#8243; button_link=&#8221;https:\/\/u-store-portugal.com\/pt-pt\/contacte-nos\/&#8221; image=&#8221;https:\/\/u-store-portugal.com\/wp-content\/uploads\/2017\/06\/self-storage-algarve_slide6.jpg&#8221; use_bg_overlay=&#8221;off&#8221; use_text_overlay=&#8221;off&#8221; _builder_version=&#8221;4.21.0&#8243; header_font_size=&#8221;36px&#8221; header_line_height=&#8221;1.3em&#8221; body_font=&#8221;||||&#8221; background_color=&#8221;#ffffff&#8221; background_image=&#8221;https:\/\/u-store-portugal.com\/wp-content\/uploads\/2017\/06\/Slider-Background-3.png&#8221; background_position=&#8221;center_left&#8221; background_blend=&#8221;multiply&#8221; background_layout=&#8221;light&#8221; hover_enabled=&#8221;0&#8243; custom_css_main_element=&#8221;margin-top: 0px;||margin-bottom: 0px;||&#8221; global_colors_info=&#8221;{}&#8221; button_text_size__hover_enabled=&#8221;off&#8221; button_one_text_size__hover_enabled=&#8221;off&#8221; button_two_text_size__hover_enabled=&#8221;off&#8221; button_text_color__hover_enabled=&#8221;off&#8221; button_one_text_color__hover_enabled=&#8221;off&#8221; button_two_text_color__hover_enabled=&#8221;off&#8221; button_border_width__hover_enabled=&#8221;off&#8221; button_one_border_width__hover_enabled=&#8221;off&#8221; button_two_border_width__hover_enabled=&#8221;off&#8221; button_border_color__hover_enabled=&#8221;off&#8221; button_one_border_color__hover_enabled=&#8221;off&#8221; button_two_border_color__hover_enabled=&#8221;off&#8221; button_border_radius__hover_enabled=&#8221;off&#8221; button_one_border_radius__hover_enabled=&#8221;off&#8221; button_two_border_radius__hover_enabled=&#8221;off&#8221; button_letter_spacing__hover_enabled=&#8221;off&#8221; button_one_letter_spacing__hover_enabled=&#8221;off&#8221; button_two_letter_spacing__hover_enabled=&#8221;off&#8221; button_bg_color__hover_enabled=&#8221;off&#8221; button_one_bg_color__hover_enabled=&#8221;off&#8221; button_two_bg_color__hover_enabled=&#8221;off&#8221; sticky_transition=&#8221;on&#8221; sticky_enabled=&#8221;0&#8243;]<\/p>\n<p>Armazenamento para casa e neg\u00f3cios<\/p>\n<p>[\/et_pb_slide][et_pb_slide heading=&#8221;Acesso F\u00e1cil Staff Amig\u00e1vel&#8221; button_text=&#8221;(00351) \/ 282 798 490&#8243; button_link=&#8221;https:\/\/u-store-portugal.com\/pt-pt\/contacte-nos\/&#8221; image=&#8221;https:\/\/u-store-portugal.com\/wp-content\/uploads\/2017\/06\/self-storage-algarve_slide4.jpg&#8221; use_bg_overlay=&#8221;off&#8221; use_text_overlay=&#8221;off&#8221; _builder_version=&#8221;4.16&#8243; header_font=&#8221;||||&#8221; header_font_size=&#8221;36px&#8221; header_line_height=&#8221;1.3em&#8221; body_font=&#8221;||||&#8221; background_color=&#8221;#ffffff&#8221; background_image=&#8221;https:\/\/u-store-portugal.com\/wp-content\/uploads\/2017\/06\/Slider-Background-3.png&#8221; background_position=&#8221;center_left&#8221; background_blend=&#8221;multiply&#8221; button_icon_placement=&#8221;right&#8221; button_on_hover=&#8221;on&#8221; background_layout=&#8221;light&#8221; header_font_size_tablet=&#8221;36px&#8221; header_font_size_phone=&#8221;36px&#8221; header_line_height_tablet=&#8221;1.3em&#8221; header_line_height_phone=&#8221;1.3em&#8221; custom_css_main_element=&#8221;margin-top: 0px;||margin-bottom: 0px;||&#8221; global_colors_info=&#8221;{}&#8221; button_text_size__hover_enabled=&#8221;off&#8221; button_one_text_size__hover_enabled=&#8221;off&#8221; button_two_text_size__hover_enabled=&#8221;off&#8221; button_text_color__hover_enabled=&#8221;off&#8221; button_one_text_color__hover_enabled=&#8221;off&#8221; button_two_text_color__hover_enabled=&#8221;off&#8221; button_border_width__hover_enabled=&#8221;off&#8221; button_one_border_width__hover_enabled=&#8221;off&#8221; button_two_border_width__hover_enabled=&#8221;off&#8221; button_border_color__hover_enabled=&#8221;off&#8221; button_one_border_color__hover_enabled=&#8221;off&#8221; button_two_border_color__hover_enabled=&#8221;off&#8221; button_border_radius__hover_enabled=&#8221;off&#8221; button_one_border_radius__hover_enabled=&#8221;off&#8221; button_two_border_radius__hover_enabled=&#8221;off&#8221; button_letter_spacing__hover_enabled=&#8221;off&#8221; button_one_letter_spacing__hover_enabled=&#8221;off&#8221; button_two_letter_spacing__hover_enabled=&#8221;off&#8221; button_bg_color__hover_enabled=&#8221;off&#8221; button_one_bg_color__hover_enabled=&#8221;off&#8221; button_two_bg_color__hover_enabled=&#8221;off&#8221; sticky_transition=&#8221;on&#8221;]<\/p>\n<p>Instala\u00e7\u00f5es totalmente isoladas<\/p>\n<p>[\/et_pb_slide][\/et_pb_slider][et_pb_text module_class=&#8221;blk-box&#8221; _builder_version=&#8221;4.16&#8243; text_orientation=&#8221;center&#8221; background_layout=&#8221;dark&#8221; module_alignment=&#8221;center&#8221; custom_margin=&#8221;0px||0px|&#8221; custom_padding=&#8221;5px|5px|5px|5px&#8221; global_colors_info=&#8221;{}&#8221;]<\/p>\n<h2 style=\"text-align: center;\"><span style=\"font-size: xx-large;\">\u00a0Espa\u00e7o para armazenar? <\/span><a class=\"wht-btn\" href=\"https:\/\/u-store-portugal.com\/pt-pt\/contacte-nos\/\">Contacte nos<\/a><\/h2>\n<h2 style=\"text-align: center;\"><span style=\"font-size: x-large;\">U Store self storage Lagos, Algarve<\/span><\/h2>\n<p>[\/et_pb_text][et_pb_text _builder_version=&#8221;4.21.0&#8243; custom_padding=&#8221;30px|30px|30px|30px&#8221; custom_padding_tablet=&#8221;&#8221; custom_padding_phone=&#8221;5px|5px|5px|5px&#8221; custom_padding_last_edited=&#8221;on|phone&#8221; hover_enabled=&#8221;0&#8243; global_colors_info=&#8221;{}&#8221; sticky_enabled=&#8221;0&#8243;]<\/p>\n<h1>U-Store Self-Storage oferece baixo custo<\/h1>\n<h2>AS MELHORES CONDI\u00c7\u00d5ES PARA ARMAZENAR OS SEUS PRODUTOS<\/h2>\n<h3><span style=\"color: #000000;\">SOMOS O N\u00ba1 EM ARMAZENAGEM ALGARVE PORTUGAL: <\/span><\/h3>\n<ul>\n<li>Na U-STORE voc\u00ea pode armazenar praticamente qualquer coisa desde que n\u00e3o seja inflam\u00e1vel, explosivo, perec\u00edvel ou ilegal.<\/li>\n<li>Unidades individuais dispon\u00edveis de 1,5 m\u00b2 (4 m\u00b3) a 17 m\u00b2 (48 m\u00b3) ou mais.<\/li>\n<li>Armazenamento de paletes e grande armazenamento dispon\u00edvel.<\/li>\n<li>\n<p>Alugu\u00e9is semanais, mensais e anuais.<\/p>\n<\/li>\n<li>\n<p>Voc\u00ea paga apenas pelo espa\u00e7o que precisa.<\/p>\n<\/li>\n<li>\n<p>Sem taxas ocultas. (Sem taxa de servi\u00e7o, sem custo de manuten\u00e7\u00e3o.)<\/p>\n<\/li>\n<li>Instala\u00e7\u00f5es secas, limpas e seguras.<\/li>\n<li>Paredes e teto totalmente isolados.<\/li>\n<li>\n<p>Sua pr\u00f3pria chave.<\/p>\n<\/li>\n<li>\n<p>Acesso di\u00e1rio.<\/p>\n<\/li>\n<li>\n<p>Carrinhos, porta-paletes e servi\u00e7o de empilhadeira dispon\u00edveis gratuitamente.<\/p>\n<\/li>\n<li>\n<p>Servi\u00e7o de seguro fornecido.<\/p>\n<\/li>\n<li>\n<p>Recebimento e expedi\u00e7\u00e3o de mercadorias mediante agendamento.<\/p>\n<\/li>\n<li>Vendo material de embalagem.<\/li>\n<li>Contactos de empresas de transporte.<\/li>\n<\/ul>\n<h3>Podemos aconselh\u00e1-lo sobre suas necessidades de armazenamento.<\/h3>\n<h3>Por favor, n\u00e3o hesite em nos contatar.<\/h3>\n<h3><span style=\"color: #000000; font-size: large;\"><strong>Hor\u00e1rio de funcionamento<\/strong><br \/>Segunda a sexta: 10h \u00e0s 14h.<br \/><\/span><\/h3>\n<p>Para os clientes U-Store o acesso aos seus produtos fora do hor\u00e1rio de expediente pode ser agendado com aviso pr\u00e9vio m\u00ednimo de 24 horas (fim de semana inclu\u00eddo).<\/p>\n<p>[\/et_pb_text][\/et_pb_column][et_pb_column type=&#8221;1_3&#8243; _builder_version=&#8221;4.16&#8243; custom_padding=&#8221;|||&#8221; global_colors_info=&#8221;{}&#8221; custom_padding__hover=&#8221;|||&#8221;][et_pb_text admin_label=&#8221;Text&#8221; module_class=&#8221;ora-box&#8221; _builder_version=&#8221;3.0.74&#8243; text_orientation=&#8221;center&#8221; max_width_tablet=&#8221;50%&#8221; max_width_phone=&#8221;100%&#8221; max_width_last_edited=&#8221;on|phone&#8221; module_alignment=&#8221;center&#8221; custom_padding=&#8221;||30px|&#8221; global_module=&#8221;1311&#8243; saved_tabs=&#8221;all&#8221; global_colors_info=&#8221;{}&#8221;]<\/p>\n<h2><span style=\"color: #000000; font-size: x-large;\"><strong>Contact U-Store<\/strong><\/span><\/h2>\n<p><span style=\"color: #000000; font-size: large;\"><strong>Tel:<\/strong> (00351) \/ <a style=\"color: #000000;\" title=\"Call 2 U store Lagos Portugal\" href=\"tel:00351282798490\">282 798 490<\/a><\/span><\/p>\n<p><span style=\"color: #000000; font-size: large;\"><strong>Mobile:<\/strong> \u00a0(00351) \/ <a style=\"color: #000000;\" title=\"Call U store Lagos Portugal\" href=\"tel:00351917010365\">917 010 365<\/a><\/span><\/p>\n<p><span style=\"color: #000000; font-size: large;\"><strong>mail:<\/strong> <a style=\"color: #000000;\" title=\"Email U Store Lagos Portugal\" href=\"mailto:info@u-store-portugal.com\">info@u-store-portugal.com<\/a><\/span><\/p>\n<p>[\/et_pb_text][et_pb_text admin_label=&#8221;Text&#8221; module_class=&#8221;ora-box&#8221; _builder_version=&#8221;3.0.74&#8243; text_orientation=&#8221;center&#8221; max_width_tablet=&#8221;50%&#8221; max_width_phone=&#8221;100%&#8221; max_width_last_edited=&#8221;on|tablet&#8221; module_alignment=&#8221;center&#8221; global_module=&#8221;1312&#8243; saved_tabs=&#8221;all&#8221; global_colors_info=&#8221;{}&#8221;]<\/p>\n<h2 style=\"text-align: center;\"><span style=\"color: #000000; font-size: x-large;\"><strong>Find us on Google Maps<\/strong><\/span><\/h2>\n<p style=\"text-align: center;\" class=\"et-fb-mce-line-break-holder\"><span style=\"color: #000000; font-size: x-large;\"><strong><a href=\"https:\/\/www.google.com\/maps\/dir\/''\/u+store+lagos\/data=!4m5!4m4!1m0!1m2!1m1!1s0xd1b30231709c8ad:0x4165fda28d30421b?sa=X&#038;ved=0ahUKEwiFhenF8bjUAhWJhRoKHYsyAoIQ9RcIdzAM\" target=\"_blank\" rel=\"noopener noreferrer\"><img loading=\"lazy\" decoding=\"async\" class=\"wp-image-268 alignnone size-medium\" src=\"https:\/\/u-store-portugal.com\/wp-content\/uploads\/2012\/02\/Self_Storage_Algarve_map_thmb1-300x228.jpg\" alt=\"\" width=\"300\" height=\"228\" srcset=\"https:\/\/u-store-portugal.com\/wp-content\/uploads\/2012\/02\/Self_Storage_Algarve_map_thmb1-300x228.jpg 300w, https:\/\/u-store-portugal.com\/wp-content\/uploads\/2012\/02\/Self_Storage_Algarve_map_thmb1.jpg 975w\" sizes=\"(max-width: 300px) 100vw, 300px\" \/><\/a><\/strong><\/span><\/p>\n<p>[\/et_pb_text][et_pb_text admin_label=&#8221;Text&#8221; module_class=&#8221;ora-box sid-bar&#8221; _builder_version=&#8221;4.16&#8243; text_orientation=&#8221;center&#8221; max_width_tablet=&#8221;50%&#8221; max_width_phone=&#8221;100%&#8221; max_width_last_edited=&#8221;on|phone&#8221; module_alignment=&#8221;center&#8221; global_module=&#8221;1314&#8243; saved_tabs=&#8221;all&#8221; global_colors_info=&#8221;{}&#8221;]<\/p>\n<p class=\"\"><span face=\"Cuprum, Helvetica, Arial, Lucida, sans-serif\" style=\"font-family: Cuprum, Helvetica, Arial, Lucida, sans-serif;\"><span style=\"font-size: 24px; text-transform: uppercase;\"><b>Individual Locked<br \/>\nStorage Units<br \/>\n<a href=\"\/for-home-and-for-business\/\"><img loading=\"lazy\" decoding=\"async\" src=\"https:\/\/u-store-portugal.com\/wp-content\/uploads\/2017\/08\/unit-20-Ustore-Lagos-Algarve-Portugal-Storage-Units.jpg\" width=\"1024\" height=\"765\" alt=\"\" class=\"wp-image-2059 alignnone size-full\" srcset=\"https:\/\/u-store-portugal.com\/wp-content\/uploads\/2017\/08\/unit-20-Ustore-Lagos-Algarve-Portugal-Storage-Units.jpg 1024w, https:\/\/u-store-portugal.com\/wp-content\/uploads\/2017\/08\/unit-20-Ustore-Lagos-Algarve-Portugal-Storage-Units-300x224.jpg 300w, https:\/\/u-store-portugal.com\/wp-content\/uploads\/2017\/08\/unit-20-Ustore-Lagos-Algarve-Portugal-Storage-Units-768x574.jpg 768w, https:\/\/u-store-portugal.com\/wp-content\/uploads\/2017\/08\/unit-20-Ustore-Lagos-Algarve-Portugal-Storage-Units-510x382.jpg 510w\" sizes=\"(max-width: 1024px) 100vw, 1024px\" \/><\/a><br \/>\n<\/b><\/span><\/span><\/p>\n<p>[\/et_pb_text][et_pb_text admin_label=&#8221;Text&#8221; module_class=&#8221;ora-box sid-bar&#8221; _builder_version=&#8221;4.17.3&#8243; text_orientation=&#8221;center&#8221; max_width_tablet=&#8221;50%&#8221; max_width_phone=&#8221;100%&#8221; max_width_last_edited=&#8221;on|phone&#8221; module_alignment=&#8221;center&#8221; global_module=&#8221;1313&#8243; saved_tabs=&#8221;all&#8221; global_colors_info=&#8221;{}&#8221;]<\/p>\n<h2 style=\"text-align: center;\"><span style=\"font-size: x-large;\"><a href=\"\/pallet-storage\/\" title=\"Pallet Storage\"><span style=\"color: #000000;\"><strong>pallet Storage<\/strong><\/span><\/a><\/span><\/h2>\n<p style=\"text-align: center;\" class=\"et-fb-mce-line-break-holder\"><a href=\"\/pallet-storage\/\" title=\"Pallet Storage\"><img loading=\"lazy\" decoding=\"async\" src=\"https:\/\/u-store-portugal.com\/wp-content\/uploads\/2017\/06\/Self_Storage_Algarve_Pallet_Storaget1-300x225.jpg\" width=\"300\" height=\"225\" alt=\"\" class=\"wp-image-1863 alignnone size-medium\" srcset=\"https:\/\/u-store-portugal.com\/wp-content\/uploads\/2017\/06\/Self_Storage_Algarve_Pallet_Storaget1-300x225.jpg 300w, https:\/\/u-store-portugal.com\/wp-content\/uploads\/2017\/06\/Self_Storage_Algarve_Pallet_Storaget1-768x576.jpg 768w, https:\/\/u-store-portugal.com\/wp-content\/uploads\/2017\/06\/Self_Storage_Algarve_Pallet_Storaget1-510x382.jpg 510w, https:\/\/u-store-portugal.com\/wp-content\/uploads\/2017\/06\/Self_Storage_Algarve_Pallet_Storaget1.jpg 800w\" sizes=\"(max-width: 300px) 100vw, 300px\" \/><\/a><\/p>\n<p>[\/et_pb_text][et_pb_text module_class=&#8221;ora-box sid-bar&#8221; _builder_version=&#8221;4.17.4&#8243; _module_preset=&#8221;default&#8221; text_orientation=&#8221;center&#8221; max_width_tablet=&#8221;50%&#8221; max_width_phone=&#8221;100%&#8221; max_width_last_edited=&#8221;on|phone&#8221; module_alignment=&#8221;center&#8221; link_option_url=&#8221;https:\/\/u-store-portugal.com\/pt-pt\/armazenamento-de-bicicletas-praticas-e-seguras\/&#8221; global_colors_info=&#8221;{}&#8221;]<\/p>\n<h2 style=\"text-align: center;\"><a href=\"https:\/\/u-store-portugal.com\/pt-pt\/armazenamento-de-bicicletas-praticas-e-seguras\/\">Armazenamento de Bicicletas&lt;\/a)<\/a><\/h2>\n<p><a href=\"https:\/\/u-store-portugal.com\/pt-pt\/armazenamento-de-bicicletas-praticas-e-seguras\/\"><img loading=\"lazy\" decoding=\"async\" class=\"wp-image-2605 alignnone size-full\" style=\"display: block; margin-left: auto; margin-right: auto;\" src=\"https:\/\/u-store-portugal.com\/wp-content\/uploads\/2022\/06\/Ustore-Bike-Storage-Lagos-Algarve-1.jpg\" alt=\"\" width=\"300\" height=\"451\" \/><\/a><\/p>\n<p>[\/et_pb_text][\/et_pb_column][\/et_pb_row][\/et_pb_section]<\/p>\n","protected":false},"excerpt":{"rendered":"<p>U store pode ajudar Ligue-nos HojeSemanal, Mensal, Anual Sem taxas escondidasSeco, Limpo e Seguro Armazenamento para casa e neg\u00f3ciosInstala\u00e7\u00f5es totalmente isoladas \u00a0Espa\u00e7o para armazenar? Contacte nos U Store self storage Lagos, AlgarveU-Store Self-Storage oferece baixo custo AS MELHORES CONDI\u00c7\u00d5ES PARA ARMAZENAR OS SEUS PRODUTOS SOMOS O N\u00ba1 EM ARMAZENAGEM ALGARVE PORTUGAL: Na U-STORE voc\u00ea pode [&hellip;]<\/p>\n","protected":false},"author":1,"featured_media":0,"parent":0,"menu_order":0,"comment_status":"closed","ping_status":"closed","template":"","meta":{"_seopress_robots_primary_cat":"","_seopress_titles_title":"","_seopress_titles_desc":"","_seopress_robots_index":"","_et_pb_use_builder":"on","_et_pb_old_content":"","_et_gb_content_width":"","footnotes":""},"class_list":["post-1377","page","type-page","status-publish","hentry"],"_links":{"self":[{"href":"https:\/\/u-store-portugal.com\/pt-pt\/wp-json\/wp\/v2\/pages\/1377","targetHints":{"allow":["GET"]}}],"collection":[{"href":"https:\/\/u-store-portugal.com\/pt-pt\/wp-json\/wp\/v2\/pages"}],"about":[{"href":"https:\/\/u-store-portugal.com\/pt-pt\/wp-json\/wp\/v2\/types\/page"}],"author":[{"embeddable":true,"href":"https:\/\/u-store-portugal.com\/pt-pt\/wp-json\/wp\/v2\/users\/1"}],"replies":[{"embeddable":true,"href":"https:\/\/u-store-portugal.com\/pt-pt\/wp-json\/wp\/v2\/comments?post=1377"}],"version-history":[{"count":5,"href":"https:\/\/u-store-portugal.com\/pt-pt\/wp-json\/wp\/v2\/pages\/1377\/revisions"}],"predecessor-version":[{"id":2719,"href":"https:\/\/u-store-portugal.com\/pt-pt\/wp-json\/wp\/v2\/pages\/1377\/revisions\/2719"}],"wp:attachment":[{"href":"https:\/\/u-store-portugal.com\/pt-pt\/wp-json\/wp\/v2\/media?parent=1377"}],"curies":[{"name":"wp","href":"https:\/\/api.w.org\/{rel}","templated":true}]}}