{"id":1437,"date":"2017-06-12T22:23:28","date_gmt":"2017-06-12T22:23:28","guid":{"rendered":"https:\/\/u-store-portugal.com\/quem-somos\/"},"modified":"2017-08-24T10:06:01","modified_gmt":"2017-08-24T10:06:01","slug":"quem-somos","status":"publish","type":"page","link":"https:\/\/u-store-portugal.com\/pt-pt\/quem-somos\/","title":{"rendered":"Quem somos?"},"content":{"rendered":"<p>[et_pb_section fb_built=&#8221;1&#8243; admin_label=&#8221;section&#8221; _builder_version=&#8221;3.0.47&#8243;][et_pb_row custom_padding=&#8221;27px|0px|0px|0px&#8221; admin_label=&#8221;row&#8221; _builder_version=&#8221;3.0.47&#8243; background_size=&#8221;initial&#8221; background_position=&#8221;top_left&#8221; background_repeat=&#8221;repeat&#8221;][et_pb_column type=&#8221;1_3&#8243; _builder_version=&#8221;3.0.47&#8243; parallax=&#8221;off&#8221; parallax_method=&#8221;on&#8221;][et_pb_text admin_label=&#8221;Text&#8221; _builder_version=&#8221;3.0.60&#8243; background_size=&#8221;initial&#8221; background_position=&#8221;top_left&#8221; background_repeat=&#8221;repeat&#8221;]<\/p>\n<h1>Quem <g class=\"gr_ gr_6 gr-alert gr_spell gr_inline_cards gr_run_anim ContextualSpelling ins-del multiReplace\" id=\"6\" data-gr-id=\"6\">somos<\/g>?<\/h1>\n<p>Fundada em 2000, a U-Store ainda lidera o mercado de auto armazenamento no Algarve, proporcionando excelentes condi&ccedil;&otilde;es de armazenamento, em conjunto com uma variedade de servi&ccedil;os a pre&ccedil;os imbat&iacute;veis.<\/p>\n<p>O auto armazenamento &eacute; o modo ideal para libertar espa&ccedil;o em casa ou no local de trabalho. Guardados de modo seguro em unidades privadas e individuais, os seus bens permanecem limpos, secos e seguros, seja qual for a dura&ccedil;&atilde;o do armazenamento (de uma semana em diante). No neg&oacute;cio h&aacute; mais de uma d&eacute;cada, temos diversas solu&ccedil;&otilde;es de armazenamento para praticamente qualquer tipo de item, desde uma pequena caixa at&eacute; ao conte&uacute;do total de uma casa e itens muito grandes ou volumosos&shy;&shy;&shy;&shy;, com a possibilidade de optar por contratos de aluguer semanais, mensais ou anuais. Os clientes que decidam ocupar unidades privadas ter&atilde;o a sua pr&oacute;pria chave e poder&atilde;o ter acesso aos seus bens em qualquer altura durante o hor&aacute;rio de funcionamento do estabelecimento.<\/p>\n<p class=\"\">As nossas instala&ccedil;&otilde;es apresentam tectos e paredes completamente &shy;&shy;&shy;&shy;&shy;&shy;isolados, permitindo a conserva&ccedil;&atilde;o dos bens em perfeitas condi&ccedil;&otilde;es enquanto armazenados. Quase tudo poder&aacute; ser armazenado, &agrave; excep&ccedil;&atilde;o de alimentos, animais, itens ilegais e materiais inflam&aacute;veis ou explosivos.<\/p>\n<p>[\/et_pb_text][\/et_pb_column][et_pb_column type=&#8221;1_3&#8243; _builder_version=&#8221;3.0.47&#8243; parallax=&#8221;off&#8221; parallax_method=&#8221;on&#8221;][et_pb_divider height=&#8221;65&#8243; admin_label=&#8221;Divider&#8221; _builder_version=&#8221;3.0.51&#8243;][\/et_pb_divider][et_pb_text admin_label=&#8221;Text&#8221; _builder_version=&#8221;3.0.51&#8243; background_size=&#8221;initial&#8221; background_position=&#8221;top_left&#8221; background_repeat=&#8221;repeat&#8221;]<\/p>\n<p class=\"\"><span style=\"font-size: 16px;\">A U-Store encontra-se localizada numa \u00e1rea industrial constru\u00edda para o efeito, com boas condi\u00e7\u00f5es de estacionamento e com espa\u00e7o suficiente para que os ve\u00edculos maiores possam carregar e descarregar. Servi\u00e7o de empilhador tamb\u00e9m dispon\u00edvel e sem custos adicionais (\u00e9 necess\u00e1ria marca\u00e7\u00e3o com anteced\u00eancia).<\/span><\/p>\n<p>Falamos 3 l\u00ednguas (Ingl\u00eas, Franc\u00eas e Portugu\u00eas), tornando a comunica\u00e7\u00e3o f\u00e1cil e oferecendo um servi\u00e7o profissional e personalizado, uma vez que os donos s\u00e3o tamb\u00e9m o \u201cstaff\u201d. Estaremos sempre dispon\u00edveis para gui\u00e1-lo no seu armazenamento atrav\u00e9s de dicas de ajuda, aconselhamento acerca de eventual necessidade de altera\u00e7\u00e3o para unidades maiores ou menores, e tamb\u00e9m para a resolu\u00e7\u00e3o de quaisquer problemas que possam surgir.<\/p>\n<p><strong>O nosso objectivo \u00e9 a sua satisfa\u00e7\u00e3o, atrav\u00e9s da nossa flexibilidade e servi\u00e7o personalizado.<\/strong><\/p>\n<p>[\/et_pb_text][\/et_pb_column][et_pb_column type=&#8221;1_3&#8243; _builder_version=&#8221;3.0.47&#8243; parallax=&#8221;off&#8221; parallax_method=&#8221;on&#8221;][et_pb_divider height=&#8221;75&#8243; admin_label=&#8221;Divider&#8221; _builder_version=&#8221;3.0.51&#8243;][\/et_pb_divider][et_pb_text text_orientation=&#8221;center&#8221; max_width_tablet=&#8221;50%&#8221; max_width_phone=&#8221;100%&#8221; max_width_last_edited=&#8221;on|phone&#8221; admin_label=&#8221;Text&#8221; module_class=&#8221;ora-box&#8221; _builder_version=&#8221;3.0.51&#8243; custom_padding=&#8221;||30px|&#8221; saved_tabs=&#8221;all&#8221;]<\/p>\n<h2><span style=\"color: #000000; font-size: x-large;\"><strong>Contacte nos<\/strong><\/span><\/h2>\n<p><span style=\"color: #000000; font-size: large;\"><strong>Tel:<\/strong> (00351) \/ <a style=\"color: #000000;\" title=\"Call 2 U store Lagos Portugal\" href=\"tel:00351282798490\">282 798 490<\/a><\/span><\/p>\n<p><span style=\"color: #000000; font-size: large;\"><strong>Telem\u00f3vel:<\/strong> \u00a0(00351) \/ <a style=\"color: #000000;\" title=\"Call U store Lagos Portugal\" href=\"tel:00351917010365\">917 010 365<\/a><\/span><\/p>\n<p><span style=\"color: #000000; font-size: large;\"><strong>email:<\/strong> <a style=\"color: #000000;\" title=\"Email U Store Lagos Portugal\" href=\"mailto:info@u-store-portugal.com\">info@u-store-portugal.com<\/a><\/span><\/p>\n<p>[\/et_pb_text][et_pb_divider height=&#8221;30&#8243; admin_label=&#8221;Divider&#8221; _builder_version=&#8221;3.0.51&#8243;][\/et_pb_divider][et_pb_text text_orientation=&#8221;center&#8221; max_width_tablet=&#8221;50%&#8221; max_width_phone=&#8221;100%&#8221; max_width_last_edited=&#8221;on|tablet&#8221; admin_label=&#8221;Text&#8221; module_class=&#8221;ora-box&#8221; _builder_version=&#8221;3.0.60&#8243; saved_tabs=&#8221;all&#8221;]<\/p>\n<h2 style=\"text-align: center;\"><span style=\"color: #000000; font-size: x-large;\"><strong>Encontre nos no Google Maps<\/strong><\/span><span style=\"color: #000000; font-size: x-large;\"><strong><a href=\"https:\/\/www.google.pt\/maps\/dir\/''\/u+store+lagos\/data=!4m5!4m4!1m0!1m2!1m1!1s0xd1b30231709c8ad:0x4165fda28d30421b?sa=X&#038;ved=0ahUKEwiFhenF8bjUAhWJhRoKHYsyAoIQ9RcIdzAM\" target=\"_blank\" rel=\"noopener\"><img loading=\"lazy\" decoding=\"async\" class=\"wp-image-268 alignnone size-medium\" src=\"https:\/\/u-store-portugal.com\/wp-content\/uploads\/2012\/02\/Self_Storage_Algarve_map_thmb1-300x228.jpg\" alt=\"\" width=\"300\" height=\"228\" srcset=\"https:\/\/u-store-portugal.com\/wp-content\/uploads\/2012\/02\/Self_Storage_Algarve_map_thmb1-300x228.jpg 300w, https:\/\/u-store-portugal.com\/wp-content\/uploads\/2012\/02\/Self_Storage_Algarve_map_thmb1.jpg 975w\" sizes=\"(max-width: 300px) 100vw, 300px\" \/><\/a><\/strong><\/span><\/h2>\n<p>[\/et_pb_text][et_pb_text text_orientation=&#8221;center&#8221; max_width_tablet=&#8221;50%&#8221; max_width_phone=&#8221;100%&#8221; max_width_last_edited=&#8221;on|phone&#8221; admin_label=&#8221;Text&#8221; module_class=&#8221;ora-box sid-bar&#8221; _builder_version=&#8221;3.0.60&#8243; saved_tabs=&#8221;all&#8221;]<\/p>\n<p class=\"\"><span style=\"font-family: Cuprum, Helvetica, Arial, Lucida, sans-serif;\"><span style=\"font-size: 24px; text-transform: uppercase;\"><b>Unidades Individuais fechadas<br \/>\n<a href=\"\/pt-pt\/para-casa-e-para-negocios\/\"><img loading=\"lazy\" decoding=\"async\" class=\"wp-image-2059 alignnone size-full\" src=\"https:\/\/u-store-portugal.com\/wp-content\/uploads\/2017\/08\/unit-20-Ustore-Lagos-Algarve-Portugal-Storage-Units.jpg\" alt=\"\" width=\"1024\" height=\"765\" srcset=\"https:\/\/u-store-portugal.com\/wp-content\/uploads\/2017\/08\/unit-20-Ustore-Lagos-Algarve-Portugal-Storage-Units.jpg 1024w, https:\/\/u-store-portugal.com\/wp-content\/uploads\/2017\/08\/unit-20-Ustore-Lagos-Algarve-Portugal-Storage-Units-300x224.jpg 300w, https:\/\/u-store-portugal.com\/wp-content\/uploads\/2017\/08\/unit-20-Ustore-Lagos-Algarve-Portugal-Storage-Units-768x574.jpg 768w, https:\/\/u-store-portugal.com\/wp-content\/uploads\/2017\/08\/unit-20-Ustore-Lagos-Algarve-Portugal-Storage-Units-510x382.jpg 510w\" sizes=\"(max-width: 1024px) 100vw, 1024px\" \/><\/a><br \/>\n<\/b><\/span><\/span><\/p>\n<p>[\/et_pb_text][\/et_pb_column][\/et_pb_row][et_pb_row custom_padding=&#8221;25px|0px|27px|0px&#8221; admin_label=&#8221;row&#8221; _builder_version=&#8221;3.0.60&#8243;][et_pb_column type=&#8221;2_3&#8243; _builder_version=&#8221;3.0.47&#8243; parallax=&#8221;off&#8221; parallax_method=&#8221;on&#8221;][et_pb_slider show_arrows=&#8221;off&#8221; show_pagination=&#8221;off&#8221; auto=&#8221;on&#8221; auto_ignore_hover=&#8221;on&#8221; remove_inner_shadow=&#8221;on&#8221; top_padding=&#8221;25px&#8221; bottom_padding=&#8221;25px&#8221; _builder_version=&#8221;3.0.60&#8243; header_font=&#8221;|on|||&#8221; header_font_size=&#8221;32px&#8221; body_font=&#8221;|on|||&#8221; body_font_size=&#8221;24px&#8221; body_letter_spacing=&#8221;-1px&#8221; body_line_height=&#8221;1.3em&#8221; custom_button=&#8221;on&#8221; button_text_size=&#8221;14px&#8221; button_text_color=&#8221;#ffffff&#8221; button_bg_color=&#8221;#f99816&#8243; button_font=&#8221;|on|||&#8221; button_use_icon=&#8221;off&#8221; button_text_color_hover=&#8221;#ffffff&#8221; button_bg_color_hover=&#8221;#000000&#8243; custom_css_main_element=&#8221;background: #ffffff;||margin: 0px !important;||padding: 0px !important;||margin: 0px !important;||padding: 0px !important;&#8221;][et_pb_slide heading=&#8221;Precisa de espa\u00e7o para armazenamento&#8221; button_text=&#8221;(00351) \/ 282 798 490&#8243; button_link=&#8221;\/pt-pt\/contacte-nos\/&#8221; background_image=&#8221;https:\/\/u-store-portugal.com\/wp-content\/uploads\/2017\/06\/Slider-Background-3.png&#8221; background_position=&#8221;center_left&#8221; background_blend=&#8221;multiply&#8221; image=&#8221;https:\/\/u-store-portugal.com\/wp-content\/uploads\/2012\/01\/Self-Storage-Algarve-units.jpg&#8221; use_bg_overlay=&#8221;off&#8221; use_text_overlay=&#8221;off&#8221; background_layout=&#8221;light&#8221; _builder_version=&#8221;3.0.47&#8243; header_font_size=&#8221;36px&#8221; header_text_color=&#8221;#000000&#8243; header_line_height=&#8221;1.3em&#8221; body_font=&#8221;||||&#8221; custom_button=&#8221;off&#8221; custom_css_main_element=&#8221;margin-top: 0px;||margin-bottom: 0px;||&#8221;]<\/p>\n<p>U store pode ajudar<br \/>\nLigue-nos Hoje<\/p>\n<p>[\/et_pb_slide][et_pb_slide heading=&#8221;Auto &#8211; armazenamento&#8221; button_text=&#8221;(00351) \/ 282 798 490&#8243; button_link=&#8221;\/pt-pt\/contacte-nos\/&#8221; background_image=&#8221;https:\/\/u-store-portugal.com\/wp-content\/uploads\/2017\/06\/Slider-Background-3.png&#8221; background_position=&#8221;center_left&#8221; image=&#8221;https:\/\/u-store-portugal.com\/wp-content\/uploads\/2017\/06\/self-storage-algarve_slide2.jpg&#8221; use_bg_overlay=&#8221;off&#8221; use_text_overlay=&#8221;off&#8221; background_layout=&#8221;light&#8221; _builder_version=&#8221;3.0.47&#8243; header_font_size=&#8221;36px&#8221; header_line_height=&#8221;1.3em&#8221; body_font=&#8221;||||&#8221; custom_css_main_element=&#8221;margin-top: 0px;||margin-bottom: 0px;||&#8221;]<\/p>\n<p>Semanal, Mensal, Anual<br \/>\nSem taxas escondidas<\/p>\n<p>[\/et_pb_slide][et_pb_slide heading=&#8221;Unidades Individuais fechadas&#8221; button_text=&#8221;(00351) \/ 282 798 490&#8243; button_link=&#8221;\/pt-pt\/contacte-nos\/&#8221; background_image=&#8221;https:\/\/u-store-portugal.com\/wp-content\/uploads\/2017\/06\/Slider-Background-3.png&#8221; background_position=&#8221;center_left&#8221; background_blend=&#8221;multiply&#8221; image=&#8221;https:\/\/u-store-portugal.com\/wp-content\/uploads\/2017\/08\/unit-20-Ustore-Lagos-Algarve-Portugal-Storage-Units.jpg&#8221; use_bg_overlay=&#8221;off&#8221; use_text_overlay=&#8221;off&#8221; background_layout=&#8221;light&#8221; _builder_version=&#8221;3.0.47&#8243; header_font_size=&#8221;36px&#8221; header_line_height=&#8221;1.3em&#8221; body_font=&#8221;||||&#8221; custom_css_main_element=&#8221;margin-top: 0px;||margin-bottom: 0px;||&#8221;]Seco, Limpo e Seguro[\/et_pb_slide][et_pb_slide heading=&#8221;Acesso Di\u00e1rio&#8221; button_text=&#8221;(00351) \/ 282 798 490&#8243; button_link=&#8221;\/pt-pt\/contacte-nos\/&#8221; background_image=&#8221;https:\/\/u-store-portugal.com\/wp-content\/uploads\/2017\/06\/Slider-Background-3.png&#8221; background_position=&#8221;center_left&#8221; background_blend=&#8221;multiply&#8221; image=&#8221;https:\/\/u-store-portugal.com\/wp-content\/uploads\/2017\/06\/self-storage-algarve_slide6.jpg&#8221; use_bg_overlay=&#8221;off&#8221; use_text_overlay=&#8221;off&#8221; background_layout=&#8221;light&#8221; _builder_version=&#8221;3.0.47&#8243; header_font_size=&#8221;36px&#8221; header_line_height=&#8221;1.3em&#8221; body_font=&#8221;||||&#8221; custom_button=&#8221;off&#8221; custom_css_main_element=&#8221;margin-top: 0px;||margin-bottom: 0px;||&#8221;]Armazenamento para casa e neg\u00f3cio[\/et_pb_slide][et_pb_slide heading=&#8221; Staff Amig\u00e1vel&#8221; button_text=&#8221;(00351) \/ 282 798 490&#8243; button_link=&#8221;\/pt-pt\/contacte-nos\/&#8221; background_image=&#8221;https:\/\/u-store-portugal.com\/wp-content\/uploads\/2017\/06\/Slider-Background-3.png&#8221; background_position=&#8221;center_left&#8221; background_blend=&#8221;multiply&#8221; image=&#8221;https:\/\/u-store-portugal.com\/wp-content\/uploads\/2017\/06\/self-storage-algarve_slide4.jpg&#8221; use_bg_overlay=&#8221;off&#8221; use_text_overlay=&#8221;off&#8221; background_layout=&#8221;light&#8221; _builder_version=&#8221;3.0.47&#8243; header_font=&#8221;||||&#8221; header_font_size=&#8221;36px&#8221; header_font_size_tablet=&#8221;36px&#8221; header_font_size_phone=&#8221;36px&#8221; header_line_height=&#8221;1.3em&#8221; header_line_height_tablet=&#8221;1.3em&#8221; header_line_height_phone=&#8221;1.3em&#8221; body_font=&#8221;||||&#8221; custom_button=&#8221;off&#8221; button_icon_placement=&#8221;right&#8221; button_on_hover=&#8221;on&#8221; custom_css_main_element=&#8221;margin-top: 0px;||margin-bottom: 0px;||&#8221;]Instala\u00e7\u00f5es totalmente isoladas[\/et_pb_slide][\/et_pb_slider][\/et_pb_column][et_pb_column type=&#8221;1_3&#8243; _builder_version=&#8221;3.0.47&#8243; parallax=&#8221;off&#8221; parallax_method=&#8221;on&#8221;][et_pb_text text_orientation=&#8221;center&#8221; max_width_tablet=&#8221;50%&#8221; max_width_phone=&#8221;100%&#8221; max_width_last_edited=&#8221;on|phone&#8221; admin_label=&#8221;Text&#8221; module_class=&#8221;ora-box sid-bar&#8221; _builder_version=&#8221;3.0.60&#8243; saved_tabs=&#8221;all&#8221;]<\/p>\n<h2 style=\"text-align: center;\"><span style=\"font-size: x-large;\"><a title=\"Pallet Storage\" href=\"\/pt-pt\/armazenamento-em-palete-2\/\"><span style=\"color: #000000;\"><strong>ARMAZENAMENTO EM PALETE<\/strong><\/span><\/a><\/span><a title=\"Pallet Storage\" href=\"https:\/\/u-store-portugal.com\/pt-pt\/armazenamento-em-palete-2\/\"><img loading=\"lazy\" decoding=\"async\" class=\"wp-image-1863 alignnone size-medium\" src=\"https:\/\/u-store-portugal.com\/wp-content\/uploads\/2017\/06\/Self_Storage_Algarve_Pallet_Storaget1-300x225.jpg\" alt=\"\" width=\"300\" height=\"225\" srcset=\"https:\/\/u-store-portugal.com\/wp-content\/uploads\/2017\/06\/Self_Storage_Algarve_Pallet_Storaget1-300x225.jpg 300w, https:\/\/u-store-portugal.com\/wp-content\/uploads\/2017\/06\/Self_Storage_Algarve_Pallet_Storaget1-768x576.jpg 768w, https:\/\/u-store-portugal.com\/wp-content\/uploads\/2017\/06\/Self_Storage_Algarve_Pallet_Storaget1-510x382.jpg 510w, https:\/\/u-store-portugal.com\/wp-content\/uploads\/2017\/06\/Self_Storage_Algarve_Pallet_Storaget1.jpg 800w\" sizes=\"(max-width: 300px) 100vw, 300px\" \/><\/a><\/h2>\n<p>[\/et_pb_text][\/et_pb_column][\/et_pb_row][\/et_pb_section]<\/p>\n","protected":false},"excerpt":{"rendered":"<p>Quem somos? Fundada em 2000, a U-Store ainda lidera o mercado de auto armazenamento no Algarve, proporcionando excelentes condi&ccedil;&otilde;es de armazenamento, em conjunto com uma variedade de servi&ccedil;os a pre&ccedil;os imbat&iacute;veis. O auto armazenamento &eacute; o modo ideal para libertar espa&ccedil;o em casa ou no local de trabalho. Guardados de modo seguro em unidades privadas [&hellip;]<\/p>\n","protected":false},"author":1,"featured_media":0,"parent":0,"menu_order":0,"comment_status":"closed","ping_status":"closed","template":"","meta":{"_seopress_robots_primary_cat":"","_seopress_titles_title":"","_seopress_titles_desc":"","_seopress_robots_index":"","_et_pb_use_builder":"on","_et_pb_old_content":"<p><strong><span style=\"font-size: large;\">About U-Store<\/span><\/strong><\/p><p>[wpcol_2third id=\"\" class=\"\" style=\"width:300px;\"]Established in 2000 U-Store still leads the Self-Storage market in the Algarve by providing excellent storage conditions together with a variety of services at unbeatable prices. Self-Storage is an ideal way to clear space at home or in the workplace. Locked away in private, individual units your goods remain clean, dry and secure for any length of time from one week onwards.<\/p><p>Having been in business for over a decade we have diverse storage solutions for practically any sort of item, from a small box to full household contents, vehicle storage, and very large or bulky items, with clients paying on weekly, monthly or yearly rental options. Customers occupying private units have their own key and can access their goods at any time during business hours.[\/wpcol_2third] [wpcol_1third_end id=\"\" class=\"\" style=\"margin-left:30px;margin-top:20px;\"]<strong><img class=\"alignright\" style=\"margin-top: 40px;\" title=\"logo\" src=\"https:\/\/u-store-portugal.com\/wp-content\/uploads\/2012\/01\/logo.bmp\" alt=\"\" width=\"196\" height=\"156\" \/><\/strong>[\/wpcol_1third_end] Our facilities feature fully insulated ceiling and walls keeping goods in perfect condition whilst they are in storage. Almost anything can be stored except for foodstuffs, animals, illegal items, flammable and explosive materials.<\/p><p>U-Store is located in a purpose built industrial estate with good parking and space enough for the largest vehicles to load and unload. A forklift service is also available free of charge (by pre-booking).<\/p><p>We speak 3 languages (English, French & Portuguese), making communication easy and offer a professional, personalized service as the owners are also the staff. We are always at hand to guide storage with helpful hints, advice on upgrading or downgrading to larger or smaller units and also resolving any problems that may arise.<\/p><p><strong>Our goal is your satisfaction through our flexibility and personal service.<\/strong><\/p>","_et_gb_content_width":"","footnotes":""},"class_list":["post-1437","page","type-page","status-publish","hentry"],"_links":{"self":[{"href":"https:\/\/u-store-portugal.com\/pt-pt\/wp-json\/wp\/v2\/pages\/1437","targetHints":{"allow":["GET"]}}],"collection":[{"href":"https:\/\/u-store-portugal.com\/pt-pt\/wp-json\/wp\/v2\/pages"}],"about":[{"href":"https:\/\/u-store-portugal.com\/pt-pt\/wp-json\/wp\/v2\/types\/page"}],"author":[{"embeddable":true,"href":"https:\/\/u-store-portugal.com\/pt-pt\/wp-json\/wp\/v2\/users\/1"}],"replies":[{"embeddable":true,"href":"https:\/\/u-store-portugal.com\/pt-pt\/wp-json\/wp\/v2\/comments?post=1437"}],"version-history":[{"count":5,"href":"https:\/\/u-store-portugal.com\/pt-pt\/wp-json\/wp\/v2\/pages\/1437\/revisions"}],"predecessor-version":[{"id":2415,"href":"https:\/\/u-store-portugal.com\/pt-pt\/wp-json\/wp\/v2\/pages\/1437\/revisions\/2415"}],"wp:attachment":[{"href":"https:\/\/u-store-portugal.com\/pt-pt\/wp-json\/wp\/v2\/media?parent=1437"}],"curies":[{"name":"wp","href":"https:\/\/api.w.org\/{rel}","templated":true}]}}