{"id":1481,"date":"2017-06-12T22:52:58","date_gmt":"2017-06-12T22:52:58","guid":{"rendered":"https:\/\/u-store-portugal.com\/servicos\/"},"modified":"2017-08-03T16:26:17","modified_gmt":"2017-08-03T16:26:17","slug":"servicos","status":"publish","type":"page","link":"https:\/\/u-store-portugal.com\/pt-pt\/servicos\/","title":{"rendered":"Servi\u00e7os"},"content":{"rendered":"<p>[et_pb_section fb_built=&#8221;1&#8243; admin_label=&#8221;section&#8221; _builder_version=&#8221;3.0.47&#8243;][et_pb_row admin_label=&#8221;row&#8221; _builder_version=&#8221;3.0.47&#8243; background_size=&#8221;initial&#8221; background_position=&#8221;top_left&#8221; background_repeat=&#8221;repeat&#8221;][et_pb_column type=&#8221;2_3&#8243; _builder_version=&#8221;3.0.47&#8243; parallax=&#8221;off&#8221; parallax_method=&#8221;on&#8221;][et_pb_text admin_label=&#8221;Text&#8221; _builder_version=&#8221;3.0.60&#8243;]<\/p>\n<h1 style=\"top: -50px;\"><span style=\"font-size: x-large;\"><strong>U-Store Servi\u00e7os<\/strong><\/span><\/h1>\n<p style=\"top: -50px;\">\n<p>[\/et_pb_text][et_pb_text admin_label=&#8221;Text&#8221; _builder_version=&#8221;3.0.60&#8243;]<\/p>\n<p style=\"top: -50px;\">\n<table id=\"wp-table-reloaded-id-11-no-1\" class=\"wp-table-reloaded wp-table-reloaded-id-11\">\n<tbody>\n\t<tr class=\"row-1 odd\">\n\t\t<td class=\"column-1\"><p lang=\"en-US\" align=\"JUSTIFY\"><strong><span style=\"font-size: large;\">Contratos de seguro multi-risco poder\u00e3o ser fornecidos no local, para dar ao cliente uma tranquilidade completa.<\/span><\/strong><\/p><br \/>\r\n<\/td>\n\t<\/tr>\n\t<tr class=\"row-2 even\">\n\t\t<td class=\"column-1\"><p lang=\"en-US\" align=\"JUSTIFY\"><strong><span style=\"font-size: large;\">Venda de material de embalagem: caixas, fita e pl\u00e1stico de bolha de ar.<\/span><\/strong><\/p><br \/>\r\n<\/td>\n\t<\/tr>\n\t<tr class=\"row-3 odd\">\n\t\t<td class=\"column-1\"><p lang=\"en-US\" align=\"JUSTIFY\"><strong><span style=\"font-size: large;\">Despacho e recep\u00e7\u00e3o de mercadorias em caso de aus\u00eancia do propriet\u00e1rio..<\/span><\/strong><\/p><br \/>\r\n<\/td>\n\t<\/tr>\n\t<tr class=\"row-4 even\">\n\t\t<td class=\"column-1\"><p lang=\"en-US\" align=\"JUSTIFY\"><strong><span style=\"font-size: large;\">Contacto com empresas  de confian\u00e7a nas \u00e1reas de transporte e mudan\u00e7as.<\/span><\/strong><\/p><br \/>\r\n<\/td>\n\t<\/tr>\n<\/tbody>\n<\/table>\n<\/p>\n<p style=\"top: -50px;\">\n<p>[\/et_pb_text][et_pb_slider show_arrows=&#8221;off&#8221; show_pagination=&#8221;off&#8221; auto=&#8221;on&#8221; auto_ignore_hover=&#8221;on&#8221; remove_inner_shadow=&#8221;on&#8221; top_padding=&#8221;25px&#8221; bottom_padding=&#8221;25px&#8221; _builder_version=&#8221;3.0.60&#8243; header_font=&#8221;|on|||&#8221; header_font_size=&#8221;32px&#8221; body_font=&#8221;|on|||&#8221; body_font_size=&#8221;24px&#8221; body_letter_spacing=&#8221;-1px&#8221; body_line_height=&#8221;1.3em&#8221; custom_button=&#8221;on&#8221; button_text_size=&#8221;14px&#8221; button_text_color=&#8221;#ffffff&#8221; button_bg_color=&#8221;#f99816&#8243; button_font=&#8221;|on|||&#8221; button_use_icon=&#8221;off&#8221; button_text_color_hover=&#8221;#ffffff&#8221; button_bg_color_hover=&#8221;#000000&#8243; custom_css_main_element=&#8221;background: #ffffff;||margin: 0px !important;||padding: 0px !important;||margin: 0px !important;||padding: 0px !important;&#8221;][et_pb_slide heading=&#8221;Precisa de espa\u00e7o para armazenamento?&#8221; button_text=&#8221;(00351) \/ 282 798 490&#8243; button_link=&#8221;\/pt-pt\/contacte-nos\/&#8221; background_image=&#8221;https:\/\/u-store-portugal.com\/wp-content\/uploads\/2017\/06\/Slider-Background-3.png&#8221; background_position=&#8221;center_left&#8221; background_blend=&#8221;multiply&#8221; image=&#8221;https:\/\/u-store-portugal.com\/wp-content\/uploads\/2012\/01\/Self-Storage-Algarve-units.jpg&#8221; use_bg_overlay=&#8221;off&#8221; use_text_overlay=&#8221;off&#8221; background_layout=&#8221;light&#8221; _builder_version=&#8221;3.0.47&#8243; header_font_size=&#8221;36px&#8221; header_text_color=&#8221;#000000&#8243; header_line_height=&#8221;1.3em&#8221; body_font=&#8221;||||&#8221; custom_button=&#8221;off&#8221; custom_css_main_element=&#8221;margin-top: 0px;||margin-bottom: 0px;||&#8221;]U store pode ajudar[\/et_pb_slide][et_pb_slide heading=&#8221;Auto &#8211; armazenamento&#8221; button_text=&#8221;(00351) \/ 282 798 490&#8243; button_link=&#8221;\/pt-pt\/contacte-nos\/&#8221; background_image=&#8221;https:\/\/u-store-portugal.com\/wp-content\/uploads\/2017\/06\/Slider-Background-3.png&#8221; background_position=&#8221;center_left&#8221; image=&#8221;https:\/\/u-store-portugal.com\/wp-content\/uploads\/2017\/06\/self-storage-algarve_slide2.jpg&#8221; use_bg_overlay=&#8221;off&#8221; use_text_overlay=&#8221;off&#8221; background_layout=&#8221;light&#8221; _builder_version=&#8221;3.0.47&#8243; header_font_size=&#8221;36px&#8221; header_line_height=&#8221;1.3em&#8221; body_font=&#8221;||||&#8221; custom_css_main_element=&#8221;margin-top: 0px;||margin-bottom: 0px;||&#8221;]<\/p>\n<p>Semanal, Mensal, Anual<br \/>\nSem taxas escondidas<\/p>\n<p>[\/et_pb_slide][et_pb_slide heading=&#8221;Unidades Individuais fechadas&#8221; button_text=&#8221;(00351) \/ 282 798 490&#8243; button_link=&#8221;\/pt-pt\/contacte-nos\/&#8221; background_image=&#8221;https:\/\/u-store-portugal.com\/wp-content\/uploads\/2017\/06\/Slider-Background-3.png&#8221; background_position=&#8221;center_left&#8221; background_blend=&#8221;multiply&#8221; image=&#8221;https:\/\/u-store-portugal.com\/wp-content\/uploads\/2017\/08\/unit-20-Ustore-Lagos-Algarve-Portugal-Storage-Units.jpg&#8221; use_bg_overlay=&#8221;off&#8221; use_text_overlay=&#8221;off&#8221; background_layout=&#8221;light&#8221; _builder_version=&#8221;3.0.47&#8243; header_font_size=&#8221;36px&#8221; header_line_height=&#8221;1.3em&#8221; body_font=&#8221;||||&#8221; custom_css_main_element=&#8221;margin-top: 0px;||margin-bottom: 0px;||&#8221;]Seco, Limpo e Seguro[\/et_pb_slide][et_pb_slide heading=&#8221;Acesso Di\u00e1rio&#8221; button_text=&#8221;(00351) \/ 282 798 490&#8243; button_link=&#8221;\/pt-pt\/contacte-nos\/&#8221; background_image=&#8221;https:\/\/u-store-portugal.com\/wp-content\/uploads\/2017\/06\/Slider-Background-3.png&#8221; background_position=&#8221;center_left&#8221; background_blend=&#8221;multiply&#8221; image=&#8221;https:\/\/u-store-portugal.com\/wp-content\/uploads\/2017\/06\/self-storage-algarve_slide6.jpg&#8221; use_bg_overlay=&#8221;off&#8221; use_text_overlay=&#8221;off&#8221; background_layout=&#8221;light&#8221; _builder_version=&#8221;3.0.47&#8243; header_font_size=&#8221;36px&#8221; header_line_height=&#8221;1.3em&#8221; body_font=&#8221;||||&#8221; custom_button=&#8221;off&#8221; custom_css_main_element=&#8221;margin-top: 0px;||margin-bottom: 0px;||&#8221;]Armazenamento para casa e neg\u00f3cio[\/et_pb_slide][et_pb_slide heading=&#8221; Staff Amig\u00e1vel&#8221; button_text=&#8221;(00351) \/ 282 798 490&#8243; button_link=&#8221;\/pt-pt\/contacte-nos\/&#8221; background_image=&#8221;https:\/\/u-store-portugal.com\/wp-content\/uploads\/2017\/06\/Slider-Background-3.png&#8221; background_position=&#8221;center_left&#8221; background_blend=&#8221;multiply&#8221; image=&#8221;https:\/\/u-store-portugal.com\/wp-content\/uploads\/2017\/06\/self-storage-algarve_slide4.jpg&#8221; use_bg_overlay=&#8221;off&#8221; use_text_overlay=&#8221;off&#8221; background_layout=&#8221;light&#8221; _builder_version=&#8221;3.0.47&#8243; header_font=&#8221;||||&#8221; header_font_size=&#8221;36px&#8221; header_font_size_tablet=&#8221;36px&#8221; header_font_size_phone=&#8221;36px&#8221; header_line_height=&#8221;1.3em&#8221; header_line_height_tablet=&#8221;1.3em&#8221; header_line_height_phone=&#8221;1.3em&#8221; body_font=&#8221;||||&#8221; custom_button=&#8221;off&#8221; button_icon_placement=&#8221;right&#8221; button_on_hover=&#8221;on&#8221; custom_css_main_element=&#8221;margin-top: 0px;||margin-bottom: 0px;||&#8221;]Instala\u00e7\u00f5es totalmente isoladas[\/et_pb_slide][\/et_pb_slider][\/et_pb_column][et_pb_column type=&#8221;1_3&#8243; _builder_version=&#8221;3.0.47&#8243; parallax=&#8221;off&#8221; parallax_method=&#8221;on&#8221;][et_pb_text text_orientation=&#8221;center&#8221; max_width_tablet=&#8221;50%&#8221; max_width_phone=&#8221;100%&#8221; max_width_last_edited=&#8221;on|phone&#8221; admin_label=&#8221;Text&#8221; module_class=&#8221;ora-box&#8221; _builder_version=&#8221;3.0.51&#8243; custom_padding=&#8221;||30px|&#8221; saved_tabs=&#8221;all&#8221;]<\/p>\n<h2><span style=\"color: #000000; font-size: x-large;\"><strong>Contacte nos<\/strong><\/span>\u00a0<\/h2>\n<p><span style=\"color: #000000; font-size: large;\"><strong>Tel:<\/strong> (00351) \/ <a style=\"color: #000000;\" title=\"Call 2 U store Lagos Portugal\" href=\"tel:00351282798490\">282 798 490<\/a><\/span><\/p>\n<p><span style=\"color: #000000; font-size: large;\"><strong>Telem\u00f3vel:<\/strong> \u00a0(00351) \/ <a style=\"color: #000000;\" title=\"Call U store Lagos Portugal\" href=\"tel:00351917010365\">917 010 365<\/a><\/span><\/p>\n<p><span style=\"color: #000000; font-size: large;\"><strong>email:<\/strong> <a style=\"color: #000000;\" title=\"Email U Store Lagos Portugal\" href=\"mailto:info@u-store-portugal.com\">info@u-store-portugal.com<\/a><\/span><span style=\"font-size: 16px;\">\u00a0<\/span><\/p>\n<p>[\/et_pb_text][et_pb_text text_orientation=&#8221;center&#8221; max_width_tablet=&#8221;50%&#8221; max_width_phone=&#8221;100%&#8221; max_width_last_edited=&#8221;on|tablet&#8221; admin_label=&#8221;Text&#8221; module_class=&#8221;ora-box&#8221; _builder_version=&#8221;3.0.60&#8243; saved_tabs=&#8221;all&#8221;]<\/p>\n<h2 style=\"text-align: center;\"><span style=\"color: #000000; font-size: x-large;\"><strong>Encontre-nos no Google Maps<\/strong><\/span><strong style=\"color: #000000; font-size: x-large; font-family: Lato, Helvetica, Arial, Lucida, sans-serif;\"><a href=\"https:\/\/www.google.pt\/maps\/dir\/''\/u+store+lagos\/data=!4m5!4m4!1m0!1m2!1m1!1s0xd1b30231709c8ad:0x4165fda28d30421b?sa=X&#038;ved=0ahUKEwiFhenF8bjUAhWJhRoKHYsyAoIQ9RcIdzAM\" target=\"_blank\" rel=\"noopener noreferrer\"><img loading=\"lazy\" decoding=\"async\" class=\"wp-image-268 alignnone size-medium\" src=\"https:\/\/u-store-portugal.com\/wp-content\/uploads\/2012\/02\/Self_Storage_Algarve_map_thmb1-300x228.jpg\" alt=\"\" width=\"300\" height=\"228\" srcset=\"https:\/\/u-store-portugal.com\/wp-content\/uploads\/2012\/02\/Self_Storage_Algarve_map_thmb1-300x228.jpg 300w, https:\/\/u-store-portugal.com\/wp-content\/uploads\/2012\/02\/Self_Storage_Algarve_map_thmb1.jpg 975w\" sizes=\"(max-width: 300px) 100vw, 300px\" \/><\/a><\/strong><\/h2>\n<p>[\/et_pb_text][et_pb_text text_orientation=&#8221;center&#8221; max_width_tablet=&#8221;50%&#8221; max_width_phone=&#8221;100%&#8221; max_width_last_edited=&#8221;on|phone&#8221; admin_label=&#8221;Text&#8221; module_class=&#8221;ora-box sid-bar&#8221; _builder_version=&#8221;3.0.60&#8243; saved_tabs=&#8221;all&#8221;]<\/p>\n<p class=\"\"><span style=\"font-family: Cuprum, Helvetica, Arial, Lucida, sans-serif;\"><span style=\"font-size: 24px; text-transform: uppercase;\"><b>Unidades Individuais fechadas<br \/>\n<a href=\"\/pt-pt\/para-casa-e-para-negocios\/\"><img loading=\"lazy\" decoding=\"async\" class=\"wp-image-2059 alignnone size-full\" src=\"https:\/\/u-store-portugal.com\/wp-content\/uploads\/2017\/08\/unit-20-Ustore-Lagos-Algarve-Portugal-Storage-Units.jpg\" alt=\"\" width=\"1024\" height=\"765\" srcset=\"https:\/\/u-store-portugal.com\/wp-content\/uploads\/2017\/08\/unit-20-Ustore-Lagos-Algarve-Portugal-Storage-Units.jpg 1024w, https:\/\/u-store-portugal.com\/wp-content\/uploads\/2017\/08\/unit-20-Ustore-Lagos-Algarve-Portugal-Storage-Units-300x224.jpg 300w, https:\/\/u-store-portugal.com\/wp-content\/uploads\/2017\/08\/unit-20-Ustore-Lagos-Algarve-Portugal-Storage-Units-768x574.jpg 768w, https:\/\/u-store-portugal.com\/wp-content\/uploads\/2017\/08\/unit-20-Ustore-Lagos-Algarve-Portugal-Storage-Units-510x382.jpg 510w\" sizes=\"(max-width: 1024px) 100vw, 1024px\" \/><\/a><\/b><\/span><\/span><\/p>\n<p>[\/et_pb_text][et_pb_text text_orientation=&#8221;center&#8221; max_width_tablet=&#8221;50%&#8221; max_width_phone=&#8221;100%&#8221; max_width_last_edited=&#8221;on|phone&#8221; admin_label=&#8221;Text&#8221; module_class=&#8221;ora-box sid-bar&#8221; _builder_version=&#8221;3.0.60&#8243; saved_tabs=&#8221;all&#8221;]<\/p>\n<h2 style=\"text-align: center;\"><span style=\"font-size: x-large;\"><a title=\"Pallet Storage\" href=\"\/pt-pt\/armazenamento-em-palete-2\/\"><span style=\"color: #000000;\"><strong>ARMAZENAMENTO EM PALETE<\/strong><\/span><\/a><\/span><a title=\"Pallet Storage\" href=\"https:\/\/u-store-portugal.com\/pt-pt\/armazenamento-em-palete-2\/\"><img loading=\"lazy\" decoding=\"async\" class=\"wp-image-1863 alignnone size-medium\" src=\"https:\/\/u-store-portugal.com\/wp-content\/uploads\/2017\/06\/Self_Storage_Algarve_Pallet_Storaget1-300x225.jpg\" alt=\"\" width=\"300\" height=\"225\" srcset=\"https:\/\/u-store-portugal.com\/wp-content\/uploads\/2017\/06\/Self_Storage_Algarve_Pallet_Storaget1-300x225.jpg 300w, https:\/\/u-store-portugal.com\/wp-content\/uploads\/2017\/06\/Self_Storage_Algarve_Pallet_Storaget1-768x576.jpg 768w, https:\/\/u-store-portugal.com\/wp-content\/uploads\/2017\/06\/Self_Storage_Algarve_Pallet_Storaget1-510x382.jpg 510w, https:\/\/u-store-portugal.com\/wp-content\/uploads\/2017\/06\/Self_Storage_Algarve_Pallet_Storaget1.jpg 800w\" sizes=\"(max-width: 300px) 100vw, 300px\" \/><\/a><\/h2>\n<p>[\/et_pb_text][\/et_pb_column][\/et_pb_row][\/et_pb_section]<\/p>\n","protected":false},"excerpt":{"rendered":"<p>U-Store Servi\u00e7os \n<table id=\"wp-table-reloaded-id-11-no-1\" class=\"wp-table-reloaded wp-table-reloaded-id-11\">\n<tbody>\n\t<tr class=\"row-1 odd\">\n\t\t<td class=\"column-1\"><p lang=\"en-US\" align=\"JUSTIFY\"><strong><span style=\"font-size: large;\">Contratos de seguro multi-risco poder\u00e3o ser fornecidos no local, para dar ao cliente uma tranquilidade completa.<\/span><\/strong><\/p><br \/>\r\n<\/td>\n\t<\/tr>\n\t<tr class=\"row-2 even\">\n\t\t<td class=\"column-1\"><p lang=\"en-US\" align=\"JUSTIFY\"><strong><span style=\"font-size: large;\">Venda de material de embalagem: caixas, fita e pl\u00e1stico de bolha de ar.<\/span><\/strong><\/p><br \/>\r\n<\/td>\n\t<\/tr>\n\t<tr class=\"row-3 odd\">\n\t\t<td class=\"column-1\"><p lang=\"en-US\" align=\"JUSTIFY\"><strong><span style=\"font-size: large;\">Despacho e recep\u00e7\u00e3o de mercadorias em caso de aus\u00eancia do propriet\u00e1rio..<\/span><\/strong><\/p><br \/>\r\n<\/td>\n\t<\/tr>\n\t<tr class=\"row-4 even\">\n\t\t<td class=\"column-1\"><p lang=\"en-US\" align=\"JUSTIFY\"><strong><span style=\"font-size: large;\">Contacto com empresas  de confian\u00e7a nas \u00e1reas de transporte e mudan\u00e7as.<\/span><\/strong><\/p><br \/>\r\n<\/td>\n\t<\/tr>\n<\/tbody>\n<\/table>\n U store pode ajudarSemanal, Mensal, Anual Sem taxas escondidas Seco, Limpo e SeguroArmazenamento para casa e neg\u00f3cioInstala\u00e7\u00f5es totalmente isoladasContacte nos\u00a0 Tel: (00351) \/ 282 798 490 Telem\u00f3vel: \u00a0(00351) \/ 917 010 365 email: info@u-store-portugal.com\u00a0Encontre-nos no Google MapsUnidades Individuais fechadas ARMAZENAMENTO EM PALETE<\/p>\n","protected":false},"author":1,"featured_media":0,"parent":0,"menu_order":0,"comment_status":"closed","ping_status":"closed","template":"","meta":{"_seopress_robots_primary_cat":"","_seopress_titles_title":"","_seopress_titles_desc":"","_seopress_robots_index":"","_et_pb_use_builder":"on","_et_pb_old_content":"<p style=\"top: -50px;\"><span style=\"font-size: x-large;\"><strong>Services at U-Store<\/strong><\/span> <strong>[table id=5 \/]<\/strong><\/p><p style=\"top: -50px;\">\u00a0<\/p>","_et_gb_content_width":"","footnotes":""},"class_list":["post-1481","page","type-page","status-publish","hentry"],"_links":{"self":[{"href":"https:\/\/u-store-portugal.com\/pt-pt\/wp-json\/wp\/v2\/pages\/1481","targetHints":{"allow":["GET"]}}],"collection":[{"href":"https:\/\/u-store-portugal.com\/pt-pt\/wp-json\/wp\/v2\/pages"}],"about":[{"href":"https:\/\/u-store-portugal.com\/pt-pt\/wp-json\/wp\/v2\/types\/page"}],"author":[{"embeddable":true,"href":"https:\/\/u-store-portugal.com\/pt-pt\/wp-json\/wp\/v2\/users\/1"}],"replies":[{"embeddable":true,"href":"https:\/\/u-store-portugal.com\/pt-pt\/wp-json\/wp\/v2\/comments?post=1481"}],"version-history":[{"count":4,"href":"https:\/\/u-store-portugal.com\/pt-pt\/wp-json\/wp\/v2\/pages\/1481\/revisions"}],"predecessor-version":[{"id":2341,"href":"https:\/\/u-store-portugal.com\/pt-pt\/wp-json\/wp\/v2\/pages\/1481\/revisions\/2341"}],"wp:attachment":[{"href":"https:\/\/u-store-portugal.com\/pt-pt\/wp-json\/wp\/v2\/media?parent=1481"}],"curies":[{"name":"wp","href":"https:\/\/api.w.org\/{rel}","templated":true}]}}