{"id":1995,"date":"2017-07-19T15:09:21","date_gmt":"2017-07-19T15:09:21","guid":{"rendered":"https:\/\/u-store-portugal.com\/armazenamento-em-palete-2\/"},"modified":"2017-08-03T15:58:12","modified_gmt":"2017-08-03T15:58:12","slug":"armazenamento-em-palete-2","status":"publish","type":"page","link":"https:\/\/u-store-portugal.com\/pt-pt\/armazenamento-em-palete-2\/","title":{"rendered":"Armazenamento em palete"},"content":{"rendered":"<p>[et_pb_section fb_built=&#8221;1&#8243; _builder_version=&#8221;3.0.47&#8243;][et_pb_row _builder_version=&#8221;3.0.60&#8243; background_size=&#8221;initial&#8221; background_position=&#8221;top_left&#8221; background_repeat=&#8221;repeat&#8221;][et_pb_column type=&#8221;2_3&#8243; _builder_version=&#8221;3.0.47&#8243; parallax=&#8221;off&#8221; parallax_method=&#8221;on&#8221;][et_pb_image src=&#8221;https:\/\/u-store-portugal.com\/wp-content\/uploads\/2017\/06\/Self_Storage_Algarve_Pallet_Storage_pt.jpg&#8221; animation=&#8221;fade_in&#8221; _builder_version=&#8221;3.0.60&#8243; custom_css_before=&#8221;content: %22%22;||background: #fff;||opacity: 0.3;||top: 0;||right: 0;||bottom: 0;||left: 0;||position: absolute;||||||||&#8221; custom_css_main_element=&#8221;position: relative;&#8221;][\/et_pb_image][et_pb_text _builder_version=&#8221;3.0.60&#8243; custom_css_main_element=&#8221;position: absolute;||top: 0;||right:0;||bottom: 55%;||left: 0;||display: block;||text-shadow: 1px 1px 1px #ffffff;&#8221;]<\/p>\n<h2>Armazenamento em Palete<\/h2>\n<p>[\/et_pb_text][et_pb_text _builder_version=&#8221;3.0.60&#8243;]<\/p>\n<p>U-Store oferece-lhe a baixo custo as melhores condi\u00e7\u00f5es para armazenar seus produtos: Fornecemos uma gama abrangente de solu\u00e7\u00f5es para armazenamento de paletes a curto e longo prazo, com um alto n\u00edvel de seguran\u00e7a, tanto dentro como fora. Estamos \u00e0 disposi\u00e7\u00e3o para o aconselhar sempre que solicitar e ajud\u00e1-lo a escolher o tamanho certo do armazenamento de paletes de modo a \u00a0aproveitar ao m\u00e1ximo o seu espa\u00e7o.<\/p>\n<p>O armazenamento de paletes \u00e9 uma maneira muito econ\u00f3mica de armazenar. Apenas uma pequena quantidade de mercadorias adequada, para itens que podem ser encaixotados antes de serem empilhados e, em seguida, embalados em uma pel\u00edcula preta.<\/p>\n<p>[\/et_pb_text][\/et_pb_column][et_pb_column type=&#8221;1_3&#8243; _builder_version=&#8221;3.0.47&#8243; parallax=&#8221;off&#8221; parallax_method=&#8221;on&#8221;][et_pb_text text_orientation=&#8221;center&#8221; max_width_tablet=&#8221;50%&#8221; max_width_phone=&#8221;100%&#8221; max_width_last_edited=&#8221;on|phone&#8221; admin_label=&#8221;Text&#8221; module_class=&#8221;ora-box&#8221; _builder_version=&#8221;3.0.51&#8243; custom_padding=&#8221;||30px|&#8221; saved_tabs=&#8221;all&#8221;]<\/p>\n<h2 style=\"text-align: center;\"><span style=\"color: #000000; font-size: x-large;\"><strong>Contacte U-Store<\/strong><\/span><\/h2>\n<p><span style=\"color: #000000; font-size: large;\"><strong>Tel:<\/strong> (00351) \/ <a style=\"color: #000000;\" title=\"Call 2 U store Lagos Portugal\" href=\"tel:00351282798490\">282 798 490<\/a><\/span><\/p>\n<p><span style=\"color: #000000; font-size: large;\"><strong>Mobile:<\/strong> &nbsp;(00351) \/ <a style=\"color: #000000;\" title=\"Call U store Lagos Portugal\" href=\"tel:00351917010365\">917 010 365<\/a><\/span><\/p>\n<p><span style=\"color: #000000; font-size: large;\"><strong>mail:<\/strong> <a style=\"color: #000000;\" title=\"Email U Store Lagos Portugal\" href=\"mailto:info@u-store-portugal.com\">info@u-store-portugal.com<\/a><\/span><\/p>\n<p>[\/et_pb_text][et_pb_text text_orientation=&#8221;center&#8221; max_width_tablet=&#8221;50%&#8221; max_width_phone=&#8221;100%&#8221; max_width_last_edited=&#8221;on|tablet&#8221; admin_label=&#8221;Text&#8221; module_class=&#8221;ora-box&#8221; _builder_version=&#8221;3.0.60&#8243; saved_tabs=&#8221;all&#8221;]<\/p>\n<h2 style=\"text-align: center;\"><strong>ENCONTRE-NOS NO GOOGLE MAPS<\/strong><strong style=\"color: #000000; font-size: x-large; font-family: Lato, Helvetica, Arial, Lucida, sans-serif;\"><a href=\"https:\/\/www.google.pt\/maps\/dir\/''\/u+store+lagos\/data=!4m5!4m4!1m0!1m2!1m1!1s0xd1b30231709c8ad:0x4165fda28d30421b?sa=X&amp;ved=0ahUKEwiFhenF8bjUAhWJhRoKHYsyAoIQ9RcIdzAM\" target=\"_blank\" rel=\"noopener noreferrer\"><img loading=\"lazy\" decoding=\"async\" class=\"wp-image-268 alignnone size-medium\" src=\"https:\/\/u-store-portugal.com\/wp-content\/uploads\/2012\/02\/Self_Storage_Algarve_map_thmb1-300x228.jpg\" alt=\"\" width=\"300\" height=\"228\" srcset=\"https:\/\/u-store-portugal.com\/wp-content\/uploads\/2012\/02\/Self_Storage_Algarve_map_thmb1-300x228.jpg 300w, https:\/\/u-store-portugal.com\/wp-content\/uploads\/2012\/02\/Self_Storage_Algarve_map_thmb1.jpg 975w\" sizes=\"(max-width: 300px) 100vw, 300px\" \/><\/a><\/strong><\/h2>\n<p>[\/et_pb_text][et_pb_text text_orientation=&#8221;center&#8221; max_width_tablet=&#8221;50%&#8221; max_width_phone=&#8221;100%&#8221; max_width_last_edited=&#8221;on|phone&#8221; admin_label=&#8221;Text&#8221; module_class=&#8221;ora-box sid-bar&#8221; _builder_version=&#8221;3.0.60&#8243; saved_tabs=&#8221;all&#8221;]<\/p>\n<p class=\"\"><span style=\"font-family: Cuprum, Helvetica, Arial, Lucida, sans-serif;\"><span style=\"font-size: 24px; text-transform: uppercase;\"><b>Unidades Individuais fechadas<br \/> <a href=\"https:\/\/u-store-portugal.com\/wp-content\/uploads\/2017\/08\/unit-20-Ustore-Lagos-Algarve-Portugal-Storage-Units.jpg\"><img loading=\"lazy\" decoding=\"async\" class=\"wp-image-2059 alignnone size-full\" src=\"https:\/\/u-store-portugal.com\/wp-content\/uploads\/2017\/08\/unit-20-Ustore-Lagos-Algarve-Portugal-Storage-Units.jpg\" alt=\"\" width=\"1024\" height=\"765\" srcset=\"https:\/\/u-store-portugal.com\/wp-content\/uploads\/2017\/08\/unit-20-Ustore-Lagos-Algarve-Portugal-Storage-Units.jpg 1024w, https:\/\/u-store-portugal.com\/wp-content\/uploads\/2017\/08\/unit-20-Ustore-Lagos-Algarve-Portugal-Storage-Units-300x224.jpg 300w, https:\/\/u-store-portugal.com\/wp-content\/uploads\/2017\/08\/unit-20-Ustore-Lagos-Algarve-Portugal-Storage-Units-768x574.jpg 768w, https:\/\/u-store-portugal.com\/wp-content\/uploads\/2017\/08\/unit-20-Ustore-Lagos-Algarve-Portugal-Storage-Units-510x382.jpg 510w\" sizes=\"(max-width: 1024px) 100vw, 1024px\" \/><\/a><br \/><\/b><\/span><\/span><\/p>\n<p>[\/et_pb_text][\/et_pb_column][\/et_pb_row][\/et_pb_section]<\/p>\n","protected":false},"excerpt":{"rendered":"<p>Armazenamento em PaleteU-Store oferece-lhe a baixo custo as melhores condi\u00e7\u00f5es para armazenar seus produtos: Fornecemos uma gama abrangente de solu\u00e7\u00f5es para armazenamento de paletes a curto e longo prazo, com um alto n\u00edvel de seguran\u00e7a, tanto dentro como fora. Estamos \u00e0 disposi\u00e7\u00e3o para o aconselhar sempre que solicitar e ajud\u00e1-lo a escolher o tamanho certo [&hellip;]<\/p>\n","protected":false},"author":5,"featured_media":0,"parent":0,"menu_order":0,"comment_status":"closed","ping_status":"closed","template":"","meta":{"_seopress_robots_primary_cat":"","_seopress_titles_title":"","_seopress_titles_desc":"","_seopress_robots_index":"","_et_pb_use_builder":"on","_et_pb_old_content":"","_et_gb_content_width":"","footnotes":""},"class_list":["post-1995","page","type-page","status-publish","hentry"],"_links":{"self":[{"href":"https:\/\/u-store-portugal.com\/pt-pt\/wp-json\/wp\/v2\/pages\/1995","targetHints":{"allow":["GET"]}}],"collection":[{"href":"https:\/\/u-store-portugal.com\/pt-pt\/wp-json\/wp\/v2\/pages"}],"about":[{"href":"https:\/\/u-store-portugal.com\/pt-pt\/wp-json\/wp\/v2\/types\/page"}],"author":[{"embeddable":true,"href":"https:\/\/u-store-portugal.com\/pt-pt\/wp-json\/wp\/v2\/users\/5"}],"replies":[{"embeddable":true,"href":"https:\/\/u-store-portugal.com\/pt-pt\/wp-json\/wp\/v2\/comments?post=1995"}],"version-history":[{"count":5,"href":"https:\/\/u-store-portugal.com\/pt-pt\/wp-json\/wp\/v2\/pages\/1995\/revisions"}],"predecessor-version":[{"id":2300,"href":"https:\/\/u-store-portugal.com\/pt-pt\/wp-json\/wp\/v2\/pages\/1995\/revisions\/2300"}],"wp:attachment":[{"href":"https:\/\/u-store-portugal.com\/pt-pt\/wp-json\/wp\/v2\/media?parent=1995"}],"curies":[{"name":"wp","href":"https:\/\/api.w.org\/{rel}","templated":true}]}}