{"id":2009,"date":"2017-07-19T15:19:15","date_gmt":"2017-07-19T15:19:15","guid":{"rendered":"https:\/\/u-store-portugal.com\/para-casa-e-para-negocios\/"},"modified":"2017-09-06T12:22:57","modified_gmt":"2017-09-06T12:22:57","slug":"para-casa-e-para-negocios","status":"publish","type":"page","link":"https:\/\/u-store-portugal.com\/pt-pt\/para-casa-e-para-negocios\/","title":{"rendered":"Para casa e para neg\u00f3cios"},"content":{"rendered":"<p>[et_pb_section fb_built=&#8221;1&#8243; _builder_version=&#8221;3.0.47&#8243;][et_pb_row _builder_version=&#8221;3.0.60&#8243; background_size=&#8221;initial&#8221; background_position=&#8221;top_left&#8221; background_repeat=&#8221;repeat&#8221;][et_pb_column type=&#8221;2_3&#8243; _builder_version=&#8221;3.0.47&#8243; parallax=&#8221;off&#8221; parallax_method=&#8221;on&#8221;][et_pb_image src=&#8221;https:\/\/u-store-portugal.com\/wp-content\/uploads\/2017\/08\/unit-20-Ustore-Lagos-Algarve-Portugal-Storage-Units.jpg&#8221; animation=&#8221;fade_in&#8221; align=&#8221;center&#8221; _builder_version=&#8221;3.0.69&#8243; custom_css_main_element=&#8221;position: relative;&#8221;][\/et_pb_image][et_pb_text _builder_version=&#8221;3.0.60&#8243; custom_css_main_element=&#8221;position: absolute;||top: 0;||right:0;||bottom: 55%;||left: 0;||display: block;||text-shadow: 1px 1px 1px #ffffff;&#8221;]<\/p>\n<h1>Unidades Individuais fechadas<\/h1>\n<p>[\/et_pb_text][et_pb_text _builder_version=&#8221;3.0.60&#8243;]A U-Store oferece armazenamento dom\u00e9stico e comercial a baixo custo. Oferecemos as melhores condi\u00e7\u00f5es de armazenamento para guardar de uma forma segura os seus bens: oferecemos uma ampla gama de solu\u00e7\u00f5es de armazenamento a curto e longo prazo, bem como unidades de armazenamento maiores. Com o mais alto n\u00edvel de seguran\u00e7a, estamos sempre \u00e0 disposi\u00e7\u00e3o para o conselhar \u200b\u200be ajudar a escolher o tamanho ideal de armazenamento tal como o seu espa\u00e7o de aproveitamento.<\/p>\n<p>As nossas unidades de armazenamento individuais encontram se em um ambiente favor\u00e1vel e completamente isolado que oferece um m\u00e9todo de armazenamento protegido e seguro, mantendo todos os seus bens limpos, secos, seguros e em condi\u00e7\u00f5es impec\u00e1veis.[\/et_pb_text][\/et_pb_column][et_pb_column type=&#8221;1_3&#8243; _builder_version=&#8221;3.0.47&#8243; parallax=&#8221;off&#8221; parallax_method=&#8221;on&#8221;][et_pb_text text_orientation=&#8221;center&#8221; max_width_tablet=&#8221;50%&#8221; max_width_phone=&#8221;100%&#8221; max_width_last_edited=&#8221;on|phone&#8221; admin_label=&#8221;Text&#8221; module_class=&#8221;ora-box&#8221; _builder_version=&#8221;3.0.51&#8243; custom_padding=&#8221;||30px|&#8221; global_module=&#8221;1311&#8243; saved_tabs=&#8221;all&#8221;]<\/p>\n<h2><strong>ENTRE EM CONTATO COM U-STORE<\/strong><\/h2>\n<h2><span style=\"color: #000000; font-size: large;\"><strong>Tel:<\/strong> (00351) \/ <a style=\"color: #000000;\" title=\"Call 2 U store Lagos Portugal\" href=\"tel:00351282798490\">282 798 490<\/a><\/span><\/h2>\n<p><span style=\"color: #000000; font-size: large;\"><strong>Mobile:<\/strong> \u00a0(00351) \/ <a style=\"color: #000000;\" title=\"Call U store Lagos Portugal\" href=\"tel:00351917010365\">917 010 365<\/a><\/span><\/p>\n<p><span style=\"color: #000000; font-size: large;\"><strong>mail:<\/strong> <a style=\"color: #000000;\" title=\"Email U Store Lagos Portugal\" href=\"mailto:info@u-store-portugal.com\">info@u-store-portugal.com<\/a><\/span>[\/et_pb_text][et_pb_text text_orientation=&#8221;center&#8221; max_width_tablet=&#8221;50%&#8221; max_width_phone=&#8221;100%&#8221; max_width_last_edited=&#8221;on|tablet&#8221; admin_label=&#8221;Text&#8221; module_class=&#8221;ora-box&#8221; _builder_version=&#8221;3.0.60&#8243; global_module=&#8221;1312&#8243; saved_tabs=&#8221;all&#8221;]<\/p>\n<h2 style=\"text-align: center;\"><strong>ENCONTRE-NOS NO GOOGLE MAPS<\/strong><span style=\"color: #000000; font-size: x-large;\"><strong><a href=\"https:\/\/www.google.pt\/maps\/dir\/''\/u+store+lagos\/data=!4m5!4m4!1m0!1m2!1m1!1s0xd1b30231709c8ad:0x4165fda28d30421b?sa=X&amp;ved=0ahUKEwiFhenF8bjUAhWJhRoKHYsyAoIQ9RcIdzAM\" target=\"_blank\" rel=\"noopener\"><img loading=\"lazy\" decoding=\"async\" class=\"wp-image-268 alignnone size-medium\" src=\"https:\/\/u-store-portugal.com\/wp-content\/uploads\/2012\/02\/Self_Storage_Algarve_map_thmb1-300x228.jpg\" alt=\"\" width=\"300\" height=\"228\" srcset=\"https:\/\/u-store-portugal.com\/wp-content\/uploads\/2012\/02\/Self_Storage_Algarve_map_thmb1-300x228.jpg 300w, https:\/\/u-store-portugal.com\/wp-content\/uploads\/2012\/02\/Self_Storage_Algarve_map_thmb1.jpg 975w\" sizes=\"(max-width: 300px) 100vw, 300px\" \/><\/a><\/strong><\/span><\/h2>\n<p>&nbsp;[\/et_pb_text][et_pb_text text_orientation=&#8221;center&#8221; max_width_tablet=&#8221;50%&#8221; max_width_phone=&#8221;100%&#8221; max_width_last_edited=&#8221;on|phone&#8221; admin_label=&#8221;Text&#8221; module_class=&#8221;ora-box sid-bar&#8221; _builder_version=&#8221;3.0.60&#8243; global_module=&#8221;1313&#8243; saved_tabs=&#8221;all&#8221;]<\/p>\n<h2 style=\"text-align: center;\"><span style=\"font-size: x-large;\"><a title=\"Pallet Storage\" href=\"https:\/\/u-store-portugal.com\/pt-pt\/armazenamento-em-palete-2\/\"><span style=\"color: #000000;\"><strong>Palette Storage<\/strong><\/span><\/a><\/span><\/h2>\n<p style=\"text-align: center;\"><a title=\"Pallet Storage\" href=\"https:\/\/u-store-portugal.com\/pt-pt\/armazenamento-em-palete-2\/\"><img loading=\"lazy\" decoding=\"async\" class=\"wp-image-1863 alignnone size-medium\" src=\"https:\/\/u-store-portugal.com\/wp-content\/uploads\/2017\/06\/Self_Storage_Algarve_Pallet_Storaget1-300x225.jpg\" alt=\"\" width=\"300\" height=\"225\" srcset=\"https:\/\/u-store-portugal.com\/wp-content\/uploads\/2017\/06\/Self_Storage_Algarve_Pallet_Storaget1-300x225.jpg 300w, https:\/\/u-store-portugal.com\/wp-content\/uploads\/2017\/06\/Self_Storage_Algarve_Pallet_Storaget1-768x576.jpg 768w, https:\/\/u-store-portugal.com\/wp-content\/uploads\/2017\/06\/Self_Storage_Algarve_Pallet_Storaget1-510x382.jpg 510w, https:\/\/u-store-portugal.com\/wp-content\/uploads\/2017\/06\/Self_Storage_Algarve_Pallet_Storaget1.jpg 800w\" sizes=\"(max-width: 300px) 100vw, 300px\" \/><\/a><\/p>\n<p>[\/et_pb_text][\/et_pb_column][\/et_pb_row][\/et_pb_section]<\/p>\n","protected":false},"excerpt":{"rendered":"<p>Unidades Individuais fechadasA U-Store oferece armazenamento dom\u00e9stico e comercial a baixo custo. Oferecemos as melhores condi\u00e7\u00f5es de armazenamento para guardar de uma forma segura os seus bens: oferecemos uma ampla gama de solu\u00e7\u00f5es de armazenamento a curto e longo prazo, bem como unidades de armazenamento maiores. Com o mais alto n\u00edvel de seguran\u00e7a, estamos sempre [&hellip;]<\/p>\n","protected":false},"author":5,"featured_media":0,"parent":0,"menu_order":0,"comment_status":"closed","ping_status":"closed","template":"","meta":{"_seopress_robots_primary_cat":"","_seopress_titles_title":"","_seopress_titles_desc":"","_seopress_robots_index":"","_et_pb_use_builder":"on","_et_pb_old_content":"","_et_gb_content_width":"","footnotes":""},"class_list":["post-2009","page","type-page","status-publish","hentry"],"_links":{"self":[{"href":"https:\/\/u-store-portugal.com\/pt-pt\/wp-json\/wp\/v2\/pages\/2009","targetHints":{"allow":["GET"]}}],"collection":[{"href":"https:\/\/u-store-portugal.com\/pt-pt\/wp-json\/wp\/v2\/pages"}],"about":[{"href":"https:\/\/u-store-portugal.com\/pt-pt\/wp-json\/wp\/v2\/types\/page"}],"author":[{"embeddable":true,"href":"https:\/\/u-store-portugal.com\/pt-pt\/wp-json\/wp\/v2\/users\/5"}],"replies":[{"embeddable":true,"href":"https:\/\/u-store-portugal.com\/pt-pt\/wp-json\/wp\/v2\/comments?post=2009"}],"version-history":[{"count":5,"href":"https:\/\/u-store-portugal.com\/pt-pt\/wp-json\/wp\/v2\/pages\/2009\/revisions"}],"predecessor-version":[{"id":2443,"href":"https:\/\/u-store-portugal.com\/pt-pt\/wp-json\/wp\/v2\/pages\/2009\/revisions\/2443"}],"wp:attachment":[{"href":"https:\/\/u-store-portugal.com\/pt-pt\/wp-json\/wp\/v2\/media?parent=2009"}],"curies":[{"name":"wp","href":"https:\/\/api.w.org\/{rel}","templated":true}]}}